{"id":6615,"date":"2023-07-31T10:15:25","date_gmt":"2023-07-31T10:15:25","guid":{"rendered":"https:\/\/www.albathyment.com.pl\/AlbaThyment\/?post_type=product&#038;p=6615"},"modified":"2023-07-31T11:19:03","modified_gmt":"2023-07-31T11:19:03","slug":"manukan-cynamonowy-pastylki-na-gardlo-16-szt","status":"publish","type":"product","link":"https:\/\/www.albathyment.com.pl\/AlbaThyment\/produkt\/manukan-cynamonowy-pastylki-na-gardlo-16-szt\/","title":{"rendered":"MANUKAN CYNAMONOWY PASTYLKI NA GARD\u0141O 16 szt."},"content":{"rendered":"<p><strong>MANUKAN\u00ae<\/strong> to pastylki zio\u0142owe, zawieraj\u0105ce nowozelandzki mi\u00f3d Manuka oraz mieszanin\u0119 olejk\u00f3w eterycznych wchodz\u0105cych w sk\u0142ad receptury s\u0142ynnej Esencji Karmelita\u0144skiej, preparatu zio\u0142owego stosowanego od 1611 r.<\/p>\n<p>Opakowanie:\u00a016 pastylek<br \/>\n<strong><br \/>\nSk\u0142ad:\u00a0<\/strong>cukier bia\u0142y, syrop glukozowy, mi\u00f3d: Manuka (280 mg)*, pszczeli (200 mg)*, barwnik: karmel naturalny, regulator kwasowo\u015bci: kwas cytrynowy, witamina C (L-askorbinian sodu), olejki eteryczne z mi\u0119ty pieprzowej (4,60 mg)*, go\u017adzika (9,16 mg)*, kolendry (2,92 mg)*, tymianku (2,92 mg)*, melisy lekarskiej (4,16 mg)*, cytryny (3,60 mg)*, cynamonu (3,44 mg)*, mentol (12 mg)*.<\/p>\n<p>* przy zalecanym dziennym spo\u017cyciu 4 pastylek<\/p>\n","protected":false},"excerpt":{"rendered":"<p>MANUKAN\u00ae to pastylki zio\u0142owe, zawieraj\u0105ce nowozelandzki mi\u00f3d Manuka oraz mieszanin\u0119 olejk\u00f3w eterycznych wchodz\u0105cych w sk\u0142ad receptury s\u0142ynnej Esencji Karmelita\u0144skiej, preparatu zio\u0142owego stosowanego od 1611 r. Opakowanie:\u00a016 pastylek Sk\u0142ad:\u00a0cukier bia\u0142y, syrop glukozowy, mi\u00f3d: Manuka (280 mg)*, pszczeli (200 mg)*, barwnik: karmel naturalny, regulator kwasowo\u015bci: kwas cytrynowy, witamina C (L-askorbinian sodu), olejki eteryczne z mi\u0119ty pieprzowej (4,60 [&hellip;]<\/p>\n","protected":false},"featured_media":1172,"comment_status":"closed","ping_status":"closed","template":"","meta":[],"yoast_head":"<!-- This site is optimized with the Yoast SEO plugin v20.7 - https:\/\/yoast.com\/wordpress\/plugins\/seo\/ -->\n<title>MANUKAN CYNAMONOWY PASTYLKI NA GARD\u0141O 16 szt. - Alba Thyment Sp. zo.o.<\/title>\n<meta name=\"robots\" content=\"index, follow, max-snippet:-1, max-image-preview:large, max-video-preview:-1\" \/>\n<link rel=\"canonical\" href=\"https:\/\/www.albathyment.com.pl\/AlbaThyment\/produkt\/manukan-cynamonowy-pastylki-na-gardlo-16-szt\/\" \/>\n<meta property=\"og:locale\" content=\"pl_PL\" \/>\n<meta property=\"og:type\" content=\"article\" \/>\n<meta property=\"og:title\" content=\"MANUKAN CYNAMONOWY PASTYLKI NA GARD\u0141O 16 szt. - Alba Thyment Sp. zo.o.\" \/>\n<meta property=\"og:description\" content=\"MANUKAN\u00ae to pastylki zio\u0142owe, zawieraj\u0105ce nowozelandzki mi\u00f3d Manuka oraz mieszanin\u0119 olejk\u00f3w eterycznych wchodz\u0105cych w sk\u0142ad receptury s\u0142ynnej Esencji Karmelita\u0144skiej, preparatu zio\u0142owego stosowanego od 1611 r. Opakowanie:\u00a016 pastylek Sk\u0142ad:\u00a0cukier bia\u0142y, syrop glukozowy, mi\u00f3d: Manuka (280 mg)*, pszczeli (200 mg)*, barwnik: karmel naturalny, regulator kwasowo\u015bci: kwas cytrynowy, witamina C (L-askorbinian sodu), olejki eteryczne z mi\u0119ty pieprzowej (4,60 [&hellip;]\" \/>\n<meta property=\"og:url\" content=\"https:\/\/www.albathyment.com.pl\/AlbaThyment\/produkt\/manukan-cynamonowy-pastylki-na-gardlo-16-szt\/\" \/>\n<meta property=\"og:site_name\" content=\"Alba Thyment Sp. zo.o.\" \/>\n<meta property=\"article:publisher\" content=\"https:\/\/www.facebook.com\/essenzabalsamica\/?fref=ts\" \/>\n<meta property=\"article:modified_time\" content=\"2023-07-31T11:19:03+00:00\" \/>\n<meta property=\"og:image\" content=\"https:\/\/www.albathyment.com.pl\/AlbaThyment\/wp-content\/uploads\/2016\/02\/Manukan-Cynamonowy-Shop.png\" \/>\n\t<meta property=\"og:image:width\" content=\"360\" \/>\n\t<meta property=\"og:image:height\" content=\"411\" \/>\n\t<meta property=\"og:image:type\" content=\"image\/png\" \/>\n<meta name=\"twitter:card\" content=\"summary_large_image\" \/>\n<meta name=\"twitter:label1\" content=\"Szacowany czas czytania\" \/>\n\t<meta name=\"twitter:data1\" content=\"1 minuta\" \/>\n<script type=\"application\/ld+json\" class=\"yoast-schema-graph\">{\"@context\":\"https:\/\/schema.org\",\"@graph\":[{\"@type\":\"WebPage\",\"@id\":\"https:\/\/www.albathyment.com.pl\/AlbaThyment\/produkt\/manukan-cynamonowy-pastylki-na-gardlo-16-szt\/\",\"url\":\"https:\/\/www.albathyment.com.pl\/AlbaThyment\/produkt\/manukan-cynamonowy-pastylki-na-gardlo-16-szt\/\",\"name\":\"MANUKAN CYNAMONOWY PASTYLKI NA GARD\u0141O 16 szt. - Alba Thyment Sp. zo.o.\",\"isPartOf\":{\"@id\":\"https:\/\/www.albathyment.com.pl\/AlbaThyment\/#website\"},\"datePublished\":\"2023-07-31T10:15:25+00:00\",\"dateModified\":\"2023-07-31T11:19:03+00:00\",\"breadcrumb\":{\"@id\":\"https:\/\/www.albathyment.com.pl\/AlbaThyment\/produkt\/manukan-cynamonowy-pastylki-na-gardlo-16-szt\/#breadcrumb\"},\"inLanguage\":\"pl-PL\",\"potentialAction\":[{\"@type\":\"ReadAction\",\"target\":[\"https:\/\/www.albathyment.com.pl\/AlbaThyment\/produkt\/manukan-cynamonowy-pastylki-na-gardlo-16-szt\/\"]}]},{\"@type\":\"BreadcrumbList\",\"@id\":\"https:\/\/www.albathyment.com.pl\/AlbaThyment\/produkt\/manukan-cynamonowy-pastylki-na-gardlo-16-szt\/#breadcrumb\",\"itemListElement\":[{\"@type\":\"ListItem\",\"position\":1,\"name\":\"Home\",\"item\":\"https:\/\/www.albathyment.com.pl\/AlbaThyment\/\"},{\"@type\":\"ListItem\",\"position\":2,\"name\":\"Sklep\",\"item\":\"https:\/\/www.albathyment.com.pl\/AlbaThyment\/shop\/\"},{\"@type\":\"ListItem\",\"position\":3,\"name\":\"MANUKAN CYNAMONOWY PASTYLKI NA GARD\u0141O 16 szt.\"}]},{\"@type\":\"WebSite\",\"@id\":\"https:\/\/www.albathyment.com.pl\/AlbaThyment\/#website\",\"url\":\"https:\/\/www.albathyment.com.pl\/AlbaThyment\/\",\"name\":\"Alba Thyment Sp. zo.o.\",\"description\":\"manufactory of healthy cosmetics and natural pharmaceuticals\",\"potentialAction\":[{\"@type\":\"SearchAction\",\"target\":{\"@type\":\"EntryPoint\",\"urlTemplate\":\"https:\/\/www.albathyment.com.pl\/AlbaThyment\/?s={search_term_string}\"},\"query-input\":\"required name=search_term_string\"}],\"inLanguage\":\"pl-PL\"}]}<\/script>\n<!-- \/ Yoast SEO plugin. -->","yoast_head_json":{"title":"MANUKAN CYNAMONOWY PASTYLKI NA GARD\u0141O 16 szt. - Alba Thyment Sp. zo.o.","robots":{"index":"index","follow":"follow","max-snippet":"max-snippet:-1","max-image-preview":"max-image-preview:large","max-video-preview":"max-video-preview:-1"},"canonical":"https:\/\/www.albathyment.com.pl\/AlbaThyment\/produkt\/manukan-cynamonowy-pastylki-na-gardlo-16-szt\/","og_locale":"pl_PL","og_type":"article","og_title":"MANUKAN CYNAMONOWY PASTYLKI NA GARD\u0141O 16 szt. - Alba Thyment Sp. zo.o.","og_description":"MANUKAN\u00ae to pastylki zio\u0142owe, zawieraj\u0105ce nowozelandzki mi\u00f3d Manuka oraz mieszanin\u0119 olejk\u00f3w eterycznych wchodz\u0105cych w sk\u0142ad receptury s\u0142ynnej Esencji Karmelita\u0144skiej, preparatu zio\u0142owego stosowanego od 1611 r. Opakowanie:\u00a016 pastylek Sk\u0142ad:\u00a0cukier bia\u0142y, syrop glukozowy, mi\u00f3d: Manuka (280 mg)*, pszczeli (200 mg)*, barwnik: karmel naturalny, regulator kwasowo\u015bci: kwas cytrynowy, witamina C (L-askorbinian sodu), olejki eteryczne z mi\u0119ty pieprzowej (4,60 [&hellip;]","og_url":"https:\/\/www.albathyment.com.pl\/AlbaThyment\/produkt\/manukan-cynamonowy-pastylki-na-gardlo-16-szt\/","og_site_name":"Alba Thyment Sp. zo.o.","article_publisher":"https:\/\/www.facebook.com\/essenzabalsamica\/?fref=ts","article_modified_time":"2023-07-31T11:19:03+00:00","og_image":[{"width":360,"height":411,"url":"https:\/\/www.albathyment.com.pl\/AlbaThyment\/wp-content\/uploads\/2016\/02\/Manukan-Cynamonowy-Shop.png","type":"image\/png"}],"twitter_card":"summary_large_image","twitter_misc":{"Szacowany czas czytania":"1 minuta"},"schema":{"@context":"https:\/\/schema.org","@graph":[{"@type":"WebPage","@id":"https:\/\/www.albathyment.com.pl\/AlbaThyment\/produkt\/manukan-cynamonowy-pastylki-na-gardlo-16-szt\/","url":"https:\/\/www.albathyment.com.pl\/AlbaThyment\/produkt\/manukan-cynamonowy-pastylki-na-gardlo-16-szt\/","name":"MANUKAN CYNAMONOWY PASTYLKI NA GARD\u0141O 16 szt. - Alba Thyment Sp. zo.o.","isPartOf":{"@id":"https:\/\/www.albathyment.com.pl\/AlbaThyment\/#website"},"datePublished":"2023-07-31T10:15:25+00:00","dateModified":"2023-07-31T11:19:03+00:00","breadcrumb":{"@id":"https:\/\/www.albathyment.com.pl\/AlbaThyment\/produkt\/manukan-cynamonowy-pastylki-na-gardlo-16-szt\/#breadcrumb"},"inLanguage":"pl-PL","potentialAction":[{"@type":"ReadAction","target":["https:\/\/www.albathyment.com.pl\/AlbaThyment\/produkt\/manukan-cynamonowy-pastylki-na-gardlo-16-szt\/"]}]},{"@type":"BreadcrumbList","@id":"https:\/\/www.albathyment.com.pl\/AlbaThyment\/produkt\/manukan-cynamonowy-pastylki-na-gardlo-16-szt\/#breadcrumb","itemListElement":[{"@type":"ListItem","position":1,"name":"Home","item":"https:\/\/www.albathyment.com.pl\/AlbaThyment\/"},{"@type":"ListItem","position":2,"name":"Sklep","item":"https:\/\/www.albathyment.com.pl\/AlbaThyment\/shop\/"},{"@type":"ListItem","position":3,"name":"MANUKAN CYNAMONOWY PASTYLKI NA GARD\u0141O 16 szt."}]},{"@type":"WebSite","@id":"https:\/\/www.albathyment.com.pl\/AlbaThyment\/#website","url":"https:\/\/www.albathyment.com.pl\/AlbaThyment\/","name":"Alba Thyment Sp. zo.o.","description":"manufactory of healthy cosmetics and natural pharmaceuticals","potentialAction":[{"@type":"SearchAction","target":{"@type":"EntryPoint","urlTemplate":"https:\/\/www.albathyment.com.pl\/AlbaThyment\/?s={search_term_string}"},"query-input":"required name=search_term_string"}],"inLanguage":"pl-PL"}]}},"_links":{"self":[{"href":"https:\/\/www.albathyment.com.pl\/AlbaThyment\/wp-json\/wp\/v2\/product\/6615"}],"collection":[{"href":"https:\/\/www.albathyment.com.pl\/AlbaThyment\/wp-json\/wp\/v2\/product"}],"about":[{"href":"https:\/\/www.albathyment.com.pl\/AlbaThyment\/wp-json\/wp\/v2\/types\/product"}],"replies":[{"embeddable":true,"href":"https:\/\/www.albathyment.com.pl\/AlbaThyment\/wp-json\/wp\/v2\/comments?post=6615"}],"wp:featuredmedia":[{"embeddable":true,"href":"https:\/\/www.albathyment.com.pl\/AlbaThyment\/wp-json\/wp\/v2\/media\/1172"}],"wp:attachment":[{"href":"https:\/\/www.albathyment.com.pl\/AlbaThyment\/wp-json\/wp\/v2\/media?parent=6615"}],"curies":[{"name":"wp","href":"https:\/\/api.w.org\/{rel}","templated":true}]}}