{"id":6520,"date":"2023-03-09T09:15:14","date_gmt":"2023-03-09T09:15:14","guid":{"rendered":"https:\/\/www.albathyment.com.pl\/AlbaThyment\/?post_type=product&#038;p=6520"},"modified":"2026-01-29T13:19:46","modified_gmt":"2026-01-29T13:19:46","slug":"argol-lip-balm","status":"publish","type":"product","link":"https:\/\/www.albathyment.com.pl\/AlbaThyment\/produkt\/argol-lip-balm\/","title":{"rendered":"ARGOL Lip Balm"},"content":{"rendered":"<p><em>Zio<\/em><em>\u0142owy balsam do ust <strong>ARGOL Lip Balm<\/strong> z bogat\u0105 kompozycj\u0105 olejk<\/em><em>\u00f3<\/em><em>w eterycznych zapewnia ochron\u0119 i nawil\u017cenie wra\u017cliwej powierzchni ust. Zio\u0142owa receptura z wiod\u0105cym olejkiem drzewa herbacianego dzia\u0142a koj\u0105co i pomaga wr<\/em><em>\u00f3<\/em><em>ci\u0107 sk<\/em><em>\u00f3<\/em><em>rze do prawid\u0142owego stanu. Balsam nie zmienia koloru warg, nadaje im delikatny po\u0142ysk. Regularne stosowanie zmniejsza ryzyko wyst\u0105pienia podra\u017cnie\u0144 (sw\u0119dzenia, pieczenia, spierzchni\u0119cia), sucho\u015bci warg oraz zwi\u0105zanego z nimi dyskomfortu. <\/em><\/p>\n<p><em>\u00a0<\/em>Tradycyjna receptura rodziny Rychlickich zawiera olejki eteryczne: drzewa herbacianego, melisy lekarskiej, eukaliptusa, geranium bourbon, go\u017adzikowca wonnego, cytryny zwyczajnej i mi\u0119ty pieprzowej.<\/p>\n<p><strong>Opis u\u017cycia zewn\u0119trznego:<\/strong> Smarowa\u0107 na wargach cienk\u0105 warstw\u0105. Poleca si\u0119 stosowa\u0107 zapobiegliwie, regularnie, dostosowuj\u0105c cz\u0119stotliwo\u015b\u0107 do indywidualnych potrzeb.<\/p>\n<p><em>\u00a0<\/em>Baczno\u015b\u0107! S\u0142oiczek zawsze mocno zakr\u0119ca\u0107. Trzyma\u0107 w miejscach nieprzegrzanych (max. 25\u00b0C \/ 77\u00b0F), nie nosi\u0107 w kieszeni spodni. Przechowa\u0107 z dala od dzieci. Przed u\u017cywaniem ulotk\u0119 przeczyta\u0107.<\/p>\n<p>99,98% sk\u0142adnik\u00f3w pochodzenia naturalnego<br \/>\n100% produkt wega\u0144ski<\/p>\n<p><span dir=\"ltr\" role=\"presentation\"><strong>INGREDIENTS:<\/strong> Hydrogenated Soybean Oil, Sesamum Indicum Seed Oil, <\/span><span dir=\"ltr\" role=\"presentation\">Hydrogenated Soy Polyglycerides, Stearyl Alcohol, Melaleuca Alternifolia Leaf Oil, <\/span><span dir=\"ltr\" role=\"presentation\">C15-23 Alkane, Melissa Officinalis Leaf Oil, Eucalyptus Globulus Leaf Oil, <\/span><span dir=\"ltr\" role=\"presentation\">Pelargonium Graveolens Oil, Menthol,<br \/>\nEugenia Caryophyllus Flower Oil, Citrus <\/span><span dir=\"ltr\" role=\"presentation\">Limon Peel Oil, Mentha Piperita Oil, Tocopherol, Isoeugenol, Eugenol, Linalool, <\/span><span dir=\"ltr\" role=\"presentation\">Limonene, Geraniol, Citronellol, Citral<\/span><\/p>\n","protected":false},"excerpt":{"rendered":"<p><strong>ARGOL Lip Balm<\/strong> zio\u0142owy balsam do ust z drzewem herbacianym.<\/p>\n<p><strong>Opakowanie:<\/strong><br \/>\nS\u0142oiczek aluminiowy o zawarto\u015bci 10 g w kartoniku.<\/p>\n","protected":false},"featured_media":6522,"comment_status":"closed","ping_status":"closed","template":"","meta":[],"yoast_head":"<!-- This site is optimized with the Yoast SEO plugin v20.7 - https:\/\/yoast.com\/wordpress\/plugins\/seo\/ -->\n<title>ARGOL Lip Balm - Alba Thyment Sp. zo.o.<\/title>\n<meta name=\"robots\" content=\"index, follow, max-snippet:-1, max-image-preview:large, max-video-preview:-1\" \/>\n<link rel=\"canonical\" href=\"https:\/\/www.albathyment.com.pl\/AlbaThyment\/produkt\/argol-lip-balm\/\" \/>\n<meta property=\"og:locale\" content=\"pl_PL\" \/>\n<meta property=\"og:type\" content=\"article\" \/>\n<meta property=\"og:title\" content=\"ARGOL Lip Balm - Alba Thyment Sp. zo.o.\" \/>\n<meta property=\"og:description\" content=\"ARGOL Lip Balm zio\u0142owy balsam do ust z drzewem herbacianym.  Opakowanie: S\u0142oiczek aluminiowy o zawarto\u015bci 10 g w kartoniku.\" \/>\n<meta property=\"og:url\" content=\"https:\/\/www.albathyment.com.pl\/AlbaThyment\/produkt\/argol-lip-balm\/\" \/>\n<meta property=\"og:site_name\" content=\"Alba Thyment Sp. zo.o.\" \/>\n<meta property=\"article:publisher\" content=\"https:\/\/www.facebook.com\/essenzabalsamica\/?fref=ts\" \/>\n<meta property=\"article:modified_time\" content=\"2026-01-29T13:19:46+00:00\" \/>\n<meta property=\"og:image\" content=\"https:\/\/www.albathyment.com.pl\/AlbaThyment\/wp-content\/uploads\/2023\/03\/Lip_Balm_sloiczek_open.jpg\" \/>\n\t<meta property=\"og:image:width\" content=\"1100\" \/>\n\t<meta property=\"og:image:height\" content=\"1400\" \/>\n\t<meta property=\"og:image:type\" content=\"image\/jpeg\" \/>\n<meta name=\"twitter:card\" content=\"summary_large_image\" \/>\n<meta name=\"twitter:label1\" content=\"Szacowany czas czytania\" \/>\n\t<meta name=\"twitter:data1\" content=\"1 minuta\" \/>\n<script type=\"application\/ld+json\" class=\"yoast-schema-graph\">{\"@context\":\"https:\/\/schema.org\",\"@graph\":[{\"@type\":\"WebPage\",\"@id\":\"https:\/\/www.albathyment.com.pl\/AlbaThyment\/produkt\/argol-lip-balm\/\",\"url\":\"https:\/\/www.albathyment.com.pl\/AlbaThyment\/produkt\/argol-lip-balm\/\",\"name\":\"ARGOL Lip Balm - Alba Thyment Sp. zo.o.\",\"isPartOf\":{\"@id\":\"https:\/\/www.albathyment.com.pl\/AlbaThyment\/#website\"},\"datePublished\":\"2023-03-09T09:15:14+00:00\",\"dateModified\":\"2026-01-29T13:19:46+00:00\",\"breadcrumb\":{\"@id\":\"https:\/\/www.albathyment.com.pl\/AlbaThyment\/produkt\/argol-lip-balm\/#breadcrumb\"},\"inLanguage\":\"pl-PL\",\"potentialAction\":[{\"@type\":\"ReadAction\",\"target\":[\"https:\/\/www.albathyment.com.pl\/AlbaThyment\/produkt\/argol-lip-balm\/\"]}]},{\"@type\":\"BreadcrumbList\",\"@id\":\"https:\/\/www.albathyment.com.pl\/AlbaThyment\/produkt\/argol-lip-balm\/#breadcrumb\",\"itemListElement\":[{\"@type\":\"ListItem\",\"position\":1,\"name\":\"Home\",\"item\":\"https:\/\/www.albathyment.com.pl\/AlbaThyment\/\"},{\"@type\":\"ListItem\",\"position\":2,\"name\":\"Sklep\",\"item\":\"https:\/\/www.albathyment.com.pl\/AlbaThyment\/shop\/\"},{\"@type\":\"ListItem\",\"position\":3,\"name\":\"ARGOL Lip Balm\"}]},{\"@type\":\"WebSite\",\"@id\":\"https:\/\/www.albathyment.com.pl\/AlbaThyment\/#website\",\"url\":\"https:\/\/www.albathyment.com.pl\/AlbaThyment\/\",\"name\":\"Alba Thyment Sp. zo.o.\",\"description\":\"manufactory of healthy cosmetics and natural pharmaceuticals\",\"potentialAction\":[{\"@type\":\"SearchAction\",\"target\":{\"@type\":\"EntryPoint\",\"urlTemplate\":\"https:\/\/www.albathyment.com.pl\/AlbaThyment\/?s={search_term_string}\"},\"query-input\":\"required name=search_term_string\"}],\"inLanguage\":\"pl-PL\"}]}<\/script>\n<!-- \/ Yoast SEO plugin. -->","yoast_head_json":{"title":"ARGOL Lip Balm - Alba Thyment Sp. zo.o.","robots":{"index":"index","follow":"follow","max-snippet":"max-snippet:-1","max-image-preview":"max-image-preview:large","max-video-preview":"max-video-preview:-1"},"canonical":"https:\/\/www.albathyment.com.pl\/AlbaThyment\/produkt\/argol-lip-balm\/","og_locale":"pl_PL","og_type":"article","og_title":"ARGOL Lip Balm - Alba Thyment Sp. zo.o.","og_description":"ARGOL Lip Balm zio\u0142owy balsam do ust z drzewem herbacianym.  Opakowanie: S\u0142oiczek aluminiowy o zawarto\u015bci 10 g w kartoniku.","og_url":"https:\/\/www.albathyment.com.pl\/AlbaThyment\/produkt\/argol-lip-balm\/","og_site_name":"Alba Thyment Sp. zo.o.","article_publisher":"https:\/\/www.facebook.com\/essenzabalsamica\/?fref=ts","article_modified_time":"2026-01-29T13:19:46+00:00","og_image":[{"width":1100,"height":1400,"url":"https:\/\/www.albathyment.com.pl\/AlbaThyment\/wp-content\/uploads\/2023\/03\/Lip_Balm_sloiczek_open.jpg","type":"image\/jpeg"}],"twitter_card":"summary_large_image","twitter_misc":{"Szacowany czas czytania":"1 minuta"},"schema":{"@context":"https:\/\/schema.org","@graph":[{"@type":"WebPage","@id":"https:\/\/www.albathyment.com.pl\/AlbaThyment\/produkt\/argol-lip-balm\/","url":"https:\/\/www.albathyment.com.pl\/AlbaThyment\/produkt\/argol-lip-balm\/","name":"ARGOL Lip Balm - Alba Thyment Sp. zo.o.","isPartOf":{"@id":"https:\/\/www.albathyment.com.pl\/AlbaThyment\/#website"},"datePublished":"2023-03-09T09:15:14+00:00","dateModified":"2026-01-29T13:19:46+00:00","breadcrumb":{"@id":"https:\/\/www.albathyment.com.pl\/AlbaThyment\/produkt\/argol-lip-balm\/#breadcrumb"},"inLanguage":"pl-PL","potentialAction":[{"@type":"ReadAction","target":["https:\/\/www.albathyment.com.pl\/AlbaThyment\/produkt\/argol-lip-balm\/"]}]},{"@type":"BreadcrumbList","@id":"https:\/\/www.albathyment.com.pl\/AlbaThyment\/produkt\/argol-lip-balm\/#breadcrumb","itemListElement":[{"@type":"ListItem","position":1,"name":"Home","item":"https:\/\/www.albathyment.com.pl\/AlbaThyment\/"},{"@type":"ListItem","position":2,"name":"Sklep","item":"https:\/\/www.albathyment.com.pl\/AlbaThyment\/shop\/"},{"@type":"ListItem","position":3,"name":"ARGOL Lip Balm"}]},{"@type":"WebSite","@id":"https:\/\/www.albathyment.com.pl\/AlbaThyment\/#website","url":"https:\/\/www.albathyment.com.pl\/AlbaThyment\/","name":"Alba Thyment Sp. zo.o.","description":"manufactory of healthy cosmetics and natural pharmaceuticals","potentialAction":[{"@type":"SearchAction","target":{"@type":"EntryPoint","urlTemplate":"https:\/\/www.albathyment.com.pl\/AlbaThyment\/?s={search_term_string}"},"query-input":"required name=search_term_string"}],"inLanguage":"pl-PL"}]}},"_links":{"self":[{"href":"https:\/\/www.albathyment.com.pl\/AlbaThyment\/wp-json\/wp\/v2\/product\/6520"}],"collection":[{"href":"https:\/\/www.albathyment.com.pl\/AlbaThyment\/wp-json\/wp\/v2\/product"}],"about":[{"href":"https:\/\/www.albathyment.com.pl\/AlbaThyment\/wp-json\/wp\/v2\/types\/product"}],"replies":[{"embeddable":true,"href":"https:\/\/www.albathyment.com.pl\/AlbaThyment\/wp-json\/wp\/v2\/comments?post=6520"}],"wp:featuredmedia":[{"embeddable":true,"href":"https:\/\/www.albathyment.com.pl\/AlbaThyment\/wp-json\/wp\/v2\/media\/6522"}],"wp:attachment":[{"href":"https:\/\/www.albathyment.com.pl\/AlbaThyment\/wp-json\/wp\/v2\/media?parent=6520"}],"curies":[{"name":"wp","href":"https:\/\/api.w.org\/{rel}","templated":true}]}}