{"id":6516,"date":"2023-03-09T09:10:14","date_gmt":"2023-03-09T09:10:14","guid":{"rendered":"https:\/\/www.albathyment.com.pl\/AlbaThyment\/?post_type=product&#038;p=6516"},"modified":"2026-01-29T13:19:38","modified_gmt":"2026-01-29T13:19:38","slug":"argol-chest-rub","status":"publish","type":"product","link":"https:\/\/www.albathyment.com.pl\/AlbaThyment\/produkt\/argol-chest-rub\/","title":{"rendered":"ARGOL Chest Rub"},"content":{"rendered":"<p><em><strong>ARGOL Chest Rub<\/strong> jest znakomitym \u015brodkiem domowym sprawdzonym w niesieniu uczucia ulgi i dodawaniu rze\u015bko\u015bci. Przy masa\u017cu klatki piersiowej i plec<\/em><em>\u00f3<\/em><em>w \u0142agodnie rozgrzewa, pobudza do dzia\u0142ania, \u015bwie\u017co\u015b\u0107 i energiczno\u015b\u0107 przywraca. Przez wzgl\u0105d<\/em><em> na wonne w<\/em><em>\u0142a\u015bciwo\u015b<\/em><em>ci <\/em><em>olejk<\/em><em>\u00f3<\/em><em>w naturalnych daje wra\u017cenie lekkiego oddechu. Wypr<\/em><em>\u00f3<\/em><em>bowany jako wspomo\u017cenie w stanach spadku witalno\u015bci, szczeg<\/em><em>\u00f3<\/em><em>lnie przy przesileniach wszelakich i w porze zimowej. Idealny tak\u017ce dla nacierania zmarzni\u0119tych ko\u0144czyn.<\/em><\/p>\n<p><em>\u00a0<\/em>\u0179r\u00f3d\u0142em dobroczynnych w\u0142a\u015bciwo\u015bci preparatu s\u0105 olejki eteryczne wy\u0142\u0105cznie naturalnego pochodzenia.<\/p>\n<p>Tradycyjna receptura rodziny Rychlickich zawiera olejki eteryczne: melisy lekarskiej, cynamonowca chi\u0144skiego (Cassia), go\u017adzikowca wonnego, muszkato\u0142owca korzennego, tymianku pospolitego, cytryny zwyczajnej, kolendry siewnej, mi\u0119ty pieprzowej, eukaliptusa ga\u0142kowego, niaouli.<\/p>\n<p><strong>Opis u\u017cycia zewn\u0119trznego:<\/strong> Dwa do trzy razy dziennie rozsmarowuje si\u0119 niewielk\u0105 ilo\u015b\u0107 w miejscu przeznaczenia, a potem energicznie wciera i oklepuje. Po stosownym wmasowaniu okrywa si\u0119 ciep\u0142\u0105 tkanin\u0105 i cierpliwie czeka poprawy. \u0141agodne uczucie rozgrzania zjawia si\u0119 po kilku minutach, ustaje po 1-2 godzinach. Po\u017c\u0105dany skutek objawia si\u0119 stopniowo.<\/p>\n<p>Baczno\u015b\u0107! S\u0142oiczek zawsze szczelnie zamkn\u0105\u0107. Trzyma\u0107 w miejscach nieprzegrzanych (max. 25\u00b0C \/ 77\u00b0F) z dala od ma\u0142ych dzieci. Przed u\u017cywaniem ulotk\u0119 z wn\u0119trza kartonu przeczyta\u0107.<\/p>\n<p>96,38% sk\u0142adnik\u00f3w pochodzenia naturalnego<br \/>\n100% produkt wega\u0144ski<\/p>\n<p><span dir=\"ltr\" role=\"presentation\"><strong>INGREDIENTS:<\/strong> Hydrogenated Soybean Oil, Sesamum Indicum Seed Oil, <\/span><span dir=\"ltr\" role=\"presentation\">Hydrogenated Soy Polyglycerides, Stearyl Alcohol, Camphor, Menthol, Eucalyptus <\/span><span dir=\"ltr\" role=\"presentation\">Globulus Leaf Oil, C15-23 Alkane, <\/span><span dir=\"ltr\" role=\"presentation\">Melaleuca Viridiflora Leaf Oil, <\/span><span dir=\"ltr\" role=\"presentation\">Citrus Limon Peel <\/span><span dir=\"ltr\" role=\"presentation\">Oil, Eugenia Caryophyllus Flower Oil, Thymus Vulgaris Flower\/Leaf Oil, Mentha <\/span><span dir=\"ltr\" role=\"presentation\">Piperita Oil, Myristica Fragrans Kernel Oil, Melissa Officinalis Leaf Oil,<br \/>\nCinnamomum <\/span><span dir=\"ltr\" role=\"presentation\">Cassia Leaf Oil, Coriandrum Sativum Fruit Oil, Tocopherol, Cinnamal, Linalool, <\/span><span dir=\"ltr\" role=\"presentation\">Limonene, Geraniol, Farnesol, Eugenol, Isoeugenol, Citronellol, Citral, Coumarin<\/span><\/p>\n","protected":false},"excerpt":{"rendered":"<p><strong>ARGOL Chest Rub<\/strong> aromaterapeutyczny balsam do klatki piersiowej.<br \/>\nOrze\u017awiaj\u0105ca zio\u0142owa wcierka karmelita\u0144ska.<br \/>\n<em>Na podstawie prawdziwej Esencji Karmelita\u0144skie. <\/em><\/p>\n<p><strong>Opakowanie:<\/strong><br \/>\nS\u0142oiczek aluminiowy o zawarto\u015bci 50 g w kartoniku.<\/p>\n","protected":false},"featured_media":6517,"comment_status":"closed","ping_status":"closed","template":"","meta":[],"yoast_head":"<!-- This site is optimized with the Yoast SEO plugin v20.7 - https:\/\/yoast.com\/wordpress\/plugins\/seo\/ -->\n<title>ARGOL Chest Rub - Alba Thyment Sp. zo.o.<\/title>\n<meta name=\"robots\" content=\"index, follow, max-snippet:-1, max-image-preview:large, max-video-preview:-1\" \/>\n<link rel=\"canonical\" href=\"https:\/\/www.albathyment.com.pl\/AlbaThyment\/produkt\/argol-chest-rub\/\" \/>\n<meta property=\"og:locale\" content=\"pl_PL\" \/>\n<meta property=\"og:type\" content=\"article\" \/>\n<meta property=\"og:title\" content=\"ARGOL Chest Rub - Alba Thyment Sp. zo.o.\" \/>\n<meta property=\"og:description\" content=\"ARGOL Chest Rub aromaterapeutyczny balsam do klatki piersiowej. Orze\u017awiaj\u0105ca zio\u0142owa wcierka karmelita\u0144ska. Na podstawie prawdziwej Esencji Karmelita\u0144skie.   Opakowanie: S\u0142oiczek aluminiowy o zawarto\u015bci 50 g w kartoniku.\" \/>\n<meta property=\"og:url\" content=\"https:\/\/www.albathyment.com.pl\/AlbaThyment\/produkt\/argol-chest-rub\/\" \/>\n<meta property=\"og:site_name\" content=\"Alba Thyment Sp. zo.o.\" \/>\n<meta property=\"article:publisher\" content=\"https:\/\/www.facebook.com\/essenzabalsamica\/?fref=ts\" \/>\n<meta property=\"article:modified_time\" content=\"2026-01-29T13:19:38+00:00\" \/>\n<meta property=\"og:image\" content=\"https:\/\/www.albathyment.com.pl\/AlbaThyment\/wp-content\/uploads\/2023\/03\/Chest_Rub_sloiczek.jpg\" \/>\n\t<meta property=\"og:image:width\" content=\"1100\" \/>\n\t<meta property=\"og:image:height\" content=\"1400\" \/>\n\t<meta property=\"og:image:type\" content=\"image\/jpeg\" \/>\n<meta name=\"twitter:card\" content=\"summary_large_image\" \/>\n<meta name=\"twitter:label1\" content=\"Szacowany czas czytania\" \/>\n\t<meta name=\"twitter:data1\" content=\"1 minuta\" \/>\n<script type=\"application\/ld+json\" class=\"yoast-schema-graph\">{\"@context\":\"https:\/\/schema.org\",\"@graph\":[{\"@type\":\"WebPage\",\"@id\":\"https:\/\/www.albathyment.com.pl\/AlbaThyment\/produkt\/argol-chest-rub\/\",\"url\":\"https:\/\/www.albathyment.com.pl\/AlbaThyment\/produkt\/argol-chest-rub\/\",\"name\":\"ARGOL Chest Rub - Alba Thyment Sp. zo.o.\",\"isPartOf\":{\"@id\":\"https:\/\/www.albathyment.com.pl\/AlbaThyment\/#website\"},\"datePublished\":\"2023-03-09T09:10:14+00:00\",\"dateModified\":\"2026-01-29T13:19:38+00:00\",\"breadcrumb\":{\"@id\":\"https:\/\/www.albathyment.com.pl\/AlbaThyment\/produkt\/argol-chest-rub\/#breadcrumb\"},\"inLanguage\":\"pl-PL\",\"potentialAction\":[{\"@type\":\"ReadAction\",\"target\":[\"https:\/\/www.albathyment.com.pl\/AlbaThyment\/produkt\/argol-chest-rub\/\"]}]},{\"@type\":\"BreadcrumbList\",\"@id\":\"https:\/\/www.albathyment.com.pl\/AlbaThyment\/produkt\/argol-chest-rub\/#breadcrumb\",\"itemListElement\":[{\"@type\":\"ListItem\",\"position\":1,\"name\":\"Home\",\"item\":\"https:\/\/www.albathyment.com.pl\/AlbaThyment\/\"},{\"@type\":\"ListItem\",\"position\":2,\"name\":\"Sklep\",\"item\":\"https:\/\/www.albathyment.com.pl\/AlbaThyment\/shop\/\"},{\"@type\":\"ListItem\",\"position\":3,\"name\":\"ARGOL Chest Rub\"}]},{\"@type\":\"WebSite\",\"@id\":\"https:\/\/www.albathyment.com.pl\/AlbaThyment\/#website\",\"url\":\"https:\/\/www.albathyment.com.pl\/AlbaThyment\/\",\"name\":\"Alba Thyment Sp. zo.o.\",\"description\":\"manufactory of healthy cosmetics and natural pharmaceuticals\",\"potentialAction\":[{\"@type\":\"SearchAction\",\"target\":{\"@type\":\"EntryPoint\",\"urlTemplate\":\"https:\/\/www.albathyment.com.pl\/AlbaThyment\/?s={search_term_string}\"},\"query-input\":\"required name=search_term_string\"}],\"inLanguage\":\"pl-PL\"}]}<\/script>\n<!-- \/ Yoast SEO plugin. -->","yoast_head_json":{"title":"ARGOL Chest Rub - Alba Thyment Sp. zo.o.","robots":{"index":"index","follow":"follow","max-snippet":"max-snippet:-1","max-image-preview":"max-image-preview:large","max-video-preview":"max-video-preview:-1"},"canonical":"https:\/\/www.albathyment.com.pl\/AlbaThyment\/produkt\/argol-chest-rub\/","og_locale":"pl_PL","og_type":"article","og_title":"ARGOL Chest Rub - Alba Thyment Sp. zo.o.","og_description":"ARGOL Chest Rub aromaterapeutyczny balsam do klatki piersiowej. Orze\u017awiaj\u0105ca zio\u0142owa wcierka karmelita\u0144ska. Na podstawie prawdziwej Esencji Karmelita\u0144skie.   Opakowanie: S\u0142oiczek aluminiowy o zawarto\u015bci 50 g w kartoniku.","og_url":"https:\/\/www.albathyment.com.pl\/AlbaThyment\/produkt\/argol-chest-rub\/","og_site_name":"Alba Thyment Sp. zo.o.","article_publisher":"https:\/\/www.facebook.com\/essenzabalsamica\/?fref=ts","article_modified_time":"2026-01-29T13:19:38+00:00","og_image":[{"width":1100,"height":1400,"url":"https:\/\/www.albathyment.com.pl\/AlbaThyment\/wp-content\/uploads\/2023\/03\/Chest_Rub_sloiczek.jpg","type":"image\/jpeg"}],"twitter_card":"summary_large_image","twitter_misc":{"Szacowany czas czytania":"1 minuta"},"schema":{"@context":"https:\/\/schema.org","@graph":[{"@type":"WebPage","@id":"https:\/\/www.albathyment.com.pl\/AlbaThyment\/produkt\/argol-chest-rub\/","url":"https:\/\/www.albathyment.com.pl\/AlbaThyment\/produkt\/argol-chest-rub\/","name":"ARGOL Chest Rub - Alba Thyment Sp. zo.o.","isPartOf":{"@id":"https:\/\/www.albathyment.com.pl\/AlbaThyment\/#website"},"datePublished":"2023-03-09T09:10:14+00:00","dateModified":"2026-01-29T13:19:38+00:00","breadcrumb":{"@id":"https:\/\/www.albathyment.com.pl\/AlbaThyment\/produkt\/argol-chest-rub\/#breadcrumb"},"inLanguage":"pl-PL","potentialAction":[{"@type":"ReadAction","target":["https:\/\/www.albathyment.com.pl\/AlbaThyment\/produkt\/argol-chest-rub\/"]}]},{"@type":"BreadcrumbList","@id":"https:\/\/www.albathyment.com.pl\/AlbaThyment\/produkt\/argol-chest-rub\/#breadcrumb","itemListElement":[{"@type":"ListItem","position":1,"name":"Home","item":"https:\/\/www.albathyment.com.pl\/AlbaThyment\/"},{"@type":"ListItem","position":2,"name":"Sklep","item":"https:\/\/www.albathyment.com.pl\/AlbaThyment\/shop\/"},{"@type":"ListItem","position":3,"name":"ARGOL Chest Rub"}]},{"@type":"WebSite","@id":"https:\/\/www.albathyment.com.pl\/AlbaThyment\/#website","url":"https:\/\/www.albathyment.com.pl\/AlbaThyment\/","name":"Alba Thyment Sp. zo.o.","description":"manufactory of healthy cosmetics and natural pharmaceuticals","potentialAction":[{"@type":"SearchAction","target":{"@type":"EntryPoint","urlTemplate":"https:\/\/www.albathyment.com.pl\/AlbaThyment\/?s={search_term_string}"},"query-input":"required name=search_term_string"}],"inLanguage":"pl-PL"}]}},"_links":{"self":[{"href":"https:\/\/www.albathyment.com.pl\/AlbaThyment\/wp-json\/wp\/v2\/product\/6516"}],"collection":[{"href":"https:\/\/www.albathyment.com.pl\/AlbaThyment\/wp-json\/wp\/v2\/product"}],"about":[{"href":"https:\/\/www.albathyment.com.pl\/AlbaThyment\/wp-json\/wp\/v2\/types\/product"}],"replies":[{"embeddable":true,"href":"https:\/\/www.albathyment.com.pl\/AlbaThyment\/wp-json\/wp\/v2\/comments?post=6516"}],"wp:featuredmedia":[{"embeddable":true,"href":"https:\/\/www.albathyment.com.pl\/AlbaThyment\/wp-json\/wp\/v2\/media\/6517"}],"wp:attachment":[{"href":"https:\/\/www.albathyment.com.pl\/AlbaThyment\/wp-json\/wp\/v2\/media?parent=6516"}],"curies":[{"name":"wp","href":"https:\/\/api.w.org\/{rel}","templated":true}]}}