{"id":6511,"date":"2023-03-09T09:02:58","date_gmt":"2023-03-09T09:02:58","guid":{"rendered":"https:\/\/www.albathyment.com.pl\/AlbaThyment\/?post_type=product&#038;p=6511"},"modified":"2026-01-29T13:19:30","modified_gmt":"2026-01-29T13:19:30","slug":"argol-muscle-salve","status":"publish","type":"product","link":"https:\/\/www.albathyment.com.pl\/AlbaThyment\/produkt\/argol-muscle-salve\/","title":{"rendered":"ARGOL Muscle Salve"},"content":{"rendered":"<p><em><strong>ARGOL Muscle Salve<\/strong> jest doskona\u0142ym domowym \u015brodkiem pochodzenia ro\u015blinnego przeznaczonym do nacierania i piel\u0119gnowania cia\u0142a, dzi\u0119ki znakomitym w\u0142a\u015bciwo\u015bciom u\u015bmierzaj\u0105cym i orze\u017awiaj\u0105cym obszernie stosowanym przeciw przykrym dokuczliwo\u015bciom spowodowanym wysi\u0142kiem, gimnastyk\u0105 nadmiern\u0105, ale i niedostatkiem ruchu. Daje ulg\u0119 przy przepracowaniu, sprawdza si\u0119 w podr\u00f3\u017cy i na wycieczce. Nasmarowane partie cia\u0142a wpierw ch\u0142odzi, by potem rozgrzewa\u0107 g\u0142\u0119boko. Usuwaj\u0105c wra\u017cenie zm\u0119czenia, sprzyja relaksacji i dodaje wigoru. Czynno\u015bci sk<\/em><em>\u00f3<\/em><em>ry reguluje doskonale.<\/em><\/p>\n<p>\u0179r\u00f3d\u0142em dobroczynnych w\u0142a\u015bciwo\u015bci preparatu s\u0105 olejki eteryczne wy\u0142\u0105cznie naturalnego pochodzenia.<\/p>\n<p>Tradycyjna receptura rodziny Rychlickich zawiera olejki eteryczne: melisy lekarskiej, cynamonowca chi\u0144skiego (Cassia), go\u017adzikowca wonnego, muszkato\u0142owca korzennego, tymianku pospolitego, cytryny zwyczajnej, kolendry siewnej, mi\u0119ty pieprzowej, rozmarynu lekarskiego, kajeputu.<\/p>\n<p><strong>Opis u\u017cycia zewn\u0119trznego:<\/strong> Aplikuje si\u0119 niewielk\u0105 ilo\u015b\u0107 d\u0142oni\u0105 lub szpatu\u0142k\u0105 na miejsce dokuczliwe. Wciera i masuje si\u0119 a\u017c do momentu wch\u0142oni\u0119cia. W uporczywych wypadkach po silnym nacieraniu, flanel\u0105 owija. Zabieg w ci\u0105gu doby powtarza si\u0119 dwa do trzykro\u0107. Po\u017c\u0105dany skutek objawia si\u0119 stopniowo.<\/p>\n<p><em>\u00a0<\/em>Baczno\u015b\u0107! S\u0142oiczek zawsze mocno zakr\u0119ca\u0107. Trzyma\u0107 w miejscach nieprzegrzanych (max. 25\u00b0C \/ 77\u00b0F) z dala od ma\u0142ych dzieci.<\/p>\n<p>99,98% sk\u0142adnik\u00f3w pochodzenia naturalnego<br \/>\n100% produkt wega\u0144ski<\/p>\n<p><span dir=\"ltr\" role=\"presentation\"><strong>INGREDIENTS:<\/strong> Hydrogenated Soybean Oil, Sesamum Indicum Seed Oil, <\/span><span dir=\"ltr\" role=\"presentation\">Hydrogenated Soy Polyglycerides, Menthol, Stearyl Alcohol, Rosmarinus Officinalis <\/span><span dir=\"ltr\" role=\"presentation\">Leaf Oil, Melaleuca Leucadendron Cajaput Oil, C15-23 Alkane, Limonene, Citrus <\/span><span dir=\"ltr\" role=\"presentation\">Limon Peel Oil, Eugenia Caryophyllus Flower Oil, Eugenol, Myristica Fragrans Kernel <\/span><span dir=\"ltr\" role=\"presentation\">Oil, Thymus Vulgaris Flower\/Leaf Oil, Mentha Piperita Oil, Melissa Officinalis Leaf Oil,<\/span><br role=\"presentation\" \/><span dir=\"ltr\" role=\"presentation\">Cinnamomum Cassia Leaf Oil, Coriandrum Sativum Fruit Oil, <\/span><span dir=\"ltr\" role=\"presentation\">Tocopherol, <\/span><span dir=\"ltr\" role=\"presentation\">Linalool, <\/span><span dir=\"ltr\" role=\"presentation\">Cinnamal, Geraniol, Citral, Citronellol, Isoeugenol, Farnesol, Coumarin, Cinnamyl <\/span><span dir=\"ltr\" role=\"presentation\">Alcohol<\/span><\/p>\n","protected":false},"excerpt":{"rendered":"<p><strong>ARGOL Muscle Salve<\/strong> tradycyjna zio\u0142owa ma\u015b\u0107 sportowa.<br \/>\nMazid\u0142o <em>na podstawie prawdziwej Esencji Karmelita\u0144skiej. <\/em><\/p>\n<p><strong>Opakowanie<\/strong>:<br \/>\nS\u0142oiczek aluminiowy o zawarto\u015bci 40 g w kartoniku.<\/p>\n","protected":false},"featured_media":6513,"comment_status":"closed","ping_status":"closed","template":"","meta":[],"yoast_head":"<!-- This site is optimized with the Yoast SEO plugin v20.7 - https:\/\/yoast.com\/wordpress\/plugins\/seo\/ -->\n<title>ARGOL Muscle Salve - Alba Thyment Sp. zo.o.<\/title>\n<meta name=\"robots\" content=\"index, follow, max-snippet:-1, max-image-preview:large, max-video-preview:-1\" \/>\n<link rel=\"canonical\" href=\"https:\/\/www.albathyment.com.pl\/AlbaThyment\/produkt\/argol-muscle-salve\/\" \/>\n<meta property=\"og:locale\" content=\"pl_PL\" \/>\n<meta property=\"og:type\" content=\"article\" \/>\n<meta property=\"og:title\" content=\"ARGOL Muscle Salve - Alba Thyment Sp. zo.o.\" \/>\n<meta property=\"og:description\" content=\"ARGOL Muscle Salve tradycyjna zio\u0142owa ma\u015b\u0107 sportowa. Mazid\u0142o na podstawie prawdziwej Esencji Karmelita\u0144skiej.   Opakowanie: S\u0142oiczek aluminiowy o zawarto\u015bci 40 g w kartoniku.\" \/>\n<meta property=\"og:url\" content=\"https:\/\/www.albathyment.com.pl\/AlbaThyment\/produkt\/argol-muscle-salve\/\" \/>\n<meta property=\"og:site_name\" content=\"Alba Thyment Sp. zo.o.\" \/>\n<meta property=\"article:publisher\" content=\"https:\/\/www.facebook.com\/essenzabalsamica\/?fref=ts\" \/>\n<meta property=\"article:modified_time\" content=\"2026-01-29T13:19:30+00:00\" \/>\n<meta property=\"og:image\" content=\"https:\/\/www.albathyment.com.pl\/AlbaThyment\/wp-content\/uploads\/2023\/03\/Muscle_Salve_sloiczek_open.jpg\" \/>\n\t<meta property=\"og:image:width\" content=\"1100\" \/>\n\t<meta property=\"og:image:height\" content=\"1400\" \/>\n\t<meta property=\"og:image:type\" content=\"image\/jpeg\" \/>\n<meta name=\"twitter:card\" content=\"summary_large_image\" \/>\n<meta name=\"twitter:label1\" content=\"Szacowany czas czytania\" \/>\n\t<meta name=\"twitter:data1\" content=\"1 minuta\" \/>\n<script type=\"application\/ld+json\" class=\"yoast-schema-graph\">{\"@context\":\"https:\/\/schema.org\",\"@graph\":[{\"@type\":\"WebPage\",\"@id\":\"https:\/\/www.albathyment.com.pl\/AlbaThyment\/produkt\/argol-muscle-salve\/\",\"url\":\"https:\/\/www.albathyment.com.pl\/AlbaThyment\/produkt\/argol-muscle-salve\/\",\"name\":\"ARGOL Muscle Salve - Alba Thyment Sp. zo.o.\",\"isPartOf\":{\"@id\":\"https:\/\/www.albathyment.com.pl\/AlbaThyment\/#website\"},\"datePublished\":\"2023-03-09T09:02:58+00:00\",\"dateModified\":\"2026-01-29T13:19:30+00:00\",\"breadcrumb\":{\"@id\":\"https:\/\/www.albathyment.com.pl\/AlbaThyment\/produkt\/argol-muscle-salve\/#breadcrumb\"},\"inLanguage\":\"pl-PL\",\"potentialAction\":[{\"@type\":\"ReadAction\",\"target\":[\"https:\/\/www.albathyment.com.pl\/AlbaThyment\/produkt\/argol-muscle-salve\/\"]}]},{\"@type\":\"BreadcrumbList\",\"@id\":\"https:\/\/www.albathyment.com.pl\/AlbaThyment\/produkt\/argol-muscle-salve\/#breadcrumb\",\"itemListElement\":[{\"@type\":\"ListItem\",\"position\":1,\"name\":\"Home\",\"item\":\"https:\/\/www.albathyment.com.pl\/AlbaThyment\/\"},{\"@type\":\"ListItem\",\"position\":2,\"name\":\"Sklep\",\"item\":\"https:\/\/www.albathyment.com.pl\/AlbaThyment\/shop\/\"},{\"@type\":\"ListItem\",\"position\":3,\"name\":\"ARGOL Muscle Salve\"}]},{\"@type\":\"WebSite\",\"@id\":\"https:\/\/www.albathyment.com.pl\/AlbaThyment\/#website\",\"url\":\"https:\/\/www.albathyment.com.pl\/AlbaThyment\/\",\"name\":\"Alba Thyment Sp. zo.o.\",\"description\":\"manufactory of healthy cosmetics and natural pharmaceuticals\",\"potentialAction\":[{\"@type\":\"SearchAction\",\"target\":{\"@type\":\"EntryPoint\",\"urlTemplate\":\"https:\/\/www.albathyment.com.pl\/AlbaThyment\/?s={search_term_string}\"},\"query-input\":\"required name=search_term_string\"}],\"inLanguage\":\"pl-PL\"}]}<\/script>\n<!-- \/ Yoast SEO plugin. -->","yoast_head_json":{"title":"ARGOL Muscle Salve - Alba Thyment Sp. zo.o.","robots":{"index":"index","follow":"follow","max-snippet":"max-snippet:-1","max-image-preview":"max-image-preview:large","max-video-preview":"max-video-preview:-1"},"canonical":"https:\/\/www.albathyment.com.pl\/AlbaThyment\/produkt\/argol-muscle-salve\/","og_locale":"pl_PL","og_type":"article","og_title":"ARGOL Muscle Salve - Alba Thyment Sp. zo.o.","og_description":"ARGOL Muscle Salve tradycyjna zio\u0142owa ma\u015b\u0107 sportowa. Mazid\u0142o na podstawie prawdziwej Esencji Karmelita\u0144skiej.   Opakowanie: S\u0142oiczek aluminiowy o zawarto\u015bci 40 g w kartoniku.","og_url":"https:\/\/www.albathyment.com.pl\/AlbaThyment\/produkt\/argol-muscle-salve\/","og_site_name":"Alba Thyment Sp. zo.o.","article_publisher":"https:\/\/www.facebook.com\/essenzabalsamica\/?fref=ts","article_modified_time":"2026-01-29T13:19:30+00:00","og_image":[{"width":1100,"height":1400,"url":"https:\/\/www.albathyment.com.pl\/AlbaThyment\/wp-content\/uploads\/2023\/03\/Muscle_Salve_sloiczek_open.jpg","type":"image\/jpeg"}],"twitter_card":"summary_large_image","twitter_misc":{"Szacowany czas czytania":"1 minuta"},"schema":{"@context":"https:\/\/schema.org","@graph":[{"@type":"WebPage","@id":"https:\/\/www.albathyment.com.pl\/AlbaThyment\/produkt\/argol-muscle-salve\/","url":"https:\/\/www.albathyment.com.pl\/AlbaThyment\/produkt\/argol-muscle-salve\/","name":"ARGOL Muscle Salve - Alba Thyment Sp. zo.o.","isPartOf":{"@id":"https:\/\/www.albathyment.com.pl\/AlbaThyment\/#website"},"datePublished":"2023-03-09T09:02:58+00:00","dateModified":"2026-01-29T13:19:30+00:00","breadcrumb":{"@id":"https:\/\/www.albathyment.com.pl\/AlbaThyment\/produkt\/argol-muscle-salve\/#breadcrumb"},"inLanguage":"pl-PL","potentialAction":[{"@type":"ReadAction","target":["https:\/\/www.albathyment.com.pl\/AlbaThyment\/produkt\/argol-muscle-salve\/"]}]},{"@type":"BreadcrumbList","@id":"https:\/\/www.albathyment.com.pl\/AlbaThyment\/produkt\/argol-muscle-salve\/#breadcrumb","itemListElement":[{"@type":"ListItem","position":1,"name":"Home","item":"https:\/\/www.albathyment.com.pl\/AlbaThyment\/"},{"@type":"ListItem","position":2,"name":"Sklep","item":"https:\/\/www.albathyment.com.pl\/AlbaThyment\/shop\/"},{"@type":"ListItem","position":3,"name":"ARGOL Muscle Salve"}]},{"@type":"WebSite","@id":"https:\/\/www.albathyment.com.pl\/AlbaThyment\/#website","url":"https:\/\/www.albathyment.com.pl\/AlbaThyment\/","name":"Alba Thyment Sp. zo.o.","description":"manufactory of healthy cosmetics and natural pharmaceuticals","potentialAction":[{"@type":"SearchAction","target":{"@type":"EntryPoint","urlTemplate":"https:\/\/www.albathyment.com.pl\/AlbaThyment\/?s={search_term_string}"},"query-input":"required name=search_term_string"}],"inLanguage":"pl-PL"}]}},"_links":{"self":[{"href":"https:\/\/www.albathyment.com.pl\/AlbaThyment\/wp-json\/wp\/v2\/product\/6511"}],"collection":[{"href":"https:\/\/www.albathyment.com.pl\/AlbaThyment\/wp-json\/wp\/v2\/product"}],"about":[{"href":"https:\/\/www.albathyment.com.pl\/AlbaThyment\/wp-json\/wp\/v2\/types\/product"}],"replies":[{"embeddable":true,"href":"https:\/\/www.albathyment.com.pl\/AlbaThyment\/wp-json\/wp\/v2\/comments?post=6511"}],"wp:featuredmedia":[{"embeddable":true,"href":"https:\/\/www.albathyment.com.pl\/AlbaThyment\/wp-json\/wp\/v2\/media\/6513"}],"wp:attachment":[{"href":"https:\/\/www.albathyment.com.pl\/AlbaThyment\/wp-json\/wp\/v2\/media?parent=6511"}],"curies":[{"name":"wp","href":"https:\/\/api.w.org\/{rel}","templated":true}]}}