{"id":6507,"date":"2023-03-09T08:53:25","date_gmt":"2023-03-09T08:53:25","guid":{"rendered":"https:\/\/www.albathyment.com.pl\/AlbaThyment\/?post_type=product&#038;p=6507"},"modified":"2026-01-29T13:19:21","modified_gmt":"2026-01-29T13:19:21","slug":"argol-skin-jelly","status":"publish","type":"product","link":"https:\/\/www.albathyment.com.pl\/AlbaThyment\/produkt\/argol-skin-jelly\/","title":{"rendered":"ARGOL Skin Jelly"},"content":{"rendered":"<p><strong>ARGOL Skin Jelly<\/strong> to emolient ro\u015blinnego pochodzenia o konsystencji bogatego balsamu, kt\u00f3ry nat\u0142uszcza sk\u00f3r\u0119, chroni\u0105c j\u0105 przed utrat\u0105 wilgoci, w efekcie czego sk\u00f3ra staje si\u0119 mi\u0119kka i lepiej nawil\u017cona.<\/p>\n<p>Ten wega\u0144ski kosmetyk ma konsystencj\u0119 bogatego niemal bezwonnego balsamu i posiada wiele zastosowa\u0144: od codziennej piel\u0119gnacji suchej lub wra\u017cliwej sk\u00f3ry, przez ochron\u0119 przed mrozem i wiatrem, po zabezpieczenia przed otarciami i podra\u017cnieniami oraz wspieranie zapobiegania odparzeniom. Naturalna wazelina rekomendowana jest do suchej i delikatnej sk\u00f3ry, sk\u0142onnej do podra\u017cnie\u0144. Mo\u017ce by\u0107 stosowana u doros\u0142ych i dzieci, r\u00f3wnie\u017c u noworodk\u00f3w np. na okolice podpieluszkowe albo inne miejsca wymagaj\u0105ce nawil\u017cenia i dodatkowej warstwy ochronnej.<\/p>\n<p>99,98% sk\u0142adnik\u00f3w pochodzenia naturalnego<br \/>\n100% produkt wega\u0144ski<\/p>\n<p>S\u0142oiczek zawsze szczelnie zakr\u0119ca\u0107. Trzyma\u0107 w miejscach nieprzegrzanych (max. 25\u00b0C \/ 77\u00b0F) z dala od ma\u0142ych dzieci.<\/p>\n<p><span dir=\"ltr\" role=\"presentation\"><strong>INGREDIENTS:<\/strong> Hydrogenated Soybean Oil, Hydrogenated Soy Polyglycerides, Stearyl <\/span><br role=\"presentation\" \/><span dir=\"ltr\" role=\"presentation\">Alcohol, C15-23 Alkane, Tocopherol<\/span><\/p>\n","protected":false},"excerpt":{"rendered":"<p><strong>ARGOL Skin Jelly <\/strong>wega\u0144ska alternatywa dla wazeliny.<\/p>\n<p><strong>Opakowanie<\/strong>:<br \/>\nS\u0142oiczek aluminiowy o zawarto\u015bci 50 g w kartoniku.<\/p>\n","protected":false},"featured_media":6508,"comment_status":"closed","ping_status":"closed","template":"","meta":[],"yoast_head":"<!-- This site is optimized with the Yoast SEO plugin v20.7 - https:\/\/yoast.com\/wordpress\/plugins\/seo\/ -->\n<title>ARGOL Skin Jelly - Alba Thyment Sp. zo.o.<\/title>\n<meta name=\"robots\" content=\"index, follow, max-snippet:-1, max-image-preview:large, max-video-preview:-1\" \/>\n<link rel=\"canonical\" href=\"https:\/\/www.albathyment.com.pl\/AlbaThyment\/produkt\/argol-skin-jelly\/\" \/>\n<meta property=\"og:locale\" content=\"pl_PL\" \/>\n<meta property=\"og:type\" content=\"article\" \/>\n<meta property=\"og:title\" content=\"ARGOL Skin Jelly - Alba Thyment Sp. zo.o.\" \/>\n<meta property=\"og:description\" content=\"ARGOL Skin Jelly wega\u0144ska alternatywa dla wazeliny.  Opakowanie: S\u0142oiczek aluminiowy o zawarto\u015bci 50 g w kartoniku.\" \/>\n<meta property=\"og:url\" content=\"https:\/\/www.albathyment.com.pl\/AlbaThyment\/produkt\/argol-skin-jelly\/\" \/>\n<meta property=\"og:site_name\" content=\"Alba Thyment Sp. zo.o.\" \/>\n<meta property=\"article:publisher\" content=\"https:\/\/www.facebook.com\/essenzabalsamica\/?fref=ts\" \/>\n<meta property=\"article:modified_time\" content=\"2026-01-29T13:19:21+00:00\" \/>\n<meta property=\"og:image\" content=\"https:\/\/www.albathyment.com.pl\/AlbaThyment\/wp-content\/uploads\/2023\/03\/Skin_Jelly_sloiczek_open.jpg\" \/>\n\t<meta property=\"og:image:width\" content=\"1100\" \/>\n\t<meta property=\"og:image:height\" content=\"1400\" \/>\n\t<meta property=\"og:image:type\" content=\"image\/jpeg\" \/>\n<meta name=\"twitter:card\" content=\"summary_large_image\" \/>\n<meta name=\"twitter:label1\" content=\"Szacowany czas czytania\" \/>\n\t<meta name=\"twitter:data1\" content=\"1 minuta\" \/>\n<script type=\"application\/ld+json\" class=\"yoast-schema-graph\">{\"@context\":\"https:\/\/schema.org\",\"@graph\":[{\"@type\":\"WebPage\",\"@id\":\"https:\/\/www.albathyment.com.pl\/AlbaThyment\/produkt\/argol-skin-jelly\/\",\"url\":\"https:\/\/www.albathyment.com.pl\/AlbaThyment\/produkt\/argol-skin-jelly\/\",\"name\":\"ARGOL Skin Jelly - Alba Thyment Sp. zo.o.\",\"isPartOf\":{\"@id\":\"https:\/\/www.albathyment.com.pl\/AlbaThyment\/#website\"},\"datePublished\":\"2023-03-09T08:53:25+00:00\",\"dateModified\":\"2026-01-29T13:19:21+00:00\",\"breadcrumb\":{\"@id\":\"https:\/\/www.albathyment.com.pl\/AlbaThyment\/produkt\/argol-skin-jelly\/#breadcrumb\"},\"inLanguage\":\"pl-PL\",\"potentialAction\":[{\"@type\":\"ReadAction\",\"target\":[\"https:\/\/www.albathyment.com.pl\/AlbaThyment\/produkt\/argol-skin-jelly\/\"]}]},{\"@type\":\"BreadcrumbList\",\"@id\":\"https:\/\/www.albathyment.com.pl\/AlbaThyment\/produkt\/argol-skin-jelly\/#breadcrumb\",\"itemListElement\":[{\"@type\":\"ListItem\",\"position\":1,\"name\":\"Home\",\"item\":\"https:\/\/www.albathyment.com.pl\/AlbaThyment\/\"},{\"@type\":\"ListItem\",\"position\":2,\"name\":\"Sklep\",\"item\":\"https:\/\/www.albathyment.com.pl\/AlbaThyment\/shop\/\"},{\"@type\":\"ListItem\",\"position\":3,\"name\":\"ARGOL Skin Jelly\"}]},{\"@type\":\"WebSite\",\"@id\":\"https:\/\/www.albathyment.com.pl\/AlbaThyment\/#website\",\"url\":\"https:\/\/www.albathyment.com.pl\/AlbaThyment\/\",\"name\":\"Alba Thyment Sp. zo.o.\",\"description\":\"manufactory of healthy cosmetics and natural pharmaceuticals\",\"potentialAction\":[{\"@type\":\"SearchAction\",\"target\":{\"@type\":\"EntryPoint\",\"urlTemplate\":\"https:\/\/www.albathyment.com.pl\/AlbaThyment\/?s={search_term_string}\"},\"query-input\":\"required name=search_term_string\"}],\"inLanguage\":\"pl-PL\"}]}<\/script>\n<!-- \/ Yoast SEO plugin. -->","yoast_head_json":{"title":"ARGOL Skin Jelly - Alba Thyment Sp. zo.o.","robots":{"index":"index","follow":"follow","max-snippet":"max-snippet:-1","max-image-preview":"max-image-preview:large","max-video-preview":"max-video-preview:-1"},"canonical":"https:\/\/www.albathyment.com.pl\/AlbaThyment\/produkt\/argol-skin-jelly\/","og_locale":"pl_PL","og_type":"article","og_title":"ARGOL Skin Jelly - Alba Thyment Sp. zo.o.","og_description":"ARGOL Skin Jelly wega\u0144ska alternatywa dla wazeliny.  Opakowanie: S\u0142oiczek aluminiowy o zawarto\u015bci 50 g w kartoniku.","og_url":"https:\/\/www.albathyment.com.pl\/AlbaThyment\/produkt\/argol-skin-jelly\/","og_site_name":"Alba Thyment Sp. zo.o.","article_publisher":"https:\/\/www.facebook.com\/essenzabalsamica\/?fref=ts","article_modified_time":"2026-01-29T13:19:21+00:00","og_image":[{"width":1100,"height":1400,"url":"https:\/\/www.albathyment.com.pl\/AlbaThyment\/wp-content\/uploads\/2023\/03\/Skin_Jelly_sloiczek_open.jpg","type":"image\/jpeg"}],"twitter_card":"summary_large_image","twitter_misc":{"Szacowany czas czytania":"1 minuta"},"schema":{"@context":"https:\/\/schema.org","@graph":[{"@type":"WebPage","@id":"https:\/\/www.albathyment.com.pl\/AlbaThyment\/produkt\/argol-skin-jelly\/","url":"https:\/\/www.albathyment.com.pl\/AlbaThyment\/produkt\/argol-skin-jelly\/","name":"ARGOL Skin Jelly - Alba Thyment Sp. zo.o.","isPartOf":{"@id":"https:\/\/www.albathyment.com.pl\/AlbaThyment\/#website"},"datePublished":"2023-03-09T08:53:25+00:00","dateModified":"2026-01-29T13:19:21+00:00","breadcrumb":{"@id":"https:\/\/www.albathyment.com.pl\/AlbaThyment\/produkt\/argol-skin-jelly\/#breadcrumb"},"inLanguage":"pl-PL","potentialAction":[{"@type":"ReadAction","target":["https:\/\/www.albathyment.com.pl\/AlbaThyment\/produkt\/argol-skin-jelly\/"]}]},{"@type":"BreadcrumbList","@id":"https:\/\/www.albathyment.com.pl\/AlbaThyment\/produkt\/argol-skin-jelly\/#breadcrumb","itemListElement":[{"@type":"ListItem","position":1,"name":"Home","item":"https:\/\/www.albathyment.com.pl\/AlbaThyment\/"},{"@type":"ListItem","position":2,"name":"Sklep","item":"https:\/\/www.albathyment.com.pl\/AlbaThyment\/shop\/"},{"@type":"ListItem","position":3,"name":"ARGOL Skin Jelly"}]},{"@type":"WebSite","@id":"https:\/\/www.albathyment.com.pl\/AlbaThyment\/#website","url":"https:\/\/www.albathyment.com.pl\/AlbaThyment\/","name":"Alba Thyment Sp. zo.o.","description":"manufactory of healthy cosmetics and natural pharmaceuticals","potentialAction":[{"@type":"SearchAction","target":{"@type":"EntryPoint","urlTemplate":"https:\/\/www.albathyment.com.pl\/AlbaThyment\/?s={search_term_string}"},"query-input":"required name=search_term_string"}],"inLanguage":"pl-PL"}]}},"_links":{"self":[{"href":"https:\/\/www.albathyment.com.pl\/AlbaThyment\/wp-json\/wp\/v2\/product\/6507"}],"collection":[{"href":"https:\/\/www.albathyment.com.pl\/AlbaThyment\/wp-json\/wp\/v2\/product"}],"about":[{"href":"https:\/\/www.albathyment.com.pl\/AlbaThyment\/wp-json\/wp\/v2\/types\/product"}],"replies":[{"embeddable":true,"href":"https:\/\/www.albathyment.com.pl\/AlbaThyment\/wp-json\/wp\/v2\/comments?post=6507"}],"wp:featuredmedia":[{"embeddable":true,"href":"https:\/\/www.albathyment.com.pl\/AlbaThyment\/wp-json\/wp\/v2\/media\/6508"}],"wp:attachment":[{"href":"https:\/\/www.albathyment.com.pl\/AlbaThyment\/wp-json\/wp\/v2\/media?parent=6507"}],"curies":[{"name":"wp","href":"https:\/\/api.w.org\/{rel}","templated":true}]}}