{"id":615,"date":"2015-10-15T10:00:12","date_gmt":"2015-10-15T10:00:12","guid":{"rendered":"http:\/\/www.albathyment.com.pl\/AlbaThyment\/?page_id=615"},"modified":"2022-02-04T09:08:01","modified_gmt":"2022-02-04T09:08:01","slug":"nasz-historia","status":"publish","type":"page","link":"https:\/\/www.albathyment.com.pl\/AlbaThyment\/o-nas\/nasz-historia\/","title":{"rendered":"Nasza Historia"},"content":{"rendered":"<div class=\"flex_column av_one_full  flex_column_div av-zero-column-padding first  avia-builder-el-0  el_before_av_three_fourth  avia-builder-el-first  \" style='border-radius:0px; '><section class=\"av_textblock_section \"  itemscope=\"itemscope\" itemtype=\"https:\/\/schema.org\/CreativeWork\" ><div class='avia_textblock  '   itemprop=\"text\" ><p>Alba Thyment jest jedn\u0105 z najstarszych polskich firm farmaceutycznych i prawdopodobnie jedyn\u0105 rodzinn\u0105 firm\u0105 tej bran\u017cy, kt\u00f3ra powr\u00f3ci\u0142a na rynek polski w 1992r. po zawirowaniach historii.<br \/>\nLaboratorium produkowa\u0142o wiele poszukiwanych specyfik\u00f3w farmaceutycznych.\u00a0Prawdopodobnie za\u0142o\u017cyciel laboratorium by\u0142 tw\u00f3rc\u0105 najbardziej znanego leku tej firmy o nazwie\u00a0Argol\u00ae, odwzorowuj\u0105cego pe\u0142ny sk\u0142ad\u00a0Esencji Karmelita\u0144skiej,\u00a0s\u0142ynnego 400-letniego leku mnich\u00f3w karmelita\u0144skich.<\/p>\n<\/div><\/section><\/div>\n<div class=\"flex_column av_three_fourth  flex_column_div av-zero-column-padding first  avia-builder-el-2  el_after_av_one_full  el_before_av_one_fourth  column-top-margin\" style='border-radius:0px; '><section class=\"av_textblock_section \"  itemscope=\"itemscope\" itemtype=\"https:\/\/schema.org\/CreativeWork\" ><div class='avia_textblock  '   itemprop=\"text\" ><p>Laboratorium dzia\u0142a\u0142o\u00a0w zaborze niemieckim, ale dopiero utworzenie wolnego pa\u0144stwa polskiego po I wojnie \u015bwiatowej stworzy\u0142o dla firmy dobre warunki rozwoju. Po zako\u0144czeniu dzia\u0142a\u0144 wojennych prezydent Niemiec Hindenburg wezwa\u0142 Polak\u00f3w, kt\u00f3rzy znale\u017ali si\u0119 na terenach niemieckich do wyboru ojczyzny. M\u0142ody polski chemik, Mieczys\u0142aw Rychlicki w\u0142a\u015bnie uko\u0144czy\u0142 studia w Berlinie i jako patriota optowa\u0142 za powrotem do ojczyzny. Oko\u0142o 1918 -1919r. wroci\u0142 do rodzinnego Poznania i znalaz\u0142 zatrudnienie w laboratorium Bukowieckiego.<\/p>\n<p>Wkr\u00f3tce, po \u015bmierci w\u0142a\u015bciciela w 1921 r., Mieczys\u0142aw przej\u0105\u0142 kierownictwo firmy, a w 1932r. \u00a0odkupi\u0142 prawa do Laboratorium.\u00a0Dalsz\u0105 prac\u0119 kontynuowa\u0142 ju\u017c we w\u0142asnej firmie\u00a0Alba\u00a0produkuj\u0105cej ponad 30 produkt\u00f3w farmaceutycznych, weterynaryjnych, kosmetycznych, chemicznych. Leki i wyroby kosmetyczno-chemiczne znane by\u0142y w ca\u0142ej przedwojennej Polsce.<\/p>\n<p>Najbardziej znanym &#8211; koronnym jak go zwano &#8211; lekiem przedwojennej firmy by\u0142\u00a0Argol\u00ae\u00a0&#8211; prawdziwa Esencja Karmelita\u0144ska.\u00a0Argol\u00ae\u00a0by\u0142 znany i ceniony w Polsce a tak\u017ce eksportowany do Niemiec i Holandii. Preparat znajdowa\u0142 si\u0119 w prawie ka\u017cdej domowej apteczce jako podstawowy lek na r\u00f3\u017cne dolegliwo\u015bci dnia codziennego, a przede wszystkim jako panaceum na wszelkie infekcje. Jako\u015bci\u0105 i bogatszym sk\u0142adem przewy\u017csza\u0142 konkurencyjne \u015brodki niemieckie, kt\u00f3re ju\u017c w okresie mi\u0119dzywojennym pr\u00f3bowa\u0142y wej\u015b\u0107 na polski rynek farmaceutyczny.<\/p>\n<p>Firma rozwija\u0142a sie doskonale, ale losy historii zmieni\u0142y bieg: wybuch\u0142a II wojna \u015bwiatowa. Wkr\u00f3tce po wej\u015bciu hitlerowc\u00f3w do Poznania polski w\u0142a\u015bciciel Alby zosta\u0142 zmuszony do przekazania firmy okupantowi i tak przedsi\u0119biorstwo przesz\u0142o do Richarda Rasche. Mieczys\u0142aw Rychlicki zdo\u0142a\u0142 jedynie uratowa\u0107 receptury i niewielkie ilo\u015bci swoich lek\u00f3w.<\/p>\n<p>Wojna mia\u0142a si\u0119 ku ko\u0144cowi, gdy do Poznania wesz\u0142y wojska radzieckie, kt\u00f3re, wyzwalaj\u0105c Pozna\u0144, zniszczy\u0142y cz\u0119\u015bciowo budynki Alby.<\/p>\n<p>Natychmiast po zako\u0144czeniu dzia\u0142a\u0144 wojennych w\u0142a\u015bciciel przyst\u0105pi\u0142 do odbudowy. Gromadzi\u0142 materia\u0142y budowlane, remontowa\u0142 maszyny, zakupi\u0142 piec centralnego ogrzewania, sprowadza\u0142 surowce. W 1948r. 52-letni Mieczys\u0142aw zatwierdzi\u0142 dziennik budowy i przyst\u0105pi\u0142 do pracy. Wkr\u00f3tce jednak w\u0142adze komunistyczne odebra\u0142y prywatnej firmie prawo do egzystencji, wyw\u0142aszczaj\u0105c j\u0105 si\u0142\u0105 i przeznaczaj\u0105c budynki na produkcj\u0119 zamk\u00f3w do drzwi. Firma produkowa\u0142a jeszcze swoje preparaty do 1953r., po czym zostala zamkni\u0119ta. Apteki sprzedawa\u0142y leki Alby jeszcze do 1956r., po czym pozosta\u0142y ju\u017c tylko w pami\u0119ci pacjent\u00f3w jako &#8222;cudowne&#8221; leki.<\/p>\n<\/div><\/section><\/div><div class=\"flex_column av_one_fourth  flex_column_div av-zero-column-padding   avia-builder-el-4  el_after_av_three_fourth  el_before_av_one_fourth  column-top-margin\" style='border-radius:0px; '><div class='avia-gallery  avia-gallery-1 avia_lazyload avia-gallery-animate avia_animate_when_visible  avia-builder-el-5  avia-builder-el-no-sibling '  itemprop=\"ImageObject\" itemscope=\"itemscope\" itemtype=\"https:\/\/schema.org\/ImageObject\" ><div class='avia-gallery-thumb'> <a href='https:\/\/www.albathyment.com.pl\/AlbaThyment\/wp-content\/uploads\/2015\/09\/Alba-Stare-logo.png' data-rel='gallery-1' data-prev-img='https:\/\/www.albathyment.com.pl\/AlbaThyment\/wp-content\/uploads\/2015\/09\/Alba-Stare-logo-495x315.png' class='first_thumb lightbox ' data-onclick='1' title=''  itemprop=\"thumbnailUrl\" ><img  src='https:\/\/www.albathyment.com.pl\/AlbaThyment\/wp-content\/uploads\/2015\/09\/Alba-Stare-logo-180x180.png' width='180' height='180'  title='Alba - Stare logo' alt='' \/><\/a> <a href='https:\/\/www.albathyment.com.pl\/AlbaThyment\/wp-content\/uploads\/2015\/10\/Alba-Dziadek-Mieczyslaw.jpg' data-rel='gallery-1' data-prev-img='https:\/\/www.albathyment.com.pl\/AlbaThyment\/wp-content\/uploads\/2015\/10\/Alba-Dziadek-Mieczyslaw-450x400.jpg' class='first_thumb lightbox ' data-onclick='2' title=''  itemprop=\"thumbnailUrl\" ><img  src='https:\/\/www.albathyment.com.pl\/AlbaThyment\/wp-content\/uploads\/2015\/10\/Alba-Dziadek-Mieczyslaw-180x180.jpg' width='180' height='180'  title='Alba - Dziadek Mieczyslaw' alt='' \/><\/a> <a href='https:\/\/www.albathyment.com.pl\/AlbaThyment\/wp-content\/uploads\/2015\/09\/Argol-EB-Pre1939.png' data-rel='gallery-1' data-prev-img='https:\/\/www.albathyment.com.pl\/AlbaThyment\/wp-content\/uploads\/2015\/09\/Argol-EB-Pre1939.png' class='first_thumb lightbox ' data-onclick='3' title=''  itemprop=\"thumbnailUrl\" ><img  src='https:\/\/www.albathyment.com.pl\/AlbaThyment\/wp-content\/uploads\/2015\/09\/Argol-EB-Pre1939.png' width='180' height='125'  title='Argol EB Pre1939' alt='' \/><\/a><\/div><\/div><\/div><\/p>\n<div class=\"flex_column av_one_fourth  flex_column_div av-zero-column-padding first  avia-builder-el-6  el_after_av_one_fourth  el_before_av_three_fourth  column-top-margin\" style='border-radius:0px; '><div class='avia-gallery  avia-gallery-2 avia_lazyload avia-gallery-animate avia_animate_when_visible  avia-builder-el-7  avia-builder-el-no-sibling '  itemprop=\"ImageObject\" itemscope=\"itemscope\" itemtype=\"https:\/\/schema.org\/ImageObject\" ><div class='avia-gallery-thumb'> <a href='https:\/\/www.albathyment.com.pl\/AlbaThyment\/wp-content\/uploads\/2015\/09\/Argol-EB-2005-2012.png' data-rel='gallery-2' data-prev-img='https:\/\/www.albathyment.com.pl\/AlbaThyment\/wp-content\/uploads\/2015\/09\/Argol-EB-2005-2012-279x400.png' class='first_thumb lightbox ' data-onclick='1' title=''  itemprop=\"thumbnailUrl\" ><img  src='https:\/\/www.albathyment.com.pl\/AlbaThyment\/wp-content\/uploads\/2015\/09\/Argol-EB-2005-2012-180x180.png' width='180' height='180'  title='Argol EB 2005-2012' alt='' \/><\/a> <a href='https:\/\/www.albathyment.com.pl\/AlbaThyment\/wp-content\/uploads\/2015\/09\/Argol-EB-actual.png' data-rel='gallery-2' data-prev-img='https:\/\/www.albathyment.com.pl\/AlbaThyment\/wp-content\/uploads\/2015\/09\/Argol-EB-actual-357x400.png' class='first_thumb lightbox ' data-onclick='2' title=''  itemprop=\"thumbnailUrl\" ><img  src='https:\/\/www.albathyment.com.pl\/AlbaThyment\/wp-content\/uploads\/2015\/09\/Argol-EB-actual-180x180.png' width='180' height='180'  title='Argol EB - actual' alt='' \/><\/a> <a href='https:\/\/www.albathyment.com.pl\/AlbaThyment\/wp-content\/uploads\/2015\/10\/Team-CEO.jpg' data-rel='gallery-2' data-prev-img='https:\/\/www.albathyment.com.pl\/AlbaThyment\/wp-content\/uploads\/2015\/10\/Team-CEO.jpg' class='first_thumb lightbox ' data-onclick='3' title=''  itemprop=\"thumbnailUrl\" ><img  src='https:\/\/www.albathyment.com.pl\/AlbaThyment\/wp-content\/uploads\/2015\/10\/Team-CEO-180x180.jpg' width='180' height='180'  title='Team - CEO' alt='' \/><\/a><\/div><\/div><\/div>\n<div class=\"flex_column av_three_fourth  flex_column_div av-zero-column-padding   avia-builder-el-8  el_after_av_one_fourth  avia-builder-el-last  column-top-margin\" style='border-radius:0px; '><section class=\"av_textblock_section \"  itemscope=\"itemscope\" itemtype=\"https:\/\/schema.org\/CreativeWork\" ><div class='avia_textblock  '   itemprop=\"text\" ><p>W 1987r. synowa Katarzyna, specjalista w technologii farmaceutycznej otworzy\u0142a laboratorium\u00a0Thyment\u00a0we W\u0142oszech, produkuj\u0105ce\u00a0Argol\u00ae Essenza Balsamica\u00a0na rynek w\u0142oski.\u00a0W 1989r. Katarzyna zosta\u0142a zaproszona przez w\u0142osk\u0105 Izb\u0119 Handlow\u0105 do reprezentowania osi\u0105gni\u0119\u0107 w ramach wystawy \u201cLombardia produce\u201d w Pa\u0142acu Kultury w Warszawie. Tu\u00a0Argolem\u00ae\u00a0zainteresowali si\u0119 polscy handlowcy. W 1989r.\u00a0Argol\u00ae\u00a0ukaza\u0142 si\u0119 zn\u00f3w w polskich aptekach. Jednak Katarzyna i jej m\u0105\u017c Rajmund zapragn\u0119li, aby ten polski zas\u0142u\u017cony lek by\u0142 znowu produkowany w ojczy\u017anie i w 1992r. przenie\u015bli firm\u0119 do rodzinnego Poznania. I tak powsta\u0142a\u00a0Alba Thyment.<\/p>\n<p>Alba Thyment jest obecnie dynamicznie rozwijaj\u0105c\u0105 si\u0119 firm\u0105, kt\u00f3ra \u0142\u0105czy tradycje rodzinne z nowoczesnym stylem pracy.<\/p>\n<\/div><\/section><\/div>\n","protected":false},"excerpt":{"rendered":"","protected":false},"author":1,"featured_media":0,"parent":26,"menu_order":0,"comment_status":"closed","ping_status":"closed","template":"","meta":[],"yoast_head":"<!-- This site is optimized with the Yoast SEO plugin v20.7 - https:\/\/yoast.com\/wordpress\/plugins\/seo\/ -->\n<title>Historia firmy Alba Thyment<\/title>\n<meta name=\"description\" content=\"Historia firmy Alba Thyment - polskiego producenta kosmetyk\u00f3w od ponad stu lat.\" \/>\n<meta name=\"robots\" content=\"index, follow, max-snippet:-1, max-image-preview:large, max-video-preview:-1\" \/>\n<link rel=\"canonical\" href=\"https:\/\/www.albathyment.com.pl\/AlbaThyment\/o-nas\/nasz-historia\/\" \/>\n<meta property=\"og:locale\" content=\"pl_PL\" \/>\n<meta property=\"og:type\" content=\"article\" \/>\n<meta property=\"og:title\" content=\"Historia firmy Alba Thyment\" \/>\n<meta property=\"og:description\" content=\"Historia firmy Alba Thyment - polskiego producenta kosmetyk\u00f3w od ponad stu lat.\" \/>\n<meta property=\"og:url\" content=\"https:\/\/www.albathyment.com.pl\/AlbaThyment\/o-nas\/nasz-historia\/\" \/>\n<meta property=\"og:site_name\" content=\"Alba Thyment Sp. zo.o.\" \/>\n<meta property=\"article:publisher\" content=\"https:\/\/www.facebook.com\/essenzabalsamica\/?fref=ts\" \/>\n<meta property=\"article:modified_time\" content=\"2022-02-04T09:08:01+00:00\" \/>\n<meta name=\"twitter:card\" content=\"summary_large_image\" \/>\n<meta name=\"twitter:label1\" content=\"Szacowany czas czytania\" \/>\n\t<meta name=\"twitter:data1\" content=\"5 minut\" \/>\n<script type=\"application\/ld+json\" class=\"yoast-schema-graph\">{\"@context\":\"https:\/\/schema.org\",\"@graph\":[{\"@type\":\"WebPage\",\"@id\":\"https:\/\/www.albathyment.com.pl\/AlbaThyment\/o-nas\/nasz-historia\/\",\"url\":\"https:\/\/www.albathyment.com.pl\/AlbaThyment\/o-nas\/nasz-historia\/\",\"name\":\"Historia firmy Alba Thyment\",\"isPartOf\":{\"@id\":\"https:\/\/www.albathyment.com.pl\/AlbaThyment\/#website\"},\"datePublished\":\"2015-10-15T10:00:12+00:00\",\"dateModified\":\"2022-02-04T09:08:01+00:00\",\"description\":\"Historia firmy Alba Thyment - polskiego producenta kosmetyk\u00f3w od ponad stu lat.\",\"breadcrumb\":{\"@id\":\"https:\/\/www.albathyment.com.pl\/AlbaThyment\/o-nas\/nasz-historia\/#breadcrumb\"},\"inLanguage\":\"pl-PL\",\"potentialAction\":[{\"@type\":\"ReadAction\",\"target\":[\"https:\/\/www.albathyment.com.pl\/AlbaThyment\/o-nas\/nasz-historia\/\"]}]},{\"@type\":\"BreadcrumbList\",\"@id\":\"https:\/\/www.albathyment.com.pl\/AlbaThyment\/o-nas\/nasz-historia\/#breadcrumb\",\"itemListElement\":[{\"@type\":\"ListItem\",\"position\":1,\"name\":\"Home\",\"item\":\"https:\/\/www.albathyment.com.pl\/AlbaThyment\/\"},{\"@type\":\"ListItem\",\"position\":2,\"name\":\"O nas\",\"item\":\"https:\/\/www.albathyment.com.pl\/AlbaThyment\/o-nas\/\"},{\"@type\":\"ListItem\",\"position\":3,\"name\":\"Nasza Historia\"}]},{\"@type\":\"WebSite\",\"@id\":\"https:\/\/www.albathyment.com.pl\/AlbaThyment\/#website\",\"url\":\"https:\/\/www.albathyment.com.pl\/AlbaThyment\/\",\"name\":\"Alba Thyment Sp. zo.o.\",\"description\":\"manufactory of healthy cosmetics and natural pharmaceuticals\",\"potentialAction\":[{\"@type\":\"SearchAction\",\"target\":{\"@type\":\"EntryPoint\",\"urlTemplate\":\"https:\/\/www.albathyment.com.pl\/AlbaThyment\/?s={search_term_string}\"},\"query-input\":\"required name=search_term_string\"}],\"inLanguage\":\"pl-PL\"}]}<\/script>\n<!-- \/ Yoast SEO plugin. -->","yoast_head_json":{"title":"Historia firmy Alba Thyment","description":"Historia firmy Alba Thyment - polskiego producenta kosmetyk\u00f3w od ponad stu lat.","robots":{"index":"index","follow":"follow","max-snippet":"max-snippet:-1","max-image-preview":"max-image-preview:large","max-video-preview":"max-video-preview:-1"},"canonical":"https:\/\/www.albathyment.com.pl\/AlbaThyment\/o-nas\/nasz-historia\/","og_locale":"pl_PL","og_type":"article","og_title":"Historia firmy Alba Thyment","og_description":"Historia firmy Alba Thyment - polskiego producenta kosmetyk\u00f3w od ponad stu lat.","og_url":"https:\/\/www.albathyment.com.pl\/AlbaThyment\/o-nas\/nasz-historia\/","og_site_name":"Alba Thyment Sp. zo.o.","article_publisher":"https:\/\/www.facebook.com\/essenzabalsamica\/?fref=ts","article_modified_time":"2022-02-04T09:08:01+00:00","twitter_card":"summary_large_image","twitter_misc":{"Szacowany czas czytania":"5 minut"},"schema":{"@context":"https:\/\/schema.org","@graph":[{"@type":"WebPage","@id":"https:\/\/www.albathyment.com.pl\/AlbaThyment\/o-nas\/nasz-historia\/","url":"https:\/\/www.albathyment.com.pl\/AlbaThyment\/o-nas\/nasz-historia\/","name":"Historia firmy Alba Thyment","isPartOf":{"@id":"https:\/\/www.albathyment.com.pl\/AlbaThyment\/#website"},"datePublished":"2015-10-15T10:00:12+00:00","dateModified":"2022-02-04T09:08:01+00:00","description":"Historia firmy Alba Thyment - polskiego producenta kosmetyk\u00f3w od ponad stu lat.","breadcrumb":{"@id":"https:\/\/www.albathyment.com.pl\/AlbaThyment\/o-nas\/nasz-historia\/#breadcrumb"},"inLanguage":"pl-PL","potentialAction":[{"@type":"ReadAction","target":["https:\/\/www.albathyment.com.pl\/AlbaThyment\/o-nas\/nasz-historia\/"]}]},{"@type":"BreadcrumbList","@id":"https:\/\/www.albathyment.com.pl\/AlbaThyment\/o-nas\/nasz-historia\/#breadcrumb","itemListElement":[{"@type":"ListItem","position":1,"name":"Home","item":"https:\/\/www.albathyment.com.pl\/AlbaThyment\/"},{"@type":"ListItem","position":2,"name":"O nas","item":"https:\/\/www.albathyment.com.pl\/AlbaThyment\/o-nas\/"},{"@type":"ListItem","position":3,"name":"Nasza Historia"}]},{"@type":"WebSite","@id":"https:\/\/www.albathyment.com.pl\/AlbaThyment\/#website","url":"https:\/\/www.albathyment.com.pl\/AlbaThyment\/","name":"Alba Thyment Sp. zo.o.","description":"manufactory of healthy cosmetics and natural pharmaceuticals","potentialAction":[{"@type":"SearchAction","target":{"@type":"EntryPoint","urlTemplate":"https:\/\/www.albathyment.com.pl\/AlbaThyment\/?s={search_term_string}"},"query-input":"required name=search_term_string"}],"inLanguage":"pl-PL"}]}},"_links":{"self":[{"href":"https:\/\/www.albathyment.com.pl\/AlbaThyment\/wp-json\/wp\/v2\/pages\/615"}],"collection":[{"href":"https:\/\/www.albathyment.com.pl\/AlbaThyment\/wp-json\/wp\/v2\/pages"}],"about":[{"href":"https:\/\/www.albathyment.com.pl\/AlbaThyment\/wp-json\/wp\/v2\/types\/page"}],"author":[{"embeddable":true,"href":"https:\/\/www.albathyment.com.pl\/AlbaThyment\/wp-json\/wp\/v2\/users\/1"}],"replies":[{"embeddable":true,"href":"https:\/\/www.albathyment.com.pl\/AlbaThyment\/wp-json\/wp\/v2\/comments?post=615"}],"version-history":[{"count":8,"href":"https:\/\/www.albathyment.com.pl\/AlbaThyment\/wp-json\/wp\/v2\/pages\/615\/revisions"}],"predecessor-version":[{"id":6194,"href":"https:\/\/www.albathyment.com.pl\/AlbaThyment\/wp-json\/wp\/v2\/pages\/615\/revisions\/6194"}],"up":[{"embeddable":true,"href":"https:\/\/www.albathyment.com.pl\/AlbaThyment\/wp-json\/wp\/v2\/pages\/26"}],"wp:attachment":[{"href":"https:\/\/www.albathyment.com.pl\/AlbaThyment\/wp-json\/wp\/v2\/media?parent=615"}],"curies":[{"name":"wp","href":"https:\/\/api.w.org\/{rel}","templated":true}]}}