{"id":610,"date":"2015-10-12T14:00:01","date_gmt":"2015-10-12T14:00:01","guid":{"rendered":"http:\/\/www.albathyment.com.pl\/AlbaThyment\/?page_id=610"},"modified":"2024-06-04T08:37:19","modified_gmt":"2024-06-04T08:37:19","slug":"kontakt-2","status":"publish","type":"page","link":"https:\/\/www.albathyment.com.pl\/AlbaThyment\/kontakt-2\/","title":{"rendered":"Kontakt"},"content":{"rendered":"<div class=\"flex_column av_one_third  flex_column_div av-zero-column-padding first  avia-builder-el-0  el_before_av_two_third  avia-builder-el-first  \" style='border-radius:0px; '><section class=\"av_textblock_section \"  itemscope=\"itemscope\" itemtype=\"https:\/\/schema.org\/CreativeWork\" ><div class='avia_textblock  '   itemprop=\"text\" ><p>Alba Thyment Sp. zo.o.<\/p>\n<p>ul. Szkolna 98<\/p>\n<p>62-002 Suchy Las<\/p>\n<p>Polska<\/p>\n<p>Tel. +48 618 115 407<\/p>\n<p>Fax. +48 618 115 407<\/p>\n<\/div><\/section><\/div>\n<div class=\"flex_column av_two_third  flex_column_div av-zero-column-padding   avia-builder-el-2  el_after_av_one_third  el_before_av_hr  \" style='border-radius:0px; '><div class=\"av_gmaps_sc_main_wrap av_gmaps_main_wrap\"><div id='av_gmap_0' class='avia-google-map-container avia-google-map-sc av_gmaps_show_unconditionally av-no-fallback-img ' data-mapid='av_gmap_0'  style='height: 200px;'><a class=\"av_gmaps_browser_disabled av_text_confirm_link av_text_confirm_link_visible\" href=\"https:\/\/www.google.com\/maps\/search\/?api=1&#038;query=Szkolna%2098%20%20Suchy%20Las%20%20Polska\" target=\"_blank\">Maps were disabled by the visitor on this site.<\/a><\/div><\/div><\/div>\n<div  class='hr hr-default   avia-builder-el-4  el_after_av_two_third  el_before_av_hr '><span class='hr-inner ' ><span class='hr-inner-style'><\/span><\/span><\/div>\n<div  class='hr hr-default   avia-builder-el-5  el_after_av_hr  el_before_av_textblock '><span class='hr-inner ' ><span class='hr-inner-style'><\/span><\/span><\/div>\n<section class=\"av_textblock_section \"  itemscope=\"itemscope\" itemtype=\"https:\/\/schema.org\/CreativeWork\" ><div class='avia_textblock  '  style='font-size:10px; '  itemprop=\"text\" ><div class=\"container\">\n<div class=\"post-entry post-entry-type-page post-entry-36\">\n<div class=\"entry-content-wrapper clearfix\">\n<div class=\"flex_column av_one_full flex_column_div av-zero-column-padding first avia-builder-el-0 el_before_av_one_full avia-builder-el-first \">\n<section class=\"av_textblock_section\">\n<div class=\"avia_textblock \">\n<p>Informujemy, \u017ce Pa\u0144stwa zgoda mo\u017ce zosta\u0107 cofni\u0119ta w dowolnym momencie przez wys\u0142anie wiadomo\u015bci e-mail na adres e-mail kontakt@albathyment.com.pl. Informujemy, \u017ce nie jeste\u015bcie Pa\u0144stwo profilowani. Pa\u0144stwa dane nie b\u0119d\u0105 przekazywane poza EOG ani udost\u0119pniane organizacjom mi\u0119dzynarodowym.<\/p>\n<p>Zawiadamiamy, \u017ce administratorem Pa\u0144stwa danych osobowych podanych w powy\u017cszym formularzu jest\u00a0Alba Thyment sp\u00f3\u0142ka z ograniczon\u0105 odpowiedzialno\u015bci\u0105 z siedzib\u0105 w Suchym Lesie przy ul. Szkolna 98.\u00a0Wszelkie pytania i w\u0105tpliwo\u015bci prosimy kierowa\u0107 na adres e-mail kontakt@albathyment.com.pl. Pa\u0144stwa dane przetwarzane b\u0119d\u0105 wy\u0142\u0105cznie w celu udzielenia odpowiedzi na zapytanie \u2013 przetwarzanie danych jest zgodne z prawem je\u017celi jest niezb\u0119dne w celu realizacji umowy lub przed jej zawarciem. W przypadku wyra\u017cenia powy\u017cszej zgody, dane b\u0119d\u0105 r\u00f3wnie\u017c wykorzystywane do przesy\u0142ania tre\u015bci marketingowych. Pe\u0142ne informacje o danych osobowych znajdziecie Pa\u0144stwo w naszej Polityce Prywatno\u015bci.<\/p>\n<\/div>\n<\/section>\n<\/div>\n<\/div>\n<\/div>\n<\/div>\n<\/div><\/section>\n<div class=\"flex_column av_one_full  flex_column_div av-zero-column-padding first  avia-builder-el-7  el_after_av_textblock  avia-builder-el-last  column-top-margin\" style='border-radius:0px; '><section class=\"av_textblock_section \"  itemscope=\"itemscope\" itemtype=\"https:\/\/schema.org\/CreativeWork\" ><div class='avia_textblock  '   itemprop=\"text\" ><div class=\"container\">\n<div class=\"post-entry post-entry-type-page post-entry-36\">\n<div class=\"entry-content-wrapper clearfix\">\n<div class=\"flex_column av_one_full  flex_column_div av-zero-column-padding first  avia-builder-el-0  el_before_av_one_full  avia-builder-el-first  \">\n<section class=\"av_textblock_section\">\n<div class=\"avia_textblock \">\n<p align=\"justify\">Firma Alba Thyment Sp. zo.o. zgodnie z ustaw\u0105 z\u00a0dnia 6 wrze\u015bnia 2001 r. Prawo farmaceutyczne zobowi\u0105zauje si\u0119 do prowadzenia rejestru wszelkich dzia\u0142a\u0144 niepo\u017c\u0105danych, dotycz\u0105cych w\u0142asnych produkt\u00f3w leczniczych. Prosimy korzysta\u0107 z formularza na <a href=\"http:\/\/www.albathyment.com.pl\/AlbaThyment\/zgloszenie-efektow-niepozadanych\/\">stronie zg\u0142osze\u0144<\/a>.<\/p>\n<\/div>\n<\/section>\n<\/div>\n<\/div>\n<\/div>\n<\/div>\n<\/div><\/section><br \/>\n<div class='avia-button-wrap avia-button-center  avia-builder-el-9  el_after_av_textblock  avia-builder-el-last  '><a href='https:\/\/www.albathyment.com.pl\/AlbaThyment\/zgloszenie-dzialan-niepozadanych\/'  class='avia-button   avia-icon_select-yes-left-icon avia-color-theme-color avia-size-small avia-position-center '   ><span class='avia_button_icon avia_button_icon_left ' aria-hidden='true' data-av_icon='\ue805' data-av_iconfont='entypo-fontello'><\/span><span class='avia_iconbox_title' >Formularz zg\u0142oszenia dzia\u0142a\u0144 niepo\u017c\u0105danych<\/span><\/a><\/div><\/p><\/div>\n","protected":false},"excerpt":{"rendered":"","protected":false},"author":1,"featured_media":0,"parent":0,"menu_order":0,"comment_status":"closed","ping_status":"closed","template":"","meta":[],"yoast_head":"<!-- This site is optimized with the Yoast SEO plugin v20.7 - https:\/\/yoast.com\/wordpress\/plugins\/seo\/ -->\n<title>Skontaktuj si\u0119 z nami!<\/title>\n<meta name=\"robots\" content=\"index, follow, max-snippet:-1, max-image-preview:large, max-video-preview:-1\" \/>\n<link rel=\"canonical\" href=\"https:\/\/www.albathyment.com.pl\/AlbaThyment\/kontakt-2\/\" \/>\n<meta property=\"og:locale\" content=\"pl_PL\" \/>\n<meta property=\"og:type\" content=\"article\" \/>\n<meta property=\"og:title\" content=\"Skontaktuj si\u0119 z nami!\" \/>\n<meta property=\"og:url\" content=\"https:\/\/www.albathyment.com.pl\/AlbaThyment\/kontakt-2\/\" \/>\n<meta property=\"og:site_name\" content=\"Alba Thyment Sp. zo.o.\" \/>\n<meta property=\"article:publisher\" content=\"https:\/\/www.facebook.com\/essenzabalsamica\/?fref=ts\" \/>\n<meta property=\"article:modified_time\" content=\"2024-06-04T08:37:19+00:00\" \/>\n<meta name=\"twitter:card\" content=\"summary_large_image\" \/>\n<meta name=\"twitter:label1\" content=\"Szacowany czas czytania\" \/>\n\t<meta name=\"twitter:data1\" content=\"2 minuty\" \/>\n<script type=\"application\/ld+json\" class=\"yoast-schema-graph\">{\"@context\":\"https:\/\/schema.org\",\"@graph\":[{\"@type\":\"WebPage\",\"@id\":\"https:\/\/www.albathyment.com.pl\/AlbaThyment\/kontakt-2\/\",\"url\":\"https:\/\/www.albathyment.com.pl\/AlbaThyment\/kontakt-2\/\",\"name\":\"Skontaktuj si\u0119 z nami!\",\"isPartOf\":{\"@id\":\"https:\/\/www.albathyment.com.pl\/AlbaThyment\/#website\"},\"datePublished\":\"2015-10-12T14:00:01+00:00\",\"dateModified\":\"2024-06-04T08:37:19+00:00\",\"breadcrumb\":{\"@id\":\"https:\/\/www.albathyment.com.pl\/AlbaThyment\/kontakt-2\/#breadcrumb\"},\"inLanguage\":\"pl-PL\",\"potentialAction\":[{\"@type\":\"ReadAction\",\"target\":[\"https:\/\/www.albathyment.com.pl\/AlbaThyment\/kontakt-2\/\"]}]},{\"@type\":\"BreadcrumbList\",\"@id\":\"https:\/\/www.albathyment.com.pl\/AlbaThyment\/kontakt-2\/#breadcrumb\",\"itemListElement\":[{\"@type\":\"ListItem\",\"position\":1,\"name\":\"Home\",\"item\":\"https:\/\/www.albathyment.com.pl\/AlbaThyment\/\"},{\"@type\":\"ListItem\",\"position\":2,\"name\":\"Kontakt\"}]},{\"@type\":\"WebSite\",\"@id\":\"https:\/\/www.albathyment.com.pl\/AlbaThyment\/#website\",\"url\":\"https:\/\/www.albathyment.com.pl\/AlbaThyment\/\",\"name\":\"Alba Thyment Sp. zo.o.\",\"description\":\"manufactory of healthy cosmetics and natural pharmaceuticals\",\"potentialAction\":[{\"@type\":\"SearchAction\",\"target\":{\"@type\":\"EntryPoint\",\"urlTemplate\":\"https:\/\/www.albathyment.com.pl\/AlbaThyment\/?s={search_term_string}\"},\"query-input\":\"required name=search_term_string\"}],\"inLanguage\":\"pl-PL\"}]}<\/script>\n<!-- \/ Yoast SEO plugin. -->","yoast_head_json":{"title":"Skontaktuj si\u0119 z nami!","robots":{"index":"index","follow":"follow","max-snippet":"max-snippet:-1","max-image-preview":"max-image-preview:large","max-video-preview":"max-video-preview:-1"},"canonical":"https:\/\/www.albathyment.com.pl\/AlbaThyment\/kontakt-2\/","og_locale":"pl_PL","og_type":"article","og_title":"Skontaktuj si\u0119 z nami!","og_url":"https:\/\/www.albathyment.com.pl\/AlbaThyment\/kontakt-2\/","og_site_name":"Alba Thyment Sp. zo.o.","article_publisher":"https:\/\/www.facebook.com\/essenzabalsamica\/?fref=ts","article_modified_time":"2024-06-04T08:37:19+00:00","twitter_card":"summary_large_image","twitter_misc":{"Szacowany czas czytania":"2 minuty"},"schema":{"@context":"https:\/\/schema.org","@graph":[{"@type":"WebPage","@id":"https:\/\/www.albathyment.com.pl\/AlbaThyment\/kontakt-2\/","url":"https:\/\/www.albathyment.com.pl\/AlbaThyment\/kontakt-2\/","name":"Skontaktuj si\u0119 z nami!","isPartOf":{"@id":"https:\/\/www.albathyment.com.pl\/AlbaThyment\/#website"},"datePublished":"2015-10-12T14:00:01+00:00","dateModified":"2024-06-04T08:37:19+00:00","breadcrumb":{"@id":"https:\/\/www.albathyment.com.pl\/AlbaThyment\/kontakt-2\/#breadcrumb"},"inLanguage":"pl-PL","potentialAction":[{"@type":"ReadAction","target":["https:\/\/www.albathyment.com.pl\/AlbaThyment\/kontakt-2\/"]}]},{"@type":"BreadcrumbList","@id":"https:\/\/www.albathyment.com.pl\/AlbaThyment\/kontakt-2\/#breadcrumb","itemListElement":[{"@type":"ListItem","position":1,"name":"Home","item":"https:\/\/www.albathyment.com.pl\/AlbaThyment\/"},{"@type":"ListItem","position":2,"name":"Kontakt"}]},{"@type":"WebSite","@id":"https:\/\/www.albathyment.com.pl\/AlbaThyment\/#website","url":"https:\/\/www.albathyment.com.pl\/AlbaThyment\/","name":"Alba Thyment Sp. zo.o.","description":"manufactory of healthy cosmetics and natural pharmaceuticals","potentialAction":[{"@type":"SearchAction","target":{"@type":"EntryPoint","urlTemplate":"https:\/\/www.albathyment.com.pl\/AlbaThyment\/?s={search_term_string}"},"query-input":"required name=search_term_string"}],"inLanguage":"pl-PL"}]}},"_links":{"self":[{"href":"https:\/\/www.albathyment.com.pl\/AlbaThyment\/wp-json\/wp\/v2\/pages\/610"}],"collection":[{"href":"https:\/\/www.albathyment.com.pl\/AlbaThyment\/wp-json\/wp\/v2\/pages"}],"about":[{"href":"https:\/\/www.albathyment.com.pl\/AlbaThyment\/wp-json\/wp\/v2\/types\/page"}],"author":[{"embeddable":true,"href":"https:\/\/www.albathyment.com.pl\/AlbaThyment\/wp-json\/wp\/v2\/users\/1"}],"replies":[{"embeddable":true,"href":"https:\/\/www.albathyment.com.pl\/AlbaThyment\/wp-json\/wp\/v2\/comments?post=610"}],"version-history":[{"count":17,"href":"https:\/\/www.albathyment.com.pl\/AlbaThyment\/wp-json\/wp\/v2\/pages\/610\/revisions"}],"predecessor-version":[{"id":6731,"href":"https:\/\/www.albathyment.com.pl\/AlbaThyment\/wp-json\/wp\/v2\/pages\/610\/revisions\/6731"}],"wp:attachment":[{"href":"https:\/\/www.albathyment.com.pl\/AlbaThyment\/wp-json\/wp\/v2\/media?parent=610"}],"curies":[{"name":"wp","href":"https:\/\/api.w.org\/{rel}","templated":true}]}}