{"id":36,"date":"2015-08-18T09:27:09","date_gmt":"2015-08-18T09:27:09","guid":{"rendered":"http:\/\/www.albathyment.com.pl\/AlbaThyment\/?page_id=36"},"modified":"2023-07-07T08:31:07","modified_gmt":"2023-07-07T08:31:07","slug":"zgloszenie-dzialan-niepozadanych","status":"publish","type":"page","link":"https:\/\/www.albathyment.com.pl\/AlbaThyment\/zgloszenie-dzialan-niepozadanych\/","title":{"rendered":"Zg\u0142oszenie Dzia\u0142a\u0144 Niepo\u017c\u0105danych"},"content":{"rendered":"<div class=\"flex_column av_one_full  flex_column_div av-zero-column-padding first  avia-builder-el-0  el_before_av_one_full  avia-builder-el-first  \" style='border-radius:0px; '><section class=\"av_textblock_section \"  itemscope=\"itemscope\" itemtype=\"https:\/\/schema.org\/CreativeWork\" ><div class='avia_textblock  '   itemprop=\"text\" ><p><strong>Dzia\u0142anie niepo\u017c\u0105dane<\/strong> definiuje si\u0119 jako ka\u017cde niekorzystne i niezamierzone dzia\u0142anie produktu leczniczego.<\/p>\n<p align=\"justify\"><strong>Je\u017celi jeste\u015b pacjentem lub opiekunem pacjenta<\/strong>, u\u00a0kt\u00f3rego po zastosowaniu kt\u00f3rego\u015b z\u00a0produkt\u00f3w leczniczych firmy Alba Thyment Sp. z o.o. wyst\u0105pi\u0142y dzia\u0142ania niepo\u017c\u0105dane lub <strong>jeste\u015b lekarzem \/ farmaceut\u0105 \/pracownikiem s\u0142u\u017cby zdrowia<\/strong> i\u00a0chcia\u0142by\u015b zg\u0142osi\u0107 dzia\u0142anie niepo\u017c\u0105dane, kt\u00f3re wyst\u0105pi\u0142o u\u00a0Twojego pacjenta podczas stosowania naszego produktu leczniczego, prosimy o\u00a0poinformowanie nas o\u00a0tym\u00a0telefonicznie lub za pomoc\u0105 formularza zg\u0142oszenia dzia\u0142a\u0144 niepo\u017c\u0105danych. Przes\u0142ane przez Pa\u0144stwa zg\u0142oszenie zostanie przez nas przeanalizowane, a\u00a0przedstawiciel firmy Alba Thyment Sp. z o.o. skontaktuje si\u0119 z\u00a0Pa\u0144stwem w\u00a0celu uzyskania wi\u0119cej informacji.<\/p>\n<p align=\"justify\">Zg\u0142oszenie dzia\u0142ania niepo\u017c\u0105danego mo\u017cna dokona\u0107 24 godziny na dob\u0119 pod nr <strong>+48 607 696 231.<\/strong><\/p>\n<p align=\"justify\">Prosz\u0119 poda\u0107 inicja\u0142y osoby w kt\u00f3rej zaobserwowane zosta\u0142o dzia\u0142anie niepo\u017c\u0105dane oraz informacje jak si\u0119 z dan\u0105 osob\u0105 skontaktowa\u0107.<\/p>\n<p>Zg\u0142oszenie dzia\u0142ania niepo\u017c\u0105danego mo\u017cna dokona\u0107 poprzez wype\u0142nienie formularza.<\/p>\n<\/div><\/section><\/div><div class=\"flex_column av_one_full  flex_column_div av-zero-column-padding first  avia-builder-el-2  el_after_av_one_full  avia-builder-el-last  column-top-margin\" style='border-radius:0px; '><section class=\"av_textblock_section \"  itemscope=\"itemscope\" itemtype=\"https:\/\/schema.org\/CreativeWork\" ><div class='avia_textblock  '   itemprop=\"text\" >\n\n<!-- Fast Secure Contact Form plugin 4.0.52 - begin - FastSecureContactForm.com -->\r\n<div style=\"clear:both;\"><\/div>\n\r\n<div id=\"FSContact3\" style=\"width:99%; max-width:555px;\">\r\n<form action=\"https:\/\/www.albathyment.com.pl\/AlbaThyment\/wp-json\/wp\/v2\/pages\/36#FSContact3\" id=\"fscf_form3\" method=\"post\">\r\n\n<div id=\"fscf_required3\">\n  <span style=\"text-align:left;\">*<\/span> <span style=\"text-align:left;\">oznacza pole wymagane<\/span>\n<\/div>\n\n\n<div id=\"fscf_div_clear3_4\" style=\"clear:both;\">\n  <div id=\"fscf_div_field3_4\" style=\"clear:left; float:left; width:99%; max-width:550px; margin-right:10px;\">\n\n    <div style=\"clear:both;\"><\/div>\n<strong>Osoba zg\u0142aszaj\u0105ca dzia\u0142anie niepo\u017c\u0105dane<\/strong>\n\n    <div  id=\"fscf_label3_4\" style=\"text-align:left; padding-top:5px;\">\r\n      <label style=\"text-align:left;\" for=\"fscf_field3_4\">Zg\u0142aszaj\u0105cy:<\/label>\n    <\/div>\n    <div style=\"text-align:left;\">\n      <input style=\"text-align:left; margin:0; width:99%;\" type=\"text\" id=\"fscf_field3_4\" name=\"Zglaszajacy\" value=\"\"  \/>\n    <\/div>\n  <\/div>\n<\/div>\n\n<div id=\"fscf_div_clear3_5\" style=\"clear:both;\">\n  <div id=\"fscf_div_field3_5\" style=\"clear:left; float:left; width:99%; max-width:250px; margin-right:10px;\">\n    <div  id=\"fscf_label3_5\" style=\"text-align:left; padding-top:5px;\">\r\n      <label style=\"text-align:left;\" for=\"fscf_field3_5\">Imi\u0119:<\/label>\n    <\/div>\n    <div style=\"text-align:left;\">\n      <input style=\"width:240px;\" type=\"text\" id=\"fscf_field3_5\" name=\"Imie\" value=\"\"  \/>\n    <\/div>\n  <\/div>\n  <div id=\"fscf_div_follow3_6\" style=\"float:left; padding-left:10px; width:99%; max-width:250px;\">\n    <div  id=\"fscf_label3_6\" style=\"text-align:left; padding-top:5px;\">\r\n      <label style=\"text-align:left;\" for=\"fscf_field3_6\">Nazwisko:<\/label>\n    <\/div>\n    <div style=\"text-align:left;\">\n      <input style=\"width:240px;\" type=\"text\" id=\"fscf_field3_6\" name=\"Nazwisko\" value=\"\"  \/>\n    <\/div>\n  <\/div>\n<\/div>\n\n<div id=\"fscf_div_clear3_7\" style=\"clear:both;\">\n  <div id=\"fscf_div_field3_7\" style=\"clear:left; float:left; width:99%; max-width:250px; margin-right:10px;\">\n\n    <div style=\"clear:both;\"><\/div>\n<div style=\"width=600px\"><strong>Dane kontaktowe<\/strong><br\/><\/div>\n\n    <div  id=\"fscf_label3_7\" style=\"text-align:left; padding-top:5px;\">\r\n      <label style=\"text-align:left;\" for=\"fscf_field3_7\">Telefon:<span style=\"text-align:left;\">*<\/span><\/label>\n    <\/div>\n    <div style=\"text-align:left;\">\n      <input style=\"text-align:left; margin:0; width:99%;\" type=\"text\" id=\"fscf_field3_7\" name=\"Telefon01\" value=\"\"  \/>\n    <\/div>\n  <\/div>\n  <div id=\"fscf_div_follow3_1\" style=\"float:left; padding-left:10px; width:99%; max-width:250px;\">\n\n    <div style=\"clear:both;\"><\/div>\n<div style=\"width=600px\"><br\/><\/div>\n\n    <div style=\"text-align:left; padding-top:5px;\">\n      <label style=\"text-align:left;\" for=\"fscf_email3\">Email:<\/label>\n    <\/div>\n    <div style=\"text-align:left;\">\n      <input style=\"text-align:left; margin:0; width:99%;\" type=\"text\" id=\"fscf_email3\" name=\"email\" value=\"\"  \/>\n    <\/div>\n  <\/div>\n<\/div>\n\n<div id=\"fscf_div_clear3_8\" style=\"clear:both;\">\n  <div id=\"fscf_div_field3_8\" style=\"clear:left; float:left; width:99%; max-width:550px; margin-right:10px;\">\n    <div  id=\"fscf_label3_8\" style=\"text-align:left; padding-top:5px;\">\r\n      <label style=\"text-align:left;\" for=\"fscf_field3_8\">P\u0142e\u0107:<\/label>\n    <\/div>\n    <div style=\"text-align:left;\">\n      <select style=\"text-align:left;\" id=\"fscf_field3_8\" name=\"Plec[]\">\n        <option value=\"1\">Kobieta<\/option>\n        <option value=\"2\">M\u0119\u017cczyzna<\/option>\n      <\/select>\n    <\/div>\n  <\/div>\n<\/div>\n\n<div id=\"fscf_div_clear3_9\" style=\"clear:both;\">\n  <div id=\"fscf_div_field3_9\" style=\"clear:left; float:left; width:99%; max-width:550px; margin-right:10px;\">\n    <div  id=\"fscf_label3_9\" style=\"text-align:left; padding-top:5px;\">\r\n      <label style=\"text-align:left;\" for=\"fscf_field3_9\">Data urodzenia:<\/label>\n    <\/div>\n    <div style=\"text-align:left;\">\n      <input style=\"text-align:left; margin:0; width:99%;\" type=\"text\" id=\"fscf_field3_9\" name=\"Data-urodzenia\" value=\"mm\/dd\/yyyy\"  size=\"15\"  \/>\n    <\/div>\n  <\/div>\n<\/div>\n\n<div id=\"fscf_div_clear3_10\" style=\"clear:both;\">\n  <div id=\"fscf_div_field3_10\" style=\"clear:left; float:left; width:99%; max-width:550px; margin-right:10px;\">\n    <div  id=\"fscf_label3_10\" style=\"text-align:left; padding-top:5px;\">\r\n      <label style=\"text-align:left;\" for=\"fscf_field3_10\">Wiek pacjenta:<\/label>\n    <\/div>\n    <div style=\"text-align:left;\">\n      <input style=\"text-align:left; margin:0; width:99%;\" type=\"text\" id=\"fscf_field3_10\" name=\"Wiek-pacjenta\" value=\"\"  maxlength=\"3\" \/>\n    <\/div>\n  <\/div>\n<\/div>\n\n<div id=\"fscf_div_clear3_2\" style=\"clear:both;\">\n  <div id=\"fscf_div_field3_2\" style=\"clear:left; float:left; width:99%; max-width:550px; margin-right:10px;\">\n    <div style=\"text-align:left; padding-top:5px;\">\n      <label style=\"text-align:left;\" for=\"fscf_field3_2\">Subject:<span style=\"text-align:left;\">*<\/span><\/label>\n    <\/div>\n    <div style=\"text-align:left;\">\n      <input style=\"text-align:left; margin:0; width:99%;\" type=\"text\" id=\"fscf_field3_2\" name=\"subject\" value=\"\"  \/>\n    <\/div>\n  <\/div>\n<\/div>\n\n<div id=\"fscf_div_clear3_3\" style=\"clear:both;\">\n  <div id=\"fscf_div_field3_3\" style=\"clear:left; float:left; width:99%; max-width:550px; margin-right:10px;\">\n    <div style=\"text-align:left; padding-top:5px;\">\n      <label style=\"text-align:left;\" for=\"fscf_field3_3\">Message:<span style=\"text-align:left;\">*<\/span><\/label>\n    <\/div>\n    <div style=\"text-align:left;\">\n      <textarea style=\"text-align:left; margin:0; width:99%; height:120px;\" id=\"fscf_field3_3\" name=\"message\" cols=\"30\" rows=\"10\" ><\/textarea>\n    <\/div>\n  <\/div>\n<\/div>\n\n<div id=\"fscf_div_clear3_11\" style=\"clear:both;\">\n  <div id=\"fscf_div_field3_11\" style=\"clear:left; float:left; width:99%; max-width:550px; margin-right:10px;\">\n    <div  id=\"fscf_label3_11\" style=\"text-align:left; padding-top:5px;\">\r\n      <label style=\"text-align:left;\" for=\"fscf_field3_11\">Inicja\u0142y pacjenta:<span style=\"text-align:left;\">*<\/span><\/label>\n    <\/div>\n    <div style=\"text-align:left;\">\n      <input style=\"text-align:left; margin:0; width:99%;\" type=\"text\" id=\"fscf_field3_11\" name=\"Inicjaly-pacjenta\" value=\"\"  maxlength=\"4\" \/>\n    <\/div>\n\n    <div style=\"clear:both;\"><\/div>\n<br\/><strong>Informacje o leku<\/strong>\n\n  <\/div>\n<\/div>\n\n<div id=\"fscf_div_clear3_12\" style=\"clear:both;\">\n  <div id=\"fscf_div_field3_12\" style=\"clear:left; float:left; width:99%; max-width:550px; margin-right:10px;\">\n    <div  id=\"fscf_label3_12\" style=\"text-align:left; padding-top:5px;\">\r\n      <label style=\"text-align:left;\" for=\"fscf_field3_12\">Produkt:<span style=\"text-align:left;\">*<\/span><\/label>\n    <\/div>\n    <div style=\"text-align:left;\">\n      <input style=\"text-align:left; margin:0; width:99%;\" type=\"text\" id=\"fscf_field3_12\" name=\"Produkt\" value=\"\"  \/>\n    <\/div>\n  <\/div>\n<\/div>\n\n<div id=\"fscf_div_clear3_13\" style=\"clear:both;\">\n  <div id=\"fscf_div_field3_13\" style=\"clear:left; float:left; width:99%; max-width:550px; margin-right:10px;\">\n    <div  id=\"fscf_label3_13\" style=\"text-align:left; padding-top:5px;\">\r\n      <label style=\"text-align:left;\" for=\"fscf_field3_13\">Nr Serii produktu:<span style=\"text-align:left;\">*<\/span><\/label>\n    <\/div>\n    <div style=\"text-align:left;\">\n      <input style=\"text-align:left; margin:0; width:99%;\" type=\"text\" id=\"fscf_field3_13\" name=\"Nr-Serii-produktu\" value=\"\"  \/>\n    <\/div>\n  <\/div>\n<\/div>\n\n<div id=\"fscf_div_clear3_14\" style=\"clear:both;\">\n  <div id=\"fscf_div_field3_14\" style=\"clear:left; float:left; width:99%; max-width:550px; margin-right:10px;\">\n    <div  id=\"fscf_label3_14\" style=\"text-align:left; padding-top:5px;\">\r\n      <label style=\"text-align:left;\" for=\"fscf_field3_14\">Opis zdarzenia:<span style=\"text-align:left;\">*<\/span><\/label>\n    <\/div>\n    <div style=\"text-align:left;\">\n      <textarea style=\"text-align:left; margin:0; width:99%; height:120px;\" id=\"fscf_field3_14\" name=\"Opis-zdarzenia\" cols=\"30\" rows=\"10\" ><\/textarea>\n    <\/div>\n  <\/div>\n<\/div>\n\n<div id=\"fscf_div_clear3_15\" style=\"clear:both;\">\n  <div id=\"fscf_div_field3_15\" style=\"clear:left; float:left; width:99%; max-width:250px; margin-right:10px;\">\n\n    <div style=\"clear:both;\"><\/div>\nZakres czasowy (od kiedy do kiedy wyst\u0119powa\u0142o dzia\u0142anie niepo\u017c\u0105dane):\n\n    <div  id=\"fscf_label3_15\" style=\"text-align:left; padding-top:5px;\">\n    <\/div>\n    <div style=\"text-align:left;\">\n      <input style=\"width: 120px;\" type=\"text\" id=\"fscf_field3_15\" name=\"Zakres-czasowy-od-kiedy-do-kiedy-wystepo\" value=\"mm\/dd\/yyyy\"  size=\"15\"  \/>\n    <\/div>\n  <\/div>\n  <div id=\"fscf_div_follow3_16\" style=\"float:left; padding-left:10px; width:99%; max-width:250px;\">\n\n    <div style=\"clear:both;\"><\/div>\ndo :\n\n    <div  id=\"fscf_label3_16\" style=\"text-align:left; padding-top:5px;\">\n    <\/div>\n    <div style=\"text-align:left;\">\n      <input style=\"text-align:left; margin:0; width:99%;\" type=\"text\" id=\"fscf_field3_16\" name=\"do\" value=\"mm\/dd\/yyyy\"  size=\"15\"  \/>\n    <\/div>\n\n    <div style=\"clear:both;\"><\/div>\n<br\/><br\/><br\/>\n\n  <\/div>\n<\/div>\n\n<div id=\"fscf_div_clear3_17\" style=\"clear:both;\">\n  <div id=\"fscf_div_field3_17\" style=\"clear:left; float:left; width:99%; max-width:550px; margin-right:10px;\">\n    <div  id=\"fscf_label3_17\" style=\"text-align:left; padding-top:5px;\">\n    <\/div>\n    <div style=\"text-align:left;\">\n      <span><input type=\"checkbox\" style=\"width:22px; height:32px;\" id=\"fscf_field3_17\" name=\"Zdarzenie-trwa-nadal\" value=\"1\" \/> <label style=\"display:inline;\" for=\"fscf_field3_17\">Zdarzenie trwa nadal:<span style=\"text-align:left;\">*<\/span><\/label><\/span>\n    <\/div>\n  <\/div>\n<\/div>\n\n<div id=\"fscf_div_clear3_18\" style=\"clear:both;\">\n  <div id=\"fscf_div_field3_18\" style=\"clear:left; float:left; width:99%; max-width:250px; margin-right:10px;\">\n    <div  id=\"fscf_label3_18\" style=\"text-align:left; padding-top:5px;\">\r\n      <label style=\"text-align:left;\" for=\"fscf_field3_18\">Lek stosowany od:<span style=\"text-align:left;\">*<\/span><\/label>\n    <\/div>\n    <div style=\"text-align:left;\">\n      <input style=\"text-align:left; margin:0; width:99%;\" type=\"text\" id=\"fscf_field3_18\" name=\"Lek-stosowany-od\" value=\"mm\/dd\/yyyy\"  size=\"15\"  \/>\n    <\/div>\n  <\/div>\n  <div id=\"fscf_div_follow3_19\" style=\"float:left; padding-left:10px; width:99%; max-width:250px;\">\n    <div  id=\"fscf_label3_19\" style=\"text-align:left; padding-top:5px;\">\r\n      <label style=\"text-align:left;\" for=\"fscf_field3_19\">do :<span style=\"text-align:left;\">*<\/span><\/label>\n    <\/div>\n    <div style=\"text-align:left;\">\n      <input style=\"text-align:left; margin:0; width:99%;\" type=\"text\" id=\"fscf_field3_19\" name=\"do01\" value=\"mm\/dd\/yyyy\"  size=\"15\"  \/>\n    <\/div>\n  <\/div>\n<\/div>\n\n<div id=\"fscf_div_clear3_20\" style=\"clear:both;\">\n  <div id=\"fscf_div_field3_20\" style=\"clear:left; float:left; width:99%; max-width:550px; margin-right:10px;\">\n    <div  id=\"fscf_label3_20\" style=\"text-align:left; padding-top:5px;\">\r\n      <label style=\"text-align:left;\" for=\"fscf_field3_20\">Dawka leku:<\/label>\n    <\/div>\n    <div style=\"text-align:left;\">\n      <input style=\"font-size:9px;\" type=\"text\" id=\"fscf_field3_20\" name=\"Dawka-leku\" value=\"\"  \/>\n    <\/div>\n\n    <div style=\"clear:both;\"><\/div>\nAdministratorem podanych przez Pa\u0144stwa danych osobowych jest ALBA THYMENT Sp. z o.o.\r\n\r\nPodane przez Pa\u0144stwa dane osobowe b\u0119d\u0105 przetwarzane wy\u0142\u0105cznie do cel\u00f3w zwi\u0105zanych z realizacj\u0105 wynikaj\u0105cych z przepis\u00f3w prawa obowi\u0105zk\u00f3w w zakresie nadzoru nad bezpiecze\u0144stwem stosowania produkt\u00f3w leczniczych. Podane dane osobowe b\u0119d\u0105 przekazywane w celu wykonywania obowi\u0105zk\u00f3w wynikaj\u0105cych z przepis\u00f3w prawa odbiorcom danych, w tym w\u0142a\u015bciwym organom regulacyjnym oraz podmiotom odpowiedzialnym. Przys\u0142uguje Pa\u0144stwu prawo do dost\u0119pu do tre\u015bci danych osobowych oraz ich poprawiania.\r\n\r\nPodanie danych osobowych jest dobrowolne, za wyj\u0105tkiem os\u00f3b wykonuj\u0105cych zaw\u00f3d medyczny co do kt\u00f3rych odpowiednie przepisy prawa reguluj\u0105ce zasady wykonywania zawodu przewiduj\u0105 obowi\u0105zek zg\u0142aszania dzia\u0142a\u0144 niepo\u017c\u0105danych produkt\u00f3w leczniczych.\n\n  <\/div>\n<\/div>\r\n<div style=\"clear:both;\"><\/div>\n\n<div style=\"text-align:left; padding-top:5px;\">\n<\/div>\n<div id=\"fscf_captcha_image_div3\" style=\"width:250px; height:65px; padding-top:2px;\">\n      <img id=\"fscf_captcha_image3\" style=\"border-style:none; margin:0; padding:0px; padding-right:5px; float:left;\" src=\"https:\/\/www.albathyment.com.pl\/AlbaThyment\/wp-content\/plugins\/si-contact-form\/captcha\/securimage_show.php?prefix=Tv7lHXVuByQcFAzJ\" width=\"175\" height=\"60\" alt=\"CAPTCHA\" title=\"CAPTCHA\" \/>\n      <input id=\"fscf_captcha_prefix3\" type=\"hidden\" name=\"fscf_captcha_prefix3\" value=\"Tv7lHXVuByQcFAzJ\" \/>\n     <div id=\"fscf_captcha_refresh3\">\n        <a href=\"#\" rel=\"nofollow\" title=\"Refresh\" onclick=\"fscf_captcha_refresh('3','\/AlbaThyment\/wp-content\/plugins\/si-contact-form\/captcha','https:\/\/www.albathyment.com.pl\/AlbaThyment\/wp-content\/plugins\/si-contact-form\/captcha\/securimage_show.php?prefix='); return false;\">\n        <img src=\"https:\/\/www.albathyment.com.pl\/AlbaThyment\/wp-content\/plugins\/si-contact-form\/captcha\/images\/refresh.png\" width=\"22\" height=\"20\" alt=\"Refresh\" style=\"border-style:none; margin:0; padding:0px; vertical-align:bottom;\" onclick=\"this.blur();\" \/><\/a>\r\n     <\/div>\r\n<\/div>\r\n\r\n<div id=\"fscf_captcha_field3\" style=\"text-align:left; padding-top:5px;\">\r\n     <label style=\"text-align:left;\" for=\"fscf_captcha_code3\">CAPTCHA Code:<span style=\"text-align:left;\">*<\/span><\/label>\r\n<\/div>\r\n<div style=\"text-align:left;\">\n     <input style=\"text-align:left; margin:0; width:50px;\" type=\"text\" value=\"\" autocomplete=\"off\" id=\"fscf_captcha_code3\" name=\"captcha_code\"  \/>\n<\/div>\n\n<div id=\"fscf_submit_div3\" style=\"text-align:left; clear:both; padding-top:15px;\">\r\n\t\t<input type=\"submit\" id=\"fscf_submit3\" style=\"cursor:pointer; margin:0;\" value=\"Prze\u015blij\"  onclick=\"this.disabled=true; this.value='Submitting...'; this.form.submit();\" \/> \n<\/div>\n\n<input type=\"hidden\" name=\"fscf_submitted\" value=\"0\" \/>\n<input type=\"hidden\" name=\"fs_postonce_3\" value=\"b61edf37d389fe44d7e4fe5f8b5e418e,1777500856\" \/>\n<input type=\"hidden\" name=\"si_contact_action\" value=\"send\" \/>\n<input type=\"hidden\" name=\"form_id\" value=\"3\" \/>\n<input type=\"hidden\" name=\"mailto_id\" value=\"1\" \/>\n\n<\/form>\n<\/div>\r\n<div style=\"clear:both;\"><\/div>\n\n<!-- Fast Secure Contact Form plugin 4.0.52 - end - FastSecureContactForm.com -->\n\n<\/div><\/section><\/div><\/p>\n","protected":false},"excerpt":{"rendered":"","protected":false},"author":1,"featured_media":0,"parent":0,"menu_order":0,"comment_status":"open","ping_status":"closed","template":"","meta":[],"yoast_head":"<!-- This site is optimized with the Yoast SEO plugin v20.7 - https:\/\/yoast.com\/wordpress\/plugins\/seo\/ -->\n<title>Alba Thyment Sp. zo.o. Zg\u0142oszenie Dzia\u0142a\u0144 Niepo\u017c\u0105danych -<\/title>\n<meta name=\"robots\" content=\"index, follow, max-snippet:-1, max-image-preview:large, max-video-preview:-1\" \/>\n<link rel=\"canonical\" href=\"https:\/\/www.albathyment.com.pl\/AlbaThyment\/zgloszenie-dzialan-niepozadanych\/\" \/>\n<meta property=\"og:locale\" content=\"pl_PL\" \/>\n<meta property=\"og:type\" content=\"article\" \/>\n<meta property=\"og:title\" content=\"Alba Thyment Sp. zo.o. Zg\u0142oszenie Dzia\u0142a\u0144 Niepo\u017c\u0105danych -\" \/>\n<meta property=\"og:url\" content=\"https:\/\/www.albathyment.com.pl\/AlbaThyment\/zgloszenie-dzialan-niepozadanych\/\" \/>\n<meta property=\"og:site_name\" content=\"Alba Thyment Sp. zo.o.\" \/>\n<meta property=\"article:publisher\" content=\"https:\/\/www.facebook.com\/essenzabalsamica\/?fref=ts\" \/>\n<meta property=\"article:modified_time\" content=\"2023-07-07T08:31:07+00:00\" \/>\n<meta name=\"twitter:card\" content=\"summary_large_image\" \/>\n<meta name=\"twitter:label1\" content=\"Szacowany czas czytania\" \/>\n\t<meta name=\"twitter:data1\" content=\"2 minuty\" \/>\n<script type=\"application\/ld+json\" class=\"yoast-schema-graph\">{\"@context\":\"https:\/\/schema.org\",\"@graph\":[{\"@type\":\"WebPage\",\"@id\":\"https:\/\/www.albathyment.com.pl\/AlbaThyment\/zgloszenie-dzialan-niepozadanych\/\",\"url\":\"https:\/\/www.albathyment.com.pl\/AlbaThyment\/zgloszenie-dzialan-niepozadanych\/\",\"name\":\"Alba Thyment Sp. zo.o. Zg\u0142oszenie Dzia\u0142a\u0144 Niepo\u017c\u0105danych -\",\"isPartOf\":{\"@id\":\"https:\/\/www.albathyment.com.pl\/AlbaThyment\/#website\"},\"datePublished\":\"2015-08-18T09:27:09+00:00\",\"dateModified\":\"2023-07-07T08:31:07+00:00\",\"breadcrumb\":{\"@id\":\"https:\/\/www.albathyment.com.pl\/AlbaThyment\/zgloszenie-dzialan-niepozadanych\/#breadcrumb\"},\"inLanguage\":\"pl-PL\",\"potentialAction\":[{\"@type\":\"ReadAction\",\"target\":[\"https:\/\/www.albathyment.com.pl\/AlbaThyment\/zgloszenie-dzialan-niepozadanych\/\"]}]},{\"@type\":\"BreadcrumbList\",\"@id\":\"https:\/\/www.albathyment.com.pl\/AlbaThyment\/zgloszenie-dzialan-niepozadanych\/#breadcrumb\",\"itemListElement\":[{\"@type\":\"ListItem\",\"position\":1,\"name\":\"Home\",\"item\":\"https:\/\/www.albathyment.com.pl\/AlbaThyment\/\"},{\"@type\":\"ListItem\",\"position\":2,\"name\":\"Zg\u0142oszenie Dzia\u0142a\u0144 Niepo\u017c\u0105danych\"}]},{\"@type\":\"WebSite\",\"@id\":\"https:\/\/www.albathyment.com.pl\/AlbaThyment\/#website\",\"url\":\"https:\/\/www.albathyment.com.pl\/AlbaThyment\/\",\"name\":\"Alba Thyment Sp. zo.o.\",\"description\":\"manufactory of healthy cosmetics and natural pharmaceuticals\",\"potentialAction\":[{\"@type\":\"SearchAction\",\"target\":{\"@type\":\"EntryPoint\",\"urlTemplate\":\"https:\/\/www.albathyment.com.pl\/AlbaThyment\/?s={search_term_string}\"},\"query-input\":\"required name=search_term_string\"}],\"inLanguage\":\"pl-PL\"}]}<\/script>\n<!-- \/ Yoast SEO plugin. -->","yoast_head_json":{"title":"Alba Thyment Sp. zo.o. Zg\u0142oszenie Dzia\u0142a\u0144 Niepo\u017c\u0105danych -","robots":{"index":"index","follow":"follow","max-snippet":"max-snippet:-1","max-image-preview":"max-image-preview:large","max-video-preview":"max-video-preview:-1"},"canonical":"https:\/\/www.albathyment.com.pl\/AlbaThyment\/zgloszenie-dzialan-niepozadanych\/","og_locale":"pl_PL","og_type":"article","og_title":"Alba Thyment Sp. zo.o. Zg\u0142oszenie Dzia\u0142a\u0144 Niepo\u017c\u0105danych -","og_url":"https:\/\/www.albathyment.com.pl\/AlbaThyment\/zgloszenie-dzialan-niepozadanych\/","og_site_name":"Alba Thyment Sp. zo.o.","article_publisher":"https:\/\/www.facebook.com\/essenzabalsamica\/?fref=ts","article_modified_time":"2023-07-07T08:31:07+00:00","twitter_card":"summary_large_image","twitter_misc":{"Szacowany czas czytania":"2 minuty"},"schema":{"@context":"https:\/\/schema.org","@graph":[{"@type":"WebPage","@id":"https:\/\/www.albathyment.com.pl\/AlbaThyment\/zgloszenie-dzialan-niepozadanych\/","url":"https:\/\/www.albathyment.com.pl\/AlbaThyment\/zgloszenie-dzialan-niepozadanych\/","name":"Alba Thyment Sp. zo.o. Zg\u0142oszenie Dzia\u0142a\u0144 Niepo\u017c\u0105danych -","isPartOf":{"@id":"https:\/\/www.albathyment.com.pl\/AlbaThyment\/#website"},"datePublished":"2015-08-18T09:27:09+00:00","dateModified":"2023-07-07T08:31:07+00:00","breadcrumb":{"@id":"https:\/\/www.albathyment.com.pl\/AlbaThyment\/zgloszenie-dzialan-niepozadanych\/#breadcrumb"},"inLanguage":"pl-PL","potentialAction":[{"@type":"ReadAction","target":["https:\/\/www.albathyment.com.pl\/AlbaThyment\/zgloszenie-dzialan-niepozadanych\/"]}]},{"@type":"BreadcrumbList","@id":"https:\/\/www.albathyment.com.pl\/AlbaThyment\/zgloszenie-dzialan-niepozadanych\/#breadcrumb","itemListElement":[{"@type":"ListItem","position":1,"name":"Home","item":"https:\/\/www.albathyment.com.pl\/AlbaThyment\/"},{"@type":"ListItem","position":2,"name":"Zg\u0142oszenie Dzia\u0142a\u0144 Niepo\u017c\u0105danych"}]},{"@type":"WebSite","@id":"https:\/\/www.albathyment.com.pl\/AlbaThyment\/#website","url":"https:\/\/www.albathyment.com.pl\/AlbaThyment\/","name":"Alba Thyment Sp. zo.o.","description":"manufactory of healthy cosmetics and natural pharmaceuticals","potentialAction":[{"@type":"SearchAction","target":{"@type":"EntryPoint","urlTemplate":"https:\/\/www.albathyment.com.pl\/AlbaThyment\/?s={search_term_string}"},"query-input":"required name=search_term_string"}],"inLanguage":"pl-PL"}]}},"_links":{"self":[{"href":"https:\/\/www.albathyment.com.pl\/AlbaThyment\/wp-json\/wp\/v2\/pages\/36"}],"collection":[{"href":"https:\/\/www.albathyment.com.pl\/AlbaThyment\/wp-json\/wp\/v2\/pages"}],"about":[{"href":"https:\/\/www.albathyment.com.pl\/AlbaThyment\/wp-json\/wp\/v2\/types\/page"}],"author":[{"embeddable":true,"href":"https:\/\/www.albathyment.com.pl\/AlbaThyment\/wp-json\/wp\/v2\/users\/1"}],"replies":[{"embeddable":true,"href":"https:\/\/www.albathyment.com.pl\/AlbaThyment\/wp-json\/wp\/v2\/comments?post=36"}],"version-history":[{"count":8,"href":"https:\/\/www.albathyment.com.pl\/AlbaThyment\/wp-json\/wp\/v2\/pages\/36\/revisions"}],"predecessor-version":[{"id":6596,"href":"https:\/\/www.albathyment.com.pl\/AlbaThyment\/wp-json\/wp\/v2\/pages\/36\/revisions\/6596"}],"wp:attachment":[{"href":"https:\/\/www.albathyment.com.pl\/AlbaThyment\/wp-json\/wp\/v2\/media?parent=36"}],"curies":[{"name":"wp","href":"https:\/\/api.w.org\/{rel}","templated":true}]}}