{"id":303,"date":"2015-08-31T11:20:14","date_gmt":"2015-08-31T11:20:14","guid":{"rendered":"http:\/\/www.albathyment.com.pl\/AlbaThyment\/?page_id=303"},"modified":"2024-01-31T12:24:22","modified_gmt":"2024-01-31T12:24:22","slug":"regulamin-sklepu","status":"publish","type":"page","link":"https:\/\/www.albathyment.com.pl\/AlbaThyment\/regulamin-sklepu\/","title":{"rendered":"Regulamin Sklepu"},"content":{"rendered":"<div class=\"flex_column av_one_full  flex_column_div av-zero-column-padding first  avia-builder-el-0  avia-builder-el-no-sibling  \" style='border-radius:0px; '><section class=\"av_textblock_section \"  itemscope=\"itemscope\" itemtype=\"https:\/\/schema.org\/CreativeWork\" ><div class='avia_textblock  '   itemprop=\"text\" ><p><strong>REGULAMIN SKLEPU INTERNETOWEGO ALBA THYMENT<\/strong><\/p>\n<p>Regulamin Sklepu Internetowego Alba Thyment okre\u015bla zasady sk\u0142adania zam\u00f3wie\u0144 oraz sprzeda\u017cy kosmetyk\u00f3w firmy Alba Thyment za po\u015brednictwem Sklepu Internetowego Alba Thyment.<\/p>\n<p><strong><br \/>\nWARUNKI OG\u00d3LNE, WARUNKI ZAMAWIANIA I SPRZEDA\u017bY:<br \/>\n<\/strong><br \/>\n1. W\u0142a\u015bcicielem Sklepu Internetowego Alba Thyment jest firma Alba Thyment Sp. z o.o. z siedzib\u0105 w Suchym Lesie przy ul. Szkolna 98, 62-002. Telefon: 061 811 54 07, fax: 061 811 54 09, NIP: 782-00-26-054, Regon 632514066.<\/p>\n<p>2. Zam\u00f3wienia na produkty Alba Thyment mo\u017cna sk\u0142ada\u0107 za po\u015brednictwem strony WWW, znajduj\u0105cej si\u0119 pod adresem http:\/\/www.albathyment.com.pl.<\/p>\n<p>3. Zam\u00f3wienia s\u0105 przyjmowane 24 godziny na dob\u0119 przez ca\u0142y rok.<\/p>\n<p>4. Zam\u00f3wienia z\u0142o\u017cone w dni powszednie po godz. 12.00, w soboty, w niedziele oraz w \u015bwi\u0119ta b\u0119d\u0105 rozpatrywane nast\u0119pnego dnia roboczego.<\/p>\n<p>5. Warunkiem koniecznym do realizacji zam\u00f3wienia jest dokonanie rejestracji w systemie Sklepu Internetowego Alba Thyment.\u00a0 Ka\u017cde zam\u00f3wienie przyj\u0119te do realizacji zostanie potwierdzone telefonicznie lub drog\u0105 elektroniczn\u0105.<\/p>\n<p>6. Zam\u00f3wienia potwierdzone do realizacji nie mog\u0105 by\u0107 anulowane.<\/p>\n<p>7. Zam\u00f3wienia, co do kt\u00f3rych istniej\u0105 jakiekolwiek w\u0105tpliwo\u015bci, b\u0119d\u0105 weryfikowane przez obs\u0142ug\u0119 Sklepu, zam\u00f3wienie takie mo\u017ce zosta\u0107 anulowane przez Sklep. Zamawiaj\u0105cy zostanie poinformowany o tym fakcie.<\/p>\n<p>8. Zam\u00f3wiony towar b\u0119dzie dostarczany przesy\u0142k\u0105 kuriersk\u0105 (firma UPS) lub Inpost.<strong>\u00a0Koszty dostarczenia:<\/strong><\/p>\n<div align=\"center\"><strong>UPS<\/strong>*:<\/div>\n<div align=\"center\">\n<ul>\n<li>Przy zam\u00f3wieniu do 250 z\u0142 (przelew) &#8211; transport 20 z\u0142<\/li>\n<li>Przy zam\u00f3wieniu do 250 z\u0142 (pobranie) &#8211; transport 24 z\u0142<\/li>\n<li>Przy zam\u00f3wieniu powy\u017cej 250 z\u0142 (przelew i pobranie) &#8211; transport 0 z\u0142<\/li>\n<\/ul>\n<\/div>\n<div align=\"center\"><strong>InPost kurier:<\/strong><\/div>\n<div align=\"center\">\n<ul>\n<li>Przy zam\u00f3wieniu do 250 z\u0142 (przelew) &#8211; transport 16 z\u0142<\/li>\n<li>Przy zam\u00f3wieniu do 250 z\u0142 (pobranie) &#8211; transport 19 z\u0142<\/li>\n<li>Przy zam\u00f3wieniu powy\u017cej 250 z\u0142 (przelew i pobranie) &#8211; transport 0 z\u0142<\/li>\n<\/ul>\n<\/div>\n<p>*Aby kurier dostarczy\u0142 przesy\u0142k\u0119 wymagana jest obecno\u015b\u0107 w domu osoby, kt\u00f3ra b\u0119dzie mog\u0142a odebra\u0107 paczk\u0119. W przypadku nieobecno\u015bci adresata mo\u017cna przesy\u0142k\u0119 odebra\u0107 osobi\u015bcie w oddziale UPS b\u0105d\u017a zam\u00f3wi\u0107 kolejne dor\u0119czenie na sw\u00f3j adres. Pierwsze kolejne dor\u0119czenie, o kt\u00f3rym mowa w zdaniu poprzednim, jest wykonywane przez UPS bezp\u0142atnie. Termin na odbi\u00f3r przesy\u0142ki wynosi 3 dni i jego bieg rozpoczyna sie od dnia nast\u0119pnego po awizowaniu przesy\u0142ki. Brak pozostawionego awizo nie \u015bwiadczy o braku pr\u00f3by dostarczenia przesy\u0142ki. Koszt takiej przesy\u0142ki wynosi od 10 z\u0142 do 25 z\u0142 w zale\u017cno\u015bci od warto\u015bci zam\u00f3wienia. W mailu, kt\u00f3rym powiadamiamy Ci\u0119 o wys\u0142aniu Twojego zam\u00f3wienia, znajduje si\u0119 numer przesy\u0142ki. Wpisuj\u0105c podany numer na stronie UPS mo\u017cesz \u015bledzi\u0107 tras\u0119 swojej przesy\u0142ki.<br \/>\n9. Mo\u017cliwy jest tak\u017ce odbi\u00f3r osobisty zam\u00f3wienia pod adresem:\u00a0<strong>ul. Szkolna 98, 62-002 Suchy Las<\/strong>. Odbi\u00f3r zam\u00f3wie\u0144 mo\u017cliwy w godzinach 08:00 &#8211; 15:00.<\/p>\n<p>10. Ceny w Sklepie Internetowym Alba Thyment wyra\u017cone s\u0105 w z\u0142otych polskich i zawieraj\u0105 podatek VAT (ceny brutto). W przypadku zakupu towaru, kt\u00f3ry jest niezgodny ze stanem faktycznym, Kupuj\u0105cy zostanie poinformowany o tym fakcie, a zam\u00f3wienie zostanie anulowane.<\/p>\n<p>11. W przypadku braku towaru w magazynie Zamawiaj\u0105cy jest informowany o tym fakcie i zwi\u0105zanym z tym wyd\u0142u\u017ceniem czasu realizacji zam\u00f3wienia. Je\u017celi Zamawiaj\u0105cy nie wyrazi zgody na wyd\u0142u\u017cenie czasu realizacji zam\u00f3wienia, mo\u017ce ca\u0142kowicie zrezygnowa\u0107 z zam\u00f3wienia b\u0105d\u017a te\u017c zrezygnowa\u0107 tylko z pozycji, kt\u00f3ra wyd\u0142u\u017ca czas realizacji zam\u00f3wienia.<\/p>\n<p>12. Do ka\u017cdej przesy\u0142ki do\u0142\u0105czony jest dow\u00f3d zakupu (faktura VAT). W przypadku, gdy Zamawiaj\u0105cy jest p\u0142atnikiem podatku VAT (np. podmioty gospodarcze), uprasza si\u0119 o wcze\u015bniejsze przes\u0142anie faksem upowa\u017cnienia do wystawienia faktury VAT bez podpisu odbiorcy na numer faksu: 061 811 54 09.<\/p>\n<p>13. Zam\u00f3wienia realizowane s\u0105 tylko na terenie Polski.<\/p>\n<p>14. W przypadku wyboru sposobu p\u0142atno\u015bci &#8222;przelew&#8221;, towar jest wysy\u0142any w momencie otrzymania \u015brodk\u00f3w pieni\u0119\u017cnych na konto bankowe (<strong><span class=\"message_body\">Raiffeisen Bank Polska S.A.<\/span><\/strong> nr konta <span class=\"message_body\">PL <strong>52 1750 1019 0000 0000 2723 6607<\/strong><\/span>) w wysoko\u015bci warto\u015bci zam\u00f3wienia.<\/p>\n<p>15. Wszelkie zwroty wysy\u0142ane na koszt Firmy Alba Thyment Sp. z o.o. nie s\u0105 przyjmowane, chyba \u017ce nast\u0105pi\u0142y wcze\u015bniej inne ustalenia.<\/p>\n<p>16. Zwrot nale\u017cy wys\u0142a\u0107 bez kwoty pobraniowej. W innym przypadku firma Alba Thyment Sp. z o.o. nie odbierze przesy\u0142ki.<\/p>\n<p>17. Z\u0142o\u017cenie zam\u00f3wienia w Sklepie Internetowym www.albathyment.com.pl jest prawnie wi\u0105\u017c\u0105c\u0105 umow\u0105 kupna-sprzeda\u017cy.<\/p>\n<p>18. Sklep www.albathyment.com.pl zastrzega sobie mo\u017cliwo\u015b\u0107 braku dost\u0119pno\u015bci okre\u015blonego towaru, o czym Klient zostanie poinformowany.<\/p>\n<p>19. U\u017cytkownik rejestruj\u0105c si\u0119\u00a0w Sklepie Internetowym www.albathyment.com.pl wyra\u017ca zgod\u0119 na otrzymywanie informacji handlowych od firmy Alba Thyment Sp. z o.o.<\/p>\n<\/div><\/section><\/div>\n","protected":false},"excerpt":{"rendered":"","protected":false},"author":2,"featured_media":0,"parent":0,"menu_order":0,"comment_status":"closed","ping_status":"closed","template":"","meta":[],"yoast_head":"<!-- This site is optimized with the Yoast SEO plugin v20.7 - https:\/\/yoast.com\/wordpress\/plugins\/seo\/ -->\n<title>Regulamin sklepu internetowego<\/title>\n<meta name=\"robots\" content=\"index, follow, max-snippet:-1, max-image-preview:large, max-video-preview:-1\" \/>\n<link rel=\"canonical\" href=\"https:\/\/www.albathyment.com.pl\/AlbaThyment\/regulamin-sklepu\/\" \/>\n<meta property=\"og:locale\" content=\"pl_PL\" \/>\n<meta property=\"og:type\" content=\"article\" \/>\n<meta property=\"og:title\" content=\"Regulamin sklepu internetowego\" \/>\n<meta property=\"og:url\" content=\"https:\/\/www.albathyment.com.pl\/AlbaThyment\/regulamin-sklepu\/\" \/>\n<meta property=\"og:site_name\" content=\"Alba Thyment Sp. zo.o.\" \/>\n<meta property=\"article:publisher\" content=\"https:\/\/www.facebook.com\/essenzabalsamica\/?fref=ts\" \/>\n<meta property=\"article:modified_time\" content=\"2024-01-31T12:24:22+00:00\" \/>\n<meta name=\"twitter:card\" content=\"summary_large_image\" \/>\n<meta name=\"twitter:label1\" content=\"Szacowany czas czytania\" \/>\n\t<meta name=\"twitter:data1\" content=\"5 minut\" \/>\n<script type=\"application\/ld+json\" class=\"yoast-schema-graph\">{\"@context\":\"https:\/\/schema.org\",\"@graph\":[{\"@type\":\"WebPage\",\"@id\":\"https:\/\/www.albathyment.com.pl\/AlbaThyment\/regulamin-sklepu\/\",\"url\":\"https:\/\/www.albathyment.com.pl\/AlbaThyment\/regulamin-sklepu\/\",\"name\":\"Regulamin sklepu internetowego\",\"isPartOf\":{\"@id\":\"https:\/\/www.albathyment.com.pl\/AlbaThyment\/#website\"},\"datePublished\":\"2015-08-31T11:20:14+00:00\",\"dateModified\":\"2024-01-31T12:24:22+00:00\",\"breadcrumb\":{\"@id\":\"https:\/\/www.albathyment.com.pl\/AlbaThyment\/regulamin-sklepu\/#breadcrumb\"},\"inLanguage\":\"pl-PL\",\"potentialAction\":[{\"@type\":\"ReadAction\",\"target\":[\"https:\/\/www.albathyment.com.pl\/AlbaThyment\/regulamin-sklepu\/\"]}]},{\"@type\":\"BreadcrumbList\",\"@id\":\"https:\/\/www.albathyment.com.pl\/AlbaThyment\/regulamin-sklepu\/#breadcrumb\",\"itemListElement\":[{\"@type\":\"ListItem\",\"position\":1,\"name\":\"Home\",\"item\":\"https:\/\/www.albathyment.com.pl\/AlbaThyment\/\"},{\"@type\":\"ListItem\",\"position\":2,\"name\":\"Regulamin Sklepu\"}]},{\"@type\":\"WebSite\",\"@id\":\"https:\/\/www.albathyment.com.pl\/AlbaThyment\/#website\",\"url\":\"https:\/\/www.albathyment.com.pl\/AlbaThyment\/\",\"name\":\"Alba Thyment Sp. zo.o.\",\"description\":\"manufactory of healthy cosmetics and natural pharmaceuticals\",\"potentialAction\":[{\"@type\":\"SearchAction\",\"target\":{\"@type\":\"EntryPoint\",\"urlTemplate\":\"https:\/\/www.albathyment.com.pl\/AlbaThyment\/?s={search_term_string}\"},\"query-input\":\"required name=search_term_string\"}],\"inLanguage\":\"pl-PL\"}]}<\/script>\n<!-- \/ Yoast SEO plugin. -->","yoast_head_json":{"title":"Regulamin sklepu internetowego","robots":{"index":"index","follow":"follow","max-snippet":"max-snippet:-1","max-image-preview":"max-image-preview:large","max-video-preview":"max-video-preview:-1"},"canonical":"https:\/\/www.albathyment.com.pl\/AlbaThyment\/regulamin-sklepu\/","og_locale":"pl_PL","og_type":"article","og_title":"Regulamin sklepu internetowego","og_url":"https:\/\/www.albathyment.com.pl\/AlbaThyment\/regulamin-sklepu\/","og_site_name":"Alba Thyment Sp. zo.o.","article_publisher":"https:\/\/www.facebook.com\/essenzabalsamica\/?fref=ts","article_modified_time":"2024-01-31T12:24:22+00:00","twitter_card":"summary_large_image","twitter_misc":{"Szacowany czas czytania":"5 minut"},"schema":{"@context":"https:\/\/schema.org","@graph":[{"@type":"WebPage","@id":"https:\/\/www.albathyment.com.pl\/AlbaThyment\/regulamin-sklepu\/","url":"https:\/\/www.albathyment.com.pl\/AlbaThyment\/regulamin-sklepu\/","name":"Regulamin sklepu internetowego","isPartOf":{"@id":"https:\/\/www.albathyment.com.pl\/AlbaThyment\/#website"},"datePublished":"2015-08-31T11:20:14+00:00","dateModified":"2024-01-31T12:24:22+00:00","breadcrumb":{"@id":"https:\/\/www.albathyment.com.pl\/AlbaThyment\/regulamin-sklepu\/#breadcrumb"},"inLanguage":"pl-PL","potentialAction":[{"@type":"ReadAction","target":["https:\/\/www.albathyment.com.pl\/AlbaThyment\/regulamin-sklepu\/"]}]},{"@type":"BreadcrumbList","@id":"https:\/\/www.albathyment.com.pl\/AlbaThyment\/regulamin-sklepu\/#breadcrumb","itemListElement":[{"@type":"ListItem","position":1,"name":"Home","item":"https:\/\/www.albathyment.com.pl\/AlbaThyment\/"},{"@type":"ListItem","position":2,"name":"Regulamin Sklepu"}]},{"@type":"WebSite","@id":"https:\/\/www.albathyment.com.pl\/AlbaThyment\/#website","url":"https:\/\/www.albathyment.com.pl\/AlbaThyment\/","name":"Alba Thyment Sp. zo.o.","description":"manufactory of healthy cosmetics and natural pharmaceuticals","potentialAction":[{"@type":"SearchAction","target":{"@type":"EntryPoint","urlTemplate":"https:\/\/www.albathyment.com.pl\/AlbaThyment\/?s={search_term_string}"},"query-input":"required name=search_term_string"}],"inLanguage":"pl-PL"}]}},"_links":{"self":[{"href":"https:\/\/www.albathyment.com.pl\/AlbaThyment\/wp-json\/wp\/v2\/pages\/303"}],"collection":[{"href":"https:\/\/www.albathyment.com.pl\/AlbaThyment\/wp-json\/wp\/v2\/pages"}],"about":[{"href":"https:\/\/www.albathyment.com.pl\/AlbaThyment\/wp-json\/wp\/v2\/types\/page"}],"author":[{"embeddable":true,"href":"https:\/\/www.albathyment.com.pl\/AlbaThyment\/wp-json\/wp\/v2\/users\/2"}],"replies":[{"embeddable":true,"href":"https:\/\/www.albathyment.com.pl\/AlbaThyment\/wp-json\/wp\/v2\/comments?post=303"}],"version-history":[{"count":16,"href":"https:\/\/www.albathyment.com.pl\/AlbaThyment\/wp-json\/wp\/v2\/pages\/303\/revisions"}],"predecessor-version":[{"id":6695,"href":"https:\/\/www.albathyment.com.pl\/AlbaThyment\/wp-json\/wp\/v2\/pages\/303\/revisions\/6695"}],"wp:attachment":[{"href":"https:\/\/www.albathyment.com.pl\/AlbaThyment\/wp-json\/wp\/v2\/media?parent=303"}],"curies":[{"name":"wp","href":"https:\/\/api.w.org\/{rel}","templated":true}]}}