{"id":28,"date":"2015-08-18T09:26:08","date_gmt":"2015-08-18T09:26:08","guid":{"rendered":"http:\/\/www.albathyment.com.pl\/AlbaThyment\/?page_id=28"},"modified":"2016-08-04T10:40:15","modified_gmt":"2016-08-04T10:40:15","slug":"marki","status":"publish","type":"page","link":"https:\/\/www.albathyment.com.pl\/AlbaThyment\/marki\/","title":{"rendered":"Marki"},"content":{"rendered":"<div class=\"flex_column av_one_third  flex_column_div av-zero-column-padding first  avia-builder-el-0  el_before_av_two_third  avia-builder-el-first  \" style='border-radius:0px; '><div class='avia-image-container  av-styling-    avia-builder-el-1  avia-builder-el-no-sibling   avia-align-center '  itemprop=\"ImageObject\" itemscope=\"itemscope\" itemtype=\"https:\/\/schema.org\/ImageObject\"  ><div class='avia-image-container-inner'><div class='avia-image-overlay-wrap'><img class='avia_image' src='https:\/\/www.albathyment.com.pl\/AlbaThyment\/wp-content\/uploads\/2015\/09\/Argol-EB-actual-238x300.png' alt='' title='Argol EB - actual' height=\"300\" width=\"238\"  itemprop=\"thumbnailUrl\"  \/><\/div><\/div><\/div><\/div>\n<div class=\"flex_column av_two_third  flex_column_div av-zero-column-padding   avia-builder-el-2  el_after_av_one_third  el_before_av_two_third  \" style='border-radius:0px; '><section class=\"av_textblock_section \"  itemscope=\"itemscope\" itemtype=\"https:\/\/schema.org\/CreativeWork\" ><div class='avia_textblock  '   itemprop=\"text\" ><p><strong><a href=\"http:\/\/www.albathyment.com.pl\/AlbaThyment\/marki\/argol\/\">ARGOL\u00ae ESSENZA BALSAMICA<\/a><\/strong>\u00a0jest preparatem pochodzenia ro\u015blinnego, w kt\u00f3rym substancjami czynnymi s\u0105 wybrane olejki eteryczne wyodr\u0119bnione z ro\u015blin i wyizolowany z olejku mi\u0119ty pieprzowej mentol. Zosta\u0142 sporz\u0105dzony wed\u0142ug opis\u00f3w farmakopealnych Esencji Karmelita\u0144skiej\u00a0&#8211;\u00a0leku ro\u015blinnego stosowanego od 1611 r. do dnia dzisiejszego, wed\u0142ug <em>Handbuch der Pharmazeutischen Praxis<\/em>, Berlin 1880 r. Zawiera sk\u0142adniki Esencji Karmelita\u0144skiej oraz dodatkowo olejki eteryczne tymianku, mi\u0119ty i mentol.<\/p>\n<\/div><\/section><\/div>\n<div class=\"flex_column av_two_third  flex_column_div av-zero-column-padding first  avia-builder-el-4  el_after_av_two_third  el_before_av_one_third  column-top-margin\" style='border-radius:0px; '><section class=\"av_textblock_section \"  itemscope=\"itemscope\" itemtype=\"https:\/\/schema.org\/CreativeWork\" ><div class='avia_textblock  '   itemprop=\"text\" ><p><strong><a href=\"http:\/\/www.kolorex.eu\">Kolorex\u00ae <\/a><\/strong><\/p>\n<p>Suplement diety na bazie ekstraktu z Pseudowintera colorata, zielonego any\u017cu i witaminy C.<\/p>\n<\/div><\/section><\/div><div class=\"flex_column av_one_third  flex_column_div av-zero-column-padding   avia-builder-el-6  el_after_av_two_third  el_before_av_one_third  column-top-margin\" style='border-radius:0px; '><div class='avia-image-container  av-styling-    avia-builder-el-7  avia-builder-el-no-sibling   avia-align-center '  itemprop=\"ImageObject\" itemscope=\"itemscope\" itemtype=\"https:\/\/schema.org\/ImageObject\"  ><div class='avia-image-container-inner'><div class='avia-image-overlay-wrap'><img class='avia_image' src='https:\/\/www.albathyment.com.pl\/AlbaThyment\/wp-content\/uploads\/2015\/09\/Kolorex-Kapsulki-30ml-450x450-300x300.jpg' alt='' title='Kolorex - Kapsulki - 30ml - 450x450' height=\"300\" width=\"300\"  itemprop=\"thumbnailUrl\"  \/><\/div><\/div><\/div><\/div><\/p>\n<div class=\"flex_column av_one_third  flex_column_div av-zero-column-padding first  avia-builder-el-8  el_after_av_one_third  el_before_av_two_third  column-top-margin\" style='border-radius:0px; '><div class='avia-image-container  av-styling-    avia-builder-el-9  avia-builder-el-no-sibling   avia-align-center '  itemprop=\"ImageObject\" itemscope=\"itemscope\" itemtype=\"https:\/\/schema.org\/ImageObject\"  ><div class='avia-image-container-inner'><div class='avia-image-overlay-wrap'><img class='avia_image' src='https:\/\/www.albathyment.com.pl\/AlbaThyment\/wp-content\/uploads\/2015\/09\/Immunage-30-300x300.jpg' alt='' title='Immunage 30' height=\"300\" width=\"300\"  itemprop=\"thumbnailUrl\"  \/><\/div><\/div><\/div><\/div>\n<div class=\"flex_column av_two_third  flex_column_div av-zero-column-padding   avia-builder-el-10  el_after_av_one_third  el_before_av_two_third  column-top-margin\" style='border-radius:0px; '><section class=\"av_textblock_section \"  itemscope=\"itemscope\" itemtype=\"https:\/\/schema.org\/CreativeWork\" ><div class='avia_textblock  '   itemprop=\"text\" ><p><a href=\"http:\/\/www.immunage.pl\"><strong>Immun\u2019\u00c2ge\u00ae<\/strong><\/a> to nazwa\u00a0 suplementu diety wytwarzanego poprzez opatentowan\u0105 metod\u0119 biofermentacji owocu papaya \u2013 melonowca w\u0142a\u015bciwego (<em>Carica papaya<\/em>).<\/p>\n<p>Proces\u00a0ten trwa 10 miesi\u0119cy i podlega \u015bcis\u0142ej kontroli, certyfikowanej standardami ISO 9001, ISO 14001 oraz ISO 22000.<br \/>\nW taki spos\u00f3b otrzymuje si\u0119 FPP\u00ae \u2013 Immun\u2019\u00c2ge\u00ae (FPP to skr\u00f3t od\u00a0\u201efermented papaya preparation\u201d), kt\u00f3ry jest g\u0142\u00f3wnym sk\u0142adnikiem produktu.<\/p>\n<\/div><\/section><\/div>\n<div class=\"flex_column av_two_third  flex_column_div av-zero-column-padding first  avia-builder-el-12  el_after_av_two_third  el_before_av_one_third  column-top-margin\" style='border-radius:0px; '><section class=\"av_textblock_section \"  itemscope=\"itemscope\" itemtype=\"https:\/\/schema.org\/CreativeWork\" ><div class='avia_textblock  '   itemprop=\"text\" ><p><strong><a href=\"http:\/\/www.albathyment.com.pl\/AlbaThyment\/marki\/balsamique\/\">Balsamique\u00ae Professional<\/a><\/strong> to preparaty zawieraj\u0105ce bogaty zestaw naturalnych ekstrakt\u00f3w ro\u015blinnych oraz olejk\u00f3w eterycznych dobranych przy wsp\u00f3\u0142pracy z profesjonalnymi masa\u017cystami. Starannie wyselekcjonowane sk\u0142adniki intensywnie wspomagaj\u0105 proces ochrony, regeneracji i piel\u0119gnacji sk\u00f3ry. Wysokiej jako\u015bci oleje naturalne reguluj\u0105 gospodark\u0119 lipidow\u0105 sk\u00f3ry, od\u017cywiaj\u0105 j\u0105, nawil\u017caj\u0105 i regeneruj\u0105 oraz posiadaj\u0105 w\u0142a\u015bciwo\u015bci odm\u0142adzaj\u0105ce. Bardzo dobry po\u015blizg, du\u017ca ilo\u015b\u0107 substancji od\u017cywczych, przyjemny zapach i w\u0142a\u015bciwe wch\u0142anianie si\u0119 preparatu pod koniec masa\u017cu zapewniaj\u0105 komfort zar\u00f3wno pacjentowi jak i masa\u017cy\u015bcie.<\/p>\n<p>Produkty<strong> <a href=\"http:\/\/www.albathyment.com.pl\/AlbaThyment\/marki\/balsamique\/\">Balsamique\u00ae Professional<\/a><\/strong> nie zawieraj\u0105 syntetycznych barwnik\u00f3w i konserwant\u00f3w. Stabilizowane s\u0105 witamin\u0105 E i lecytyn\u0105.<\/p>\n<\/div><\/section><\/div>\n<div class=\"flex_column av_one_third  flex_column_div av-zero-column-padding   avia-builder-el-14  el_after_av_two_third  avia-builder-el-last  column-top-margin\" style='border-radius:0px; '><div class='avia-image-container  av-styling-    avia-builder-el-15  avia-builder-el-no-sibling   avia-align-center '  itemprop=\"ImageObject\" itemscope=\"itemscope\" itemtype=\"https:\/\/schema.org\/ImageObject\"  ><div class='avia-image-container-inner'><div class='avia-image-overlay-wrap'><img class='avia_image' src='https:\/\/www.albathyment.com.pl\/AlbaThyment\/wp-content\/uploads\/2015\/08\/Balsamique-Group-300x300.jpg' alt='' title='Balsamique - Group' height=\"300\" width=\"300\"  itemprop=\"thumbnailUrl\"  \/><\/div><\/div><\/div><\/div>\n","protected":false},"excerpt":{"rendered":"","protected":false},"author":1,"featured_media":0,"parent":0,"menu_order":0,"comment_status":"closed","ping_status":"closed","template":"","meta":[],"yoast_head":"<!-- This site is optimized with the Yoast SEO plugin v20.7 - https:\/\/yoast.com\/wordpress\/plugins\/seo\/ -->\n<title>Marki Alba Thyment - Balsamique, Argol i inne<\/title>\n<meta name=\"description\" content=\"Zobacz wszystkie marki firmy Alba Thyment - Argol, Balsamique, Kolorex, Immun\u2019Age\" \/>\n<meta name=\"robots\" content=\"index, follow, max-snippet:-1, max-image-preview:large, max-video-preview:-1\" \/>\n<link rel=\"canonical\" href=\"https:\/\/www.albathyment.com.pl\/AlbaThyment\/marki\/\" \/>\n<meta property=\"og:locale\" content=\"pl_PL\" \/>\n<meta property=\"og:type\" content=\"article\" \/>\n<meta property=\"og:title\" content=\"Marki Alba Thyment - Balsamique, Argol i inne\" \/>\n<meta property=\"og:description\" content=\"Zobacz wszystkie marki firmy Alba Thyment - Argol, Balsamique, Kolorex, Immun\u2019Age\" \/>\n<meta property=\"og:url\" content=\"https:\/\/www.albathyment.com.pl\/AlbaThyment\/marki\/\" \/>\n<meta property=\"og:site_name\" content=\"Alba Thyment Sp. zo.o.\" \/>\n<meta property=\"article:publisher\" content=\"https:\/\/www.facebook.com\/essenzabalsamica\/?fref=ts\" \/>\n<meta property=\"article:modified_time\" content=\"2016-08-04T10:40:15+00:00\" \/>\n<meta name=\"twitter:card\" content=\"summary_large_image\" \/>\n<meta name=\"twitter:label1\" content=\"Szacowany czas czytania\" \/>\n\t<meta name=\"twitter:data1\" content=\"4 minuty\" \/>\n<script type=\"application\/ld+json\" class=\"yoast-schema-graph\">{\"@context\":\"https:\/\/schema.org\",\"@graph\":[{\"@type\":\"WebPage\",\"@id\":\"https:\/\/www.albathyment.com.pl\/AlbaThyment\/marki\/\",\"url\":\"https:\/\/www.albathyment.com.pl\/AlbaThyment\/marki\/\",\"name\":\"Marki Alba Thyment - Balsamique, Argol i inne\",\"isPartOf\":{\"@id\":\"https:\/\/www.albathyment.com.pl\/AlbaThyment\/#website\"},\"datePublished\":\"2015-08-18T09:26:08+00:00\",\"dateModified\":\"2016-08-04T10:40:15+00:00\",\"description\":\"Zobacz wszystkie marki firmy Alba Thyment - Argol, Balsamique, Kolorex, Immun\u2019Age\",\"breadcrumb\":{\"@id\":\"https:\/\/www.albathyment.com.pl\/AlbaThyment\/marki\/#breadcrumb\"},\"inLanguage\":\"pl-PL\",\"potentialAction\":[{\"@type\":\"ReadAction\",\"target\":[\"https:\/\/www.albathyment.com.pl\/AlbaThyment\/marki\/\"]}]},{\"@type\":\"BreadcrumbList\",\"@id\":\"https:\/\/www.albathyment.com.pl\/AlbaThyment\/marki\/#breadcrumb\",\"itemListElement\":[{\"@type\":\"ListItem\",\"position\":1,\"name\":\"Home\",\"item\":\"https:\/\/www.albathyment.com.pl\/AlbaThyment\/\"},{\"@type\":\"ListItem\",\"position\":2,\"name\":\"Marki\"}]},{\"@type\":\"WebSite\",\"@id\":\"https:\/\/www.albathyment.com.pl\/AlbaThyment\/#website\",\"url\":\"https:\/\/www.albathyment.com.pl\/AlbaThyment\/\",\"name\":\"Alba Thyment Sp. zo.o.\",\"description\":\"manufactory of healthy cosmetics and natural pharmaceuticals\",\"potentialAction\":[{\"@type\":\"SearchAction\",\"target\":{\"@type\":\"EntryPoint\",\"urlTemplate\":\"https:\/\/www.albathyment.com.pl\/AlbaThyment\/?s={search_term_string}\"},\"query-input\":\"required name=search_term_string\"}],\"inLanguage\":\"pl-PL\"}]}<\/script>\n<!-- \/ Yoast SEO plugin. -->","yoast_head_json":{"title":"Marki Alba Thyment - Balsamique, Argol i inne","description":"Zobacz wszystkie marki firmy Alba Thyment - Argol, Balsamique, Kolorex, Immun\u2019Age","robots":{"index":"index","follow":"follow","max-snippet":"max-snippet:-1","max-image-preview":"max-image-preview:large","max-video-preview":"max-video-preview:-1"},"canonical":"https:\/\/www.albathyment.com.pl\/AlbaThyment\/marki\/","og_locale":"pl_PL","og_type":"article","og_title":"Marki Alba Thyment - Balsamique, Argol i inne","og_description":"Zobacz wszystkie marki firmy Alba Thyment - Argol, Balsamique, Kolorex, Immun\u2019Age","og_url":"https:\/\/www.albathyment.com.pl\/AlbaThyment\/marki\/","og_site_name":"Alba Thyment Sp. zo.o.","article_publisher":"https:\/\/www.facebook.com\/essenzabalsamica\/?fref=ts","article_modified_time":"2016-08-04T10:40:15+00:00","twitter_card":"summary_large_image","twitter_misc":{"Szacowany czas czytania":"4 minuty"},"schema":{"@context":"https:\/\/schema.org","@graph":[{"@type":"WebPage","@id":"https:\/\/www.albathyment.com.pl\/AlbaThyment\/marki\/","url":"https:\/\/www.albathyment.com.pl\/AlbaThyment\/marki\/","name":"Marki Alba Thyment - Balsamique, Argol i inne","isPartOf":{"@id":"https:\/\/www.albathyment.com.pl\/AlbaThyment\/#website"},"datePublished":"2015-08-18T09:26:08+00:00","dateModified":"2016-08-04T10:40:15+00:00","description":"Zobacz wszystkie marki firmy Alba Thyment - Argol, Balsamique, Kolorex, Immun\u2019Age","breadcrumb":{"@id":"https:\/\/www.albathyment.com.pl\/AlbaThyment\/marki\/#breadcrumb"},"inLanguage":"pl-PL","potentialAction":[{"@type":"ReadAction","target":["https:\/\/www.albathyment.com.pl\/AlbaThyment\/marki\/"]}]},{"@type":"BreadcrumbList","@id":"https:\/\/www.albathyment.com.pl\/AlbaThyment\/marki\/#breadcrumb","itemListElement":[{"@type":"ListItem","position":1,"name":"Home","item":"https:\/\/www.albathyment.com.pl\/AlbaThyment\/"},{"@type":"ListItem","position":2,"name":"Marki"}]},{"@type":"WebSite","@id":"https:\/\/www.albathyment.com.pl\/AlbaThyment\/#website","url":"https:\/\/www.albathyment.com.pl\/AlbaThyment\/","name":"Alba Thyment Sp. zo.o.","description":"manufactory of healthy cosmetics and natural pharmaceuticals","potentialAction":[{"@type":"SearchAction","target":{"@type":"EntryPoint","urlTemplate":"https:\/\/www.albathyment.com.pl\/AlbaThyment\/?s={search_term_string}"},"query-input":"required name=search_term_string"}],"inLanguage":"pl-PL"}]}},"_links":{"self":[{"href":"https:\/\/www.albathyment.com.pl\/AlbaThyment\/wp-json\/wp\/v2\/pages\/28"}],"collection":[{"href":"https:\/\/www.albathyment.com.pl\/AlbaThyment\/wp-json\/wp\/v2\/pages"}],"about":[{"href":"https:\/\/www.albathyment.com.pl\/AlbaThyment\/wp-json\/wp\/v2\/types\/page"}],"author":[{"embeddable":true,"href":"https:\/\/www.albathyment.com.pl\/AlbaThyment\/wp-json\/wp\/v2\/users\/1"}],"replies":[{"embeddable":true,"href":"https:\/\/www.albathyment.com.pl\/AlbaThyment\/wp-json\/wp\/v2\/comments?post=28"}],"version-history":[{"count":18,"href":"https:\/\/www.albathyment.com.pl\/AlbaThyment\/wp-json\/wp\/v2\/pages\/28\/revisions"}],"predecessor-version":[{"id":639,"href":"https:\/\/www.albathyment.com.pl\/AlbaThyment\/wp-json\/wp\/v2\/pages\/28\/revisions\/639"}],"wp:attachment":[{"href":"https:\/\/www.albathyment.com.pl\/AlbaThyment\/wp-json\/wp\/v2\/media?parent=28"}],"curies":[{"name":"wp","href":"https:\/\/api.w.org\/{rel}","templated":true}]}}