{"id":2717,"date":"2018-01-24T10:02:54","date_gmt":"2018-01-24T10:02:54","guid":{"rendered":"http:\/\/www.albathyment.com.pl\/AlbaThyment\/profile-3\/"},"modified":"2018-01-24T14:04:40","modified_gmt":"2018-01-24T14:04:40","slug":"profile","status":"publish","type":"page","link":"https:\/\/www.albathyment.com.pl\/AlbaThyment\/profile\/","title":{"rendered":"My Profile"},"content":{"rendered":"<a href=\"#\" class=\"userpro-close-popup\">Zamknij<\/a>\t\n<div class=\"userpro userpro-236 userpro-float\"  data-modal_profile_saved='Your profile has been saved!' data-template='login' data-max_width='480px' data-uploads_dir='https:\/\/www.albathyment.com.pl\/AlbaThyment\/wp-content\/uploads\/userpro\/' data-default_avatar_male='https:\/\/www.albathyment.com.pl\/AlbaThyment\/wp-content\/plugins\/userpro\/img\/default_avatar_male.jpg' data-default_avatar_female='https:\/\/www.albathyment.com.pl\/AlbaThyment\/wp-content\/plugins\/userpro\/img\/default_avatar_female.jpg' data-layout='float' data-margin_top='0' data-margin_bottom='30px' data-align='center' data-skin='pure' data-required_text='To pole jest obowi\u0105zkowe.' data-password_too_short='Your password is too short' data-passwords_do_not_match='Passwords do not match' data-password_not_strong='Has\u0142o jest za s\u0142abe.' data-keep_one_section_open='0' data-allow_sections='1' data-permalink='https:\/\/www.albathyment.com.pl\/AlbaThyment\/profile\/' data-field_icons='1' data-profile_thumb_size='80' data-register_heading='Zak\u0142adanie konta' data-register_side='Masz ju\u017c konto, a mo\u017ce nie pami\u0119tasz has\u0142a? Kliknij tutaj.' data-register_side_action='login' data-register_button_action='login' data-register_button_primary='Za\u0142&oacute;\u017c konto' data-register_button_secondary='Logowanie' data-register_group='default' data-register_redirect='0' data-type='0' data-force_redirect_uri='1' data-login_heading='Logowanie' data-login_side='Kliknij tu je\u015bli nie pami\u0119tasz swojego has\u0142a.' data-login_side_action='reset' data-login_resend='Resend verification email?' data-login_resend_action='resend' data-login_button_action='register' data-login_button_primary='Logowanie' data-login_button_secondary='Nie masz jeszcze konta? Za\u0142&oacute;\u017c je w 15 sekund!' data-login_group='default' data-login_redirect='0' data-rememberme='true' data-delete_heading='Skasuj profil' data-delete_side='Undo, back to profile' data-delete_side_action='view' data-delete_button_action='view' data-delete_button_primary='Potwierd\u017a usuni\u0119cie.' data-delete_button_secondary='Powr&oacute;t do profilu' data-delete_group='default' data-reset_heading='Utw&oacute;rz nowe has\u0142o' data-reset_side='Powr&oacute;t do logowania' data-reset_side_action='login' data-reset_button_action='change' data-reset_button_primary='Popro\u015b o sekretny kod' data-reset_button_secondary='Zmie\u0144 has\u0142o' data-reset_group='default' data-resend_heading='Resend email' data-resend_side='Powr&oacute;t do logowania' data-resend_side_action='login' data-resend_button_action='resend' data-resend_button_primary='Resend verification email' data-change_heading='Zmie\u0144 has\u0142o' data-change_side='Popro\u015b o nowy klucz' data-change_side_action='reset' data-change_button_action='reset' data-change_button_primary='Change my Password' data-change_button_secondary='Do not have a secret key?' data-change_group='default' data-list_heading='Latest Members' data-list_per_page='5' data-list_sortby='registered' data-list_order='desc' data-list_users='0' data-list_group='default' data-list_thumb='50' data-list_showthumb='1' data-list_showsocial='1' data-list_showbio='0' data-list_verified='0' data-list_relation='or' data-list_popup_view='0' data-online_heading='Who is online now' data-online_thumb='30' data-online_showthumb='1' data-online_showsocial='0' data-online_showbio='0' data-online_mini='1' data-online_mode='vertical' data-edit_button_primary='Zapisz zmiany' data-edit_group='default' data-view_group='default' data-social_target='_blank' data-social_group='default' data-card_width='250px' data-card_img_width='250' data-card_showbio='1' data-card_showsocial='1' data-usercanedit='1' data-link_target='_blank' data-error_heading='An error has occured' data-memberlist_table='0' data-memberlist_table_columns='user_id,picture,name,country,gender,role,email_user,message_user' data-show_on_mobile='picture,name,country,email_user,message_user' data-memberlist_v2='1' data-memberlist_v2_pic_size='86' data-memberlist_v2_fields='age,gender,country' data-memberlist_v2_bio='1' data-memberlist_v2_showbadges='1' data-memberlist_v2_showname='1' data-memberlist_v2_showsocial='1' data-memberlist_pic_size='120' data-memberlist_pic_topspace='15' data-memberlist_pic_sidespace='30' data-memberlist_pic_rounded='1' data-memberlist_width='100%' data-memberlist_paginate='1' data-memberlist_paginate_top='1' data-memberlist_paginate_bottom='1' data-memberlist_show_name='1' data-memberlist_popup_view='0' data-memberlist_withavatar='0' data-memberlist_verified='0' data-memberlist_filters='0' data-memberlist_default_search='1' data-memberlist_show_follow='0' data-per_page='12' data-sortby='registered' data-order='desc' data-relation='and' data-search='1' data-exclude='0' data-show_social='1' data-registration_closed_side='Existing member? login' data-registration_closed_side_action='login' data-facebook_redirect='profile' data-logout_redirect='0' data-post_paginate='1' data-postsbyuser_num='12' data-postsbyuser_types='post' data-postsbyuser_mode='grid' data-postsbyuser_thumb='50' data-postsbyuser_showthumb='1' data-postsbyuser_taxonomy='category' data-postsbyuser_category='0' data-following_per_page='4' data-following_paginate='1' data-followers_per_page='4' data-followers_paginate='1' data-publish_heading='Add a New Post' data-publish_button_primary='Publish' data-publish_button_draft='Save as Draft' data-following_heading='Obserwowani' data-followers_heading='Obserwuj\u0105cy' data-activity_heading='Ostatnie aktywno\u015bci' data-activity_all='0' data-activity_per_page='10' data-activity_side='refresh' data-activity_user='0' data-emd_filters='1' data-emd_thumb='200' data-emd_social='1' data-emd_bio='1' data-emd_fields='first_name,last_name,gender,country' data-emd_layout='masonry' data-emd_per_page='20' data-emd_col_width='22%' data-emd_col_margin='2%' data-emd_accountstatus='Search by account status' data-emd_photopreference='Photo Preference' data-emd_country='Search by Country,dropdown' data-emd_gender='Gender,radio' data-emd_paginate='1' data-emd_paginate_top='1' data-collage_per_page='20'>\n\n\n\t\n\t<div class=\"userpro-head\">\n\t\t<div class=\"userpro-left\">Logowanie<\/div>\n\t\t\n\t\t\t\t<div class=\"userpro-right\"><a href=\"#\" data-template=\"reset\">Kliknij tu je\u015bli nie pami\u0119tasz swojego has\u0142a.<\/a>\n\t<a href=\"#\" data-template=\"resend\">Resend verification email?<\/a><\/div>\n\n\t\t\t\t<div class=\"userpro-clear\"><\/div>\n\t<\/div>\n\t\n\t<div class=\"userpro-body\">\n\t\n\t\t\t\t\n\t\t<form action=\"\" method=\"post\" data-action=\"login\">\n\t\t\n\t\t\t\t\t\t\n\t\t\t<input type=\"hidden\" name=\"force_redirect_uri-236\" id=\"force_redirect_uri-236\" value=\"1\" \/>\n\t\t\t<input type=\"hidden\" name=\"redirect_uri-236\" id=\"redirect_uri-236\" value=\"\" \/>\n\t\t\t\n\t\t\t<input type=\"hidden\" id=\"_myuserpro_nonce\" name=\"_myuserpro_nonce\" value=\"6588b6b54b\" \/><input type=\"hidden\" name=\"_wp_http_referer\" value=\"\/AlbaThyment\/wp-json\/wp\/v2\/pages\/2717\" \/>\t\t<input type=\"hidden\" name=\"unique_id\" id=\"unique_id\" value=\"236\" \/>\n\t\t\t\t\n\t\t\t\t\t\t\t\n\t\t\t\t<div class='userpro-field  userpro-field-username_or_email ' data-key='username_or_email'><div class='userpro-label iconed'><label for='username_or_email-236'>Username or E-mail<\/label><div class='required'>*<\/div><span class=\"userpro-field-icon\"><i class=\"userpro-icon-user\"><\/i><\/span><\/div><div class='userpro-input'><input type='text' name='username_or_email-236' id='username_or_email-236' value=\"\" placeholder=''  data-ajaxcheck='' data-help='' data-label='Username or E-mail' data-placeholder='' data-_builtin='1' data-hidden='0' data-hideable='0' data-html='0' data-locked='0' data-private='0' data-required='1' data-type='text' data-woo='0' data-condition_fields='' data-condition_rule='' data-condition_value='' data-add_condition='' \/><div class='userpro-clear'><\/div><\/div><\/div><div class='userpro-clear'><\/div>\t\t\t\t\n\t\t\t\t\t\t\t\n\t\t\t\t<div class='userpro-field  userpro-field-user_pass ' data-key='user_pass'><div class='userpro-label iconed'><label for='user_pass-236'>Password<\/label><div class='required'>*<\/div><span class=\"userpro-field-icon\"><i class=\"userpro-icon-lock\"><\/i><\/span><\/div><div class='userpro-input'><input type='password' name='user_pass-236' id='user_pass-236' value='' placeholder='' autocomplete='off'  data-ajaxcheck='' data-help='Your password must be 8 characters long at least.' data-label='Password' data-placeholder='' data-_builtin='1' data-hidden='0' data-hideable='0' data-html='0' data-locked='0' data-private='0' data-required='1' data-type='password' data-woo='0' data-condition_fields='' data-condition_rule='' data-condition_value='' data-add_condition='' \/><div class='userpro-clear'><\/div><\/div><\/div><div class='userpro-clear'><\/div>\t\t\t\t\n\t\t\t\t\t\t\n\t\t\t\t\t\t\t\t\t\n\t\t\t\t\t\t\n\t\t\t<div class=\"userpro-column\">\n\t\t\t\t<div class=\"userpro-field userpro-field-compact\">\n\t\t\t\t\t<div class=\"userpro-input\">\n\t\t\t\t\t\n\t\t\t\t\t\t<div class='userpro-checkbox-wrap'>\n\t\t\t\t\t\t\t<label class='userpro-checkbox hide-field'>\n\t\t\t\t\t\t\t\t<span><\/span>\n\t\t\t\t\t\t\t\t<input type='checkbox' name='rememberme-236' id='rememberme-236' value=\"true\" \/>Pami\u0119taj mnie\t\t\t\t\t\t\t<\/label>\n\t\t\t\t\t\t<\/div>\n\t\t\t\t\t\t\n\t\t\t\t\t<\/div>\n\t\t\t\t<\/div>\n\t\t\t<\/div><div class=\"userpro-clear\"><\/div>\n\t\t\t\n\t\t\t\t\t\t\n\t\t\t\t\t\t<div class=\"userpro-field userpro-submit userpro-column\">\n\t\t\t\t\n\t\t\t\t<div class=\"userpro-social-connect\"><\/div><div class=\"userpro-clear\"><\/div>\t\t\t\t\n\t\t\t\t\t\t\t\t<input type=\"submit\" value=\"Logowanie\" class=\"userpro-button\" \/>\n\t\t\t\t\t\t\t\t\n\t\t\t\t\t\t\t\t<input type=\"button\" value=\"Nie masz jeszcze konta? Za\u0142\u00f3\u017c je w 15 sekund!\" class=\"userpro-button secondary\" data-template=\"register\" \/>\n\t\t\t\t\n\t\t\t\t<img src=\"https:\/\/www.albathyment.com.pl\/AlbaThyment\/wp-content\/plugins\/userpro\/skins\/pure\/img\/loading.gif\" alt=\"\" class=\"userpro-loading\" \/>\n\t\t\t\t<div class=\"userpro-clear\"><\/div>\n\t\t\t\t\n\t\t\t<\/div>\n\t\t\t\t\t\n\t\t<\/form>\n\t\n\t<\/div>\n\n<\/div>\n\n\n<style type=\"text\/css\">\n\ndiv.userpro-awsm-pic {\n\tmargin-left: -48px;\n\ttop: -48px;\n}\n\ndiv.userpro-awsm-pic img {\n\twidth: 86px;\n\theight: 86px;\n}\n\ndiv.userpro,\ndiv.emd-main,\ndiv.emd-filters,\ndiv.userpro-search-results,\ndiv.userpro-label label,\ndiv.userpro input,\ndiv.userpro textarea,\ndiv.userpro select,\ndiv.userpro-field textarea.userpro_editor,\ndiv.userpro-msg-overlay-content,\ndiv.userpro-msg-overlay-content input,\ndiv.userpro-msg-overlay-content textarea,\ndiv.userpro-notifier\n{\n\tfont-family: Open Sans;\n}\n\n\ndiv.userpro-236 {\n\tmax-width: 480px;\n\t\t\t\tmargin-left: auto;margin-right: auto;\n\t\t\t\tmargin-bottom: 30px;\n\t}\n\n\n\ndiv.userpro-236.userpro-nostyle {\n\tmax-width: 250px;\n}\n\ndiv.userpro-236.userpro-users {\n\tmax-width: 100% !important;\n}\n\ndiv.userpro-236 div.userpro-user {\n\tmargin-top: 15px;\n\tmargin-left: 30px;\n\tmargin-right: 30px;\n}\n\ndiv.userpro-236 div.userpro-user a.userpro-user-img {\n\twidth: 120px;\n\theight: 120px;\n}\ndiv.userpro-236 div.userpro-user a.userpro-user-img span {\n\ttop: -120px;\n\tline-height: 120px;\n}\n\ndiv.userpro-236 div.userpro-user div.userpro-user-link {\n\twidth: 120px;\n}\n\ndiv.userpro-236 div.userpro-user a.userpro-user-img,\ndiv.userpro-236 div.userpro-user a.userpro-user-img span {\n\tborder-radius: 999px !important;\n}\n\ndiv.userpro-236 div.userpro-list-item-i {\n\twidth: 50px;\n\theight: 50px;\n}\n\n\ndiv.userpro-236 div.userpro-online-item-i {\n\twidth: 30px;\n\theight: 30px;\n}\n\ndiv.userpro-236 div.userpro-online-item {\n\tborder-bottom: 0px !important;\n\tpadding: 10px 0 0 0;\n}\n\ndiv.userpro-236 div.userpro-online-item img.userpro-profile-badge,\ndiv.userpro-236 div.userpro-online-item img.userpro-profile-badge-right {\n\tmax-width: 14px !important;\n\tmax-height: 14px !important;\n}\n\ndiv.userpro-236 div.userpro-profile-img {\n\twidth: 80px;\n}\n\ndiv.emd-user {\n    width: 22%;\n    margin-left: 2% !important;\n}\n\ndiv.userpro-profile-img img,\ndiv.userpro-pic-profilepicture img,\ndiv.userpro-list-item-i,\ndiv.userpro-list-item-i img,\ndiv.userpro-online-item-i,\ndiv.userpro-online-item-i img,\ndiv.userpro-post.userpro-post-compact div.userpro-post-img img,\na.userpro-online-i-thumb img,\ndiv.userpro-awsm-pic img,\ndiv.userpro-awsm-pic,\ndiv.userpro-sc-img img\n{\n\tborder-radius: 3px !important;\n}\n\n\n\n<\/style>\n\n\n","protected":false},"excerpt":{"rendered":"","protected":false},"author":1,"featured_media":0,"parent":0,"menu_order":0,"comment_status":"closed","ping_status":"closed","template":"","meta":[],"yoast_head":"<!-- This site is optimized with the Yoast SEO plugin v20.7 - https:\/\/yoast.com\/wordpress\/plugins\/seo\/ -->\n<title>Alba Thyment Sp. zo.o. My Profile -<\/title>\n<meta name=\"description\" content=\"Twoje konto w sklepie internetowym Alba Thyment - sprawd\u017a swoje zam\u00f3wienia i p\u0142atno\u015bci\" \/>\n<meta name=\"robots\" content=\"index, follow, max-snippet:-1, max-image-preview:large, max-video-preview:-1\" \/>\n<link rel=\"canonical\" href=\"https:\/\/www.albathyment.com.pl\/AlbaThyment\/profile\/\" \/>\n<meta property=\"og:locale\" content=\"pl_PL\" \/>\n<meta property=\"og:type\" content=\"article\" \/>\n<meta property=\"og:title\" content=\"Alba Thyment Sp. zo.o. My Profile -\" \/>\n<meta property=\"og:description\" content=\"Twoje konto w sklepie internetowym Alba Thyment - sprawd\u017a swoje zam\u00f3wienia i p\u0142atno\u015bci\" \/>\n<meta property=\"og:url\" content=\"https:\/\/www.albathyment.com.pl\/AlbaThyment\/profile\/\" \/>\n<meta property=\"og:site_name\" content=\"Alba Thyment Sp. zo.o.\" \/>\n<meta property=\"article:publisher\" content=\"https:\/\/www.facebook.com\/essenzabalsamica\/?fref=ts\" \/>\n<meta property=\"article:modified_time\" content=\"2018-01-24T14:04:40+00:00\" \/>\n<meta name=\"twitter:card\" content=\"summary_large_image\" \/>\n<script type=\"application\/ld+json\" class=\"yoast-schema-graph\">{\"@context\":\"https:\/\/schema.org\",\"@graph\":[{\"@type\":\"WebPage\",\"@id\":\"https:\/\/www.albathyment.com.pl\/AlbaThyment\/profile\/\",\"url\":\"https:\/\/www.albathyment.com.pl\/AlbaThyment\/profile\/\",\"name\":\"Alba Thyment Sp. zo.o. My Profile -\",\"isPartOf\":{\"@id\":\"https:\/\/www.albathyment.com.pl\/AlbaThyment\/#website\"},\"datePublished\":\"2018-01-24T10:02:54+00:00\",\"dateModified\":\"2018-01-24T14:04:40+00:00\",\"description\":\"Twoje konto w sklepie internetowym Alba Thyment - sprawd\u017a swoje zam\u00f3wienia i p\u0142atno\u015bci\",\"breadcrumb\":{\"@id\":\"https:\/\/www.albathyment.com.pl\/AlbaThyment\/profile\/#breadcrumb\"},\"inLanguage\":\"pl-PL\",\"potentialAction\":[{\"@type\":\"ReadAction\",\"target\":[\"https:\/\/www.albathyment.com.pl\/AlbaThyment\/profile\/\"]}]},{\"@type\":\"BreadcrumbList\",\"@id\":\"https:\/\/www.albathyment.com.pl\/AlbaThyment\/profile\/#breadcrumb\",\"itemListElement\":[{\"@type\":\"ListItem\",\"position\":1,\"name\":\"Home\",\"item\":\"https:\/\/www.albathyment.com.pl\/AlbaThyment\/\"},{\"@type\":\"ListItem\",\"position\":2,\"name\":\"My Profile\"}]},{\"@type\":\"WebSite\",\"@id\":\"https:\/\/www.albathyment.com.pl\/AlbaThyment\/#website\",\"url\":\"https:\/\/www.albathyment.com.pl\/AlbaThyment\/\",\"name\":\"Alba Thyment Sp. zo.o.\",\"description\":\"manufactory of healthy cosmetics and natural pharmaceuticals\",\"potentialAction\":[{\"@type\":\"SearchAction\",\"target\":{\"@type\":\"EntryPoint\",\"urlTemplate\":\"https:\/\/www.albathyment.com.pl\/AlbaThyment\/?s={search_term_string}\"},\"query-input\":\"required name=search_term_string\"}],\"inLanguage\":\"pl-PL\"}]}<\/script>\n<!-- \/ Yoast SEO plugin. -->","yoast_head_json":{"title":"Alba Thyment Sp. zo.o. My Profile -","description":"Twoje konto w sklepie internetowym Alba Thyment - sprawd\u017a swoje zam\u00f3wienia i p\u0142atno\u015bci","robots":{"index":"index","follow":"follow","max-snippet":"max-snippet:-1","max-image-preview":"max-image-preview:large","max-video-preview":"max-video-preview:-1"},"canonical":"https:\/\/www.albathyment.com.pl\/AlbaThyment\/profile\/","og_locale":"pl_PL","og_type":"article","og_title":"Alba Thyment Sp. zo.o. My Profile -","og_description":"Twoje konto w sklepie internetowym Alba Thyment - sprawd\u017a swoje zam\u00f3wienia i p\u0142atno\u015bci","og_url":"https:\/\/www.albathyment.com.pl\/AlbaThyment\/profile\/","og_site_name":"Alba Thyment Sp. zo.o.","article_publisher":"https:\/\/www.facebook.com\/essenzabalsamica\/?fref=ts","article_modified_time":"2018-01-24T14:04:40+00:00","twitter_card":"summary_large_image","schema":{"@context":"https:\/\/schema.org","@graph":[{"@type":"WebPage","@id":"https:\/\/www.albathyment.com.pl\/AlbaThyment\/profile\/","url":"https:\/\/www.albathyment.com.pl\/AlbaThyment\/profile\/","name":"Alba Thyment Sp. zo.o. My Profile -","isPartOf":{"@id":"https:\/\/www.albathyment.com.pl\/AlbaThyment\/#website"},"datePublished":"2018-01-24T10:02:54+00:00","dateModified":"2018-01-24T14:04:40+00:00","description":"Twoje konto w sklepie internetowym Alba Thyment - sprawd\u017a swoje zam\u00f3wienia i p\u0142atno\u015bci","breadcrumb":{"@id":"https:\/\/www.albathyment.com.pl\/AlbaThyment\/profile\/#breadcrumb"},"inLanguage":"pl-PL","potentialAction":[{"@type":"ReadAction","target":["https:\/\/www.albathyment.com.pl\/AlbaThyment\/profile\/"]}]},{"@type":"BreadcrumbList","@id":"https:\/\/www.albathyment.com.pl\/AlbaThyment\/profile\/#breadcrumb","itemListElement":[{"@type":"ListItem","position":1,"name":"Home","item":"https:\/\/www.albathyment.com.pl\/AlbaThyment\/"},{"@type":"ListItem","position":2,"name":"My Profile"}]},{"@type":"WebSite","@id":"https:\/\/www.albathyment.com.pl\/AlbaThyment\/#website","url":"https:\/\/www.albathyment.com.pl\/AlbaThyment\/","name":"Alba Thyment Sp. zo.o.","description":"manufactory of healthy cosmetics and natural pharmaceuticals","potentialAction":[{"@type":"SearchAction","target":{"@type":"EntryPoint","urlTemplate":"https:\/\/www.albathyment.com.pl\/AlbaThyment\/?s={search_term_string}"},"query-input":"required name=search_term_string"}],"inLanguage":"pl-PL"}]}},"_links":{"self":[{"href":"https:\/\/www.albathyment.com.pl\/AlbaThyment\/wp-json\/wp\/v2\/pages\/2717"}],"collection":[{"href":"https:\/\/www.albathyment.com.pl\/AlbaThyment\/wp-json\/wp\/v2\/pages"}],"about":[{"href":"https:\/\/www.albathyment.com.pl\/AlbaThyment\/wp-json\/wp\/v2\/types\/page"}],"author":[{"embeddable":true,"href":"https:\/\/www.albathyment.com.pl\/AlbaThyment\/wp-json\/wp\/v2\/users\/1"}],"replies":[{"embeddable":true,"href":"https:\/\/www.albathyment.com.pl\/AlbaThyment\/wp-json\/wp\/v2\/comments?post=2717"}],"version-history":[{"count":2,"href":"https:\/\/www.albathyment.com.pl\/AlbaThyment\/wp-json\/wp\/v2\/pages\/2717\/revisions"}],"predecessor-version":[{"id":2728,"href":"https:\/\/www.albathyment.com.pl\/AlbaThyment\/wp-json\/wp\/v2\/pages\/2717\/revisions\/2728"}],"wp:attachment":[{"href":"https:\/\/www.albathyment.com.pl\/AlbaThyment\/wp-json\/wp\/v2\/media?parent=2717"}],"curies":[{"name":"wp","href":"https:\/\/api.w.org\/{rel}","templated":true}]}}